{"id":148569,"date":"2026-04-25T08:21:40","date_gmt":"2026-04-25T06:21:40","guid":{"rendered":"https:\/\/peach-pump.com\/products\/kek-3d-varrasos-leggings-es-sportmelltarto-szett\/"},"modified":"2026-05-06T19:08:07","modified_gmt":"2026-05-06T17:08:07","slug":"kek-3d-varrasos-leggings-es-sportmelltarto-szett","status":"publish","type":"product","link":"https:\/\/peach-pump.com\/hu\/products\/kek-3d-varrasos-leggings-es-sportmelltarto-szett\/","title":{"rendered":"K\u00e9k 3D varr\u00e1sos leggings \u00e9s sportmelltart\u00f3 szett"},"content":{"rendered":"<p class=\"p1\">Peach Peach Pump n\u0151i leggings \u00e9s sportmelltart\u00f3 szett<span class=\"s2\"> , amely t\u00f6k\u00e9letes v\u00e1laszt\u00e1s a st\u00edlusos sportos megjelen\u00e9shez minden \u00e9vszakban. A szett puha, rugalmas \u00e9s k\u00e9nyelmes nedvess\u00e9gelvezet\u0151 anyagb\u00f3l k\u00e9sz\u00fclt, amely k\u00f6nnyeds\u00e9get, k\u00e9nyelmet \u00e9s teljes mozg\u00e1sszabads\u00e1got biztos\u00edt.  <\/span>A sportmelltart\u00f3 push-up bet\u00e9tekkel rendelkezik, amelyek kiemelik a dekolt\u00e1zst \u00e9s form\u00e1s sziluettet k\u00f6lcs\u00f6n\u00f6znek, valamint \u00e1ll\u00edthat\u00f3 v\u00e1llp\u00e1ntokkal az egy\u00e9nre szabott illeszked\u00e9s\u00e9rt<span class=\"s2\"> az egy\u00e9nre szabott illeszked\u00e9s\u00e9rt. A leggings  <\/span>magas derek\u00fa, amely \u00f6sszefogja \u00e9s form\u00e1lja az alakot, feszes \u00e9s csinos sziluettet k\u00f6lcs\u00f6n\u00f6zve. A sportmelltart\u00f3n \u0438 a leggingsen tal\u00e1lhat\u00f3 mutat\u00f3s 3D varratok optikailag form\u00e1lj\u00e1k az idomokat, ny\u00fajtj\u00e1k az alakot, valamint karcs\u00fabb der\u00e9k \u00e9s homok\u00f3ra alak l\u00e1tszat\u00e1t keltik.<\/p>\n<p class=\"p1\"><span class=\"s2\">A szett t\u00f6bbf\u00e9le sz\u00ednben el\u00e9rhet\u0151, \u00e9s kiv\u00e1l\u00f3 v\u00e1laszt\u00e1s mind edz\u00e9shez, mind modern h\u00e9tk\u00f6znapi megjelen\u00e9shez.<\/span><\/p>\n<p class=\"p1\"><span class=\"s2\">A sportmellt\u00e1rt\u00f3r\u00f3l: <\/span><\/p>\n<ul class=\"ul1\">\n<li class=\"li1\"><span class=\"s2\">Puha, nedvess\u00e9gelvezet\u0151 anyag, amely sz\u00e1razon tartja a b\u0151rt <\/span><\/li>\n<li class=\"li1\"><span class=\"s2\">H\u0151pr\u00e9ssel r\u00f6gz\u00edtett Peach Pump log\u00f3 a sportmelltart\u00f3 el\u00fcls\u0151 r\u00e9sz\u00e9n <\/span><\/li>\n<li class=\"li1\"><span class=\"s2\">\u00c1ll\u00edthat\u00f3 v\u00e1llp\u00e1ntok<\/span><\/li>\n<li class=\"li1\"><span class=\"s2\">Push-up bet\u00e9tek <\/span><\/li>\n<li class=\"li1\"><span class=\"s2\">Szexi, modern diz\u00e1jn <\/span><\/li>\n<li class=\"li1\"><span class=\"s2\">3D varratok a form\u00e1s sziluett\u00e9rt <\/span><\/li>\n<\/ul>\n<p class=\"p1\"><span class=\"s2\">A leggingsr\u0151l: <\/span><\/p>\n<ul class=\"ul1\">\n<li class=\"li1\"><span class=\"s2\">Puha, nedvess\u00e9gelvezet\u0151 anyag, amely sz\u00e1razon tartja a b\u0151rt.<\/span><\/li>\n<li class=\"li1\"><span class=\"s2\">Magas\u00edtott der\u00e9k a feszes \u00e9s form\u00e1s sziluett\u00e9rt.<\/span><\/li>\n<li class=\"li1\"><span class=\"s2\">3D varratok, melyek optikailag ny\u00fajtj\u00e1k a homok\u00f3ra alakot<\/span><\/li>\n<li class=\"li1\"><span class=\"s2\">H\u0151pr\u00e9ssel r\u00f6gz\u00edtett Peach Pump log\u00f3 az el\u00fcls\u0151 r\u00e9szen<\/span><\/li>\n<li class=\"li1\"><span class=\"s2\">Rugalmas \u00e9s k\u00e9nyelmes szab\u00e1s<\/span><\/li>\n<li class=\"li1\"><span class=\"s2\">Szexi, modern diz\u00e1jn<\/span><\/li>\n<li class=\"li1\"><span class=\"s2\">Azonos sz\u00edn\u0171 sportmelltart\u00f3val kombin\u00e1lhat\u00f3<\/span><\/li>\n<\/ul>\n<p>A szett k\u00edm\u00e9l\u0151 mos\u00e1ssal, legfeljebb 30 fokon moshat\u00f3. K\u00e9rj\u00fck, ne haszn\u00e1ljon feh\u00e9r\u00edt\u0151t \u00e9s ker\u00fclje a vegytiszt\u00edt\u00e1st.<\/p>\n<p>A k\u00e9pen l\u00e1that\u00f3 modell 170 cm magas, 53 kg. \u00e9s S-es m\u00e9retet visel a leggingsb\u0151l \u00e9s a sportmelltart\u00f3b\u00f3l.<\/p>\n<p>A megfelel\u0151 m\u00e9ret pontos kiv\u00e1laszt\u00e1s\u00e1hoz, k\u00e9rj\u00fck, tekintse meg a m\u00e9rett\u00e1bl\u00e1zatunkat.<\/p>\n<p>Anyag\u00f6sszet\u00e9tel: 90% nejlon, 10% elaszt\u00e1n<\/p>\n","protected":false},"excerpt":{"rendered":"<p>Peach Peach Pump n\u0151i leggings \u00e9s sportmelltart\u00f3 szett , amely t\u00f6k\u00e9letes v\u00e1laszt\u00e1s a st\u00edlusos sportos megjelen\u00e9shez minden \u00e9vszakban. A szett puha, rugalmas \u00e9s k\u00e9nyelmes nedvess\u00e9gelvezet\u0151 anyagb\u00f3l k\u00e9sz\u00fclt, amely k\u00f6nnyeds\u00e9get, k\u00e9nyelmet \u00e9s teljes mozg\u00e1sszabads\u00e1got biztos\u00edt. A sportmelltart\u00f3 push-up bet\u00e9tekkel rendelkezik, amelyek kiemelik a dekolt\u00e1zst \u00e9s form\u00e1s sziluettet k\u00f6lcs\u00f6n\u00f6znek, valamint \u00e1ll\u00edthat\u00f3 v\u00e1llp\u00e1ntokkal az egy\u00e9nre szabott illeszked\u00e9s\u00e9rt az [&hellip;]<\/p>\n","protected":false},"featured_media":147467,"comment_status":"open","ping_status":"closed","template":"","meta":[],"product_brand":[],"product_cat":[357,359],"product_tag":[],"class_list":{"0":"post-148569","1":"product","2":"type-product","3":"status-publish","4":"has-post-thumbnail","6":"product_cat-noi-sportruhazat","7":"product_cat-szett-leggings-s-portmelltart","8":"pa_cviat-kek","9":"inventories-world","10":"inventories-pl","12":"first","13":"instock","14":"taxable","15":"shipping-taxable","16":"purchasable","17":"product-type-simple"},"_links":{"self":[{"href":"https:\/\/peach-pump.com\/en\/wp-json\/wp\/v2\/product\/148569","targetHints":{"allow":["GET"]}}],"collection":[{"href":"https:\/\/peach-pump.com\/en\/wp-json\/wp\/v2\/product"}],"about":[{"href":"https:\/\/peach-pump.com\/en\/wp-json\/wp\/v2\/types\/product"}],"replies":[{"embeddable":true,"href":"https:\/\/peach-pump.com\/en\/wp-json\/wp\/v2\/comments?post=148569"}],"version-history":[{"count":0,"href":"https:\/\/peach-pump.com\/en\/wp-json\/wp\/v2\/product\/148569\/revisions"}],"wp:featuredmedia":[{"embeddable":true,"href":"https:\/\/peach-pump.com\/en\/wp-json\/wp\/v2\/media\/147467"}],"wp:attachment":[{"href":"https:\/\/peach-pump.com\/en\/wp-json\/wp\/v2\/media?parent=148569"}],"wp:term":[{"taxonomy":"product_brand","embeddable":true,"href":"https:\/\/peach-pump.com\/en\/wp-json\/wp\/v2\/product_brand?post=148569"},{"taxonomy":"product_cat","embeddable":true,"href":"https:\/\/peach-pump.com\/en\/wp-json\/wp\/v2\/product_cat?post=148569"},{"taxonomy":"product_tag","embeddable":true,"href":"https:\/\/peach-pump.com\/en\/wp-json\/wp\/v2\/product_tag?post=148569"}],"curies":[{"name":"wp","href":"https:\/\/api.w.org\/{rel}","templated":true}]}}