{"id":148556,"date":"2026-04-25T08:27:19","date_gmt":"2026-04-25T06:27:19","guid":{"rendered":"https:\/\/peach-pump.com\/products\/sotetkek-zipzaras-noi-felso-peach-pump-felirattal\/"},"modified":"2026-05-06T19:07:53","modified_gmt":"2026-05-06T17:07:53","slug":"sotetkek-zipzaras-noi-felso-peach-pump-felirattal","status":"publish","type":"product","link":"https:\/\/peach-pump.com\/hu\/products\/sotetkek-zipzaras-noi-felso-peach-pump-felirattal\/","title":{"rendered":"S\u00f6t\u00e9tk\u00e9k zipz\u00e1ras fels\u0151 Peach Pump felirattal"},"content":{"rendered":"<p>S\u00f6t\u00e9tk\u00e9k, v\u00e9gig zipz\u00e1ras fels\u0151, amelyet hosszanti Peach Pump feliratok d\u00edsz\u00edtenek. A modell magas\u00edtott nyakkal, h\u00fcvelykujjkiv\u00e1g\u00e1ssal ell\u00e1t\u043e\u0442\u0442 ujjakkal, praktikus kenguru zsebbel, valamint a v\u00e1llon elhelyezett 3D h\u00edmzett Peach Pump log\u00f3val rendelkezik. Laza fazon\u00fa, a der\u00e9kr\u00e9szen pedig h\u00faz\u00f3zsin\u00f3rral \u00e1ll\u00edthat\u00f3 a b\u0151s\u00e9ge. A fels\u0151 l\u00e9legz\u0151, nedvess\u00e9gelvezet\u0151 anyagb\u00f3l k\u00e9sz\u00fclt, \u00edgy sz\u00e1razon tartja a b\u0151rt edz\u00e9s k\u00f6zben. Ide\u00e1lis v\u00e1laszt\u00e1s fut\u00e1shoz, er\u0151nl\u00e9ti \u00e9s anaerob edz\u00e9sekhez, vagy ak\u00e1r egy parki s\u00e9t\u00e1hoz is. Kombin\u00e1lja leggingsszel \u00e9s siltes sapk\u00e1val a t\u00f6k\u00e9letes Peach Pump outfit el\u00e9r\u00e9s\u00e9hez!    <\/p>\n<ul>\n<li>Magas\u00edtott nyak a zipz\u00e1r ment\u00e9n fut\u00f3 Peach Pump felirattal<\/li>\n<li>Laza szab\u00e1s<\/li>\n<li>\u00d6sszeh\u00fazhat\u00f3 gumis der\u00e9kr\u00e9sz<\/li>\n<li>Kenguru zseb<\/li>\n<li>H\u00fcvelykujj-b\u00fajtat\u00f3val ell\u00e1tott ujjak<\/li>\n<li>3D h\u00edmzett Peach Pump log\u00f3 a v\u00e1llr\u00e9szen<\/li>\n<li>Nedvess\u00e9gelvezet\u0151 anyag<\/li>\n<\/ul>\n<p>Anyag\u00f6sszet\u00e9tel: 74% pamut \/ 20% poli\u00e9szter \/ 6% elaszt\u00e1n<\/p>\n<p>A fels\u0151 legfeljebb 30 \u00b0C-on moshat\u00f3, k\u00e9rj\u00fck ne haszn\u00e1ljon feh\u00e9r\u00edt\u0151t vagy vegytiszt\u00edt\u00e1st.<\/p>\n<p>A k\u00e9pen l\u00e1that\u00f3 modell 170 magas, 49 kg s\u00faly\u00fa, \u00e9s S-es m\u00e9retet visel.<\/p>\n","protected":false},"excerpt":{"rendered":"<p>S\u00f6t\u00e9tk\u00e9k, v\u00e9gig zipz\u00e1ras fels\u0151, amelyet hosszanti Peach Pump feliratok d\u00edsz\u00edtenek. A modell magas\u00edtott nyakkal, h\u00fcvelykujjkiv\u00e1g\u00e1ssal ell\u00e1t\u043e\u0442\u0442 ujjakkal, praktikus kenguru zsebbel, valamint a v\u00e1llon elhelyezett 3D h\u00edmzett Peach Pump log\u00f3val rendelkezik. Laza fazon\u00fa, a der\u00e9kr\u00e9szen pedig h\u00faz\u00f3zsin\u00f3rral \u00e1ll\u00edthat\u00f3 a b\u0151s\u00e9ge. A fels\u0151 l\u00e9legz\u0151, nedvess\u00e9gelvezet\u0151 anyagb\u00f3l k\u00e9sz\u00fclt, \u00edgy sz\u00e1razon tartja a b\u0151rt edz\u00e9s k\u00f6zben. Ide\u00e1lis v\u00e1laszt\u00e1s fut\u00e1shoz, [&hellip;]<\/p>\n","protected":false},"featured_media":147296,"comment_status":"open","ping_status":"closed","template":"","meta":[],"product_brand":[],"product_cat":[1122,355],"product_tag":[],"class_list":{"0":"post-148556","1":"product","2":"type-product","3":"status-publish","4":"has-post-thumbnail","6":"product_cat-noi-kapucnis-puloverek-cipzaras","7":"product_cat-noi-polo-fitneszhez","8":"pa_cviat-sotetkek","9":"pa_razmer-m-hu","10":"pa_razmer-s-hu-2","11":"inventories-world","12":"inventories-pl","14":"first","15":"instock","16":"taxable","17":"shipping-taxable","18":"purchasable","19":"product-type-variable"},"_links":{"self":[{"href":"https:\/\/peach-pump.com\/hu\/wp-json\/wp\/v2\/product\/148556","targetHints":{"allow":["GET"]}}],"collection":[{"href":"https:\/\/peach-pump.com\/hu\/wp-json\/wp\/v2\/product"}],"about":[{"href":"https:\/\/peach-pump.com\/hu\/wp-json\/wp\/v2\/types\/product"}],"replies":[{"embeddable":true,"href":"https:\/\/peach-pump.com\/hu\/wp-json\/wp\/v2\/comments?post=148556"}],"version-history":[{"count":0,"href":"https:\/\/peach-pump.com\/hu\/wp-json\/wp\/v2\/product\/148556\/revisions"}],"wp:featuredmedia":[{"embeddable":true,"href":"https:\/\/peach-pump.com\/hu\/wp-json\/wp\/v2\/media\/147296"}],"wp:attachment":[{"href":"https:\/\/peach-pump.com\/hu\/wp-json\/wp\/v2\/media?parent=148556"}],"wp:term":[{"taxonomy":"product_brand","embeddable":true,"href":"https:\/\/peach-pump.com\/hu\/wp-json\/wp\/v2\/product_brand?post=148556"},{"taxonomy":"product_cat","embeddable":true,"href":"https:\/\/peach-pump.com\/hu\/wp-json\/wp\/v2\/product_cat?post=148556"},{"taxonomy":"product_tag","embeddable":true,"href":"https:\/\/peach-pump.com\/hu\/wp-json\/wp\/v2\/product_tag?post=148556"}],"curies":[{"name":"wp","href":"https:\/\/api.w.org\/{rel}","templated":true}]}}