{"id":138990,"date":"2025-12-07T20:15:00","date_gmt":"2025-12-07T18:15:00","guid":{"rendered":"https:\/\/peach-pump.com\/products\/rovid-rozsaszin-sportfelso-himzett-hatoldallal\/"},"modified":"2026-04-27T12:58:06","modified_gmt":"2026-04-27T10:58:06","slug":"rovid-rozsaszin-sportfelso-himzett-hatoldallal","status":"publish","type":"product","link":"https:\/\/peach-pump.com\/hu\/products\/rovid-rozsaszin-sportfelso-himzett-hatoldallal\/","title":{"rendered":"R\u00f6vid r\u00f3zsasz\u00edn sportfels\u0151, h\u00edmz\u00e9ssel a h\u00e1toldalon"},"content":{"rendered":"<p class=\"p1\"><span class=\"s1\">R\u00f6vid r\u00f3zsasz\u00edn sportfels\u0151, h\u00edmzett h\u00e1toldallal, kellemesen puha \u00e9s sima anyagb\u00f3l,<\/span><span class=\"s1\">amely k\u00e9nyelmet biztos\u00edt sportol\u00e1s vagy mindennapi viselet sor\u00e1n. A modell  <\/span><span class=\"s2\">dupla cipz\u00e1rral rendelkezik, az el\u00fcls\u0151 r\u00e9szen grav\u00edrozott Peach Pump log\u00f3val,<\/span><span class=\"s1\">amely k\u00fcl\u00f6nb\u00f6z\u0151 visel\u00e9si m\u00f3dokat tesz lehet\u0151v\u00e9 \u2013 teljesen z\u00e1rva, f\u00e9lig nyitva vagy a styling hangs\u00falyos elemek\u00e9nt. A fels\u0151  <\/span><span class=\"s2\">k\u00e9t oldals\u00f3 zsebbel rendelkezik, amelyek cipz\u00e1rral z\u00e1r\u00f3dnak, szint\u00e9n a m\u00e1rka grav\u00edrozott cipz\u00e1rjaival.<\/span><span class=\"s1\">. Az ujjak, a gall\u00e9r \u00e9s az als\u00f3 szeg\u00e9ly <\/span><span class=\"s2\">rugalmas, bord\u00e1zott mandzsett\u00e1kkal k\u00e9sz\u00fcltek,<\/span><span class=\"s1\">amelyek k\u00e9nyelmes illeszked\u00e9st biztos\u00edtanak \u00e9s kiemelik a sportos sziluettet. K\u00fcl\u00f6nleges hangs\u00falyt kap  <\/span><span class=\"s2\">a h\u00e1toldalon tal\u00e1lhat\u00f3 r\u00e9szletgazdag 2D \u00e9s 3D h\u00edmz\u00e9s.<\/span><span class=\"s1\">. Az el\u00fcls\u0151 r\u00e9szen egy tov\u00e1bbi kis f\u00e9m Peach Pump log\u00f3 tal\u00e1lhat\u00f3. <\/span><\/p>\n<p class=\"p1\"><span class=\"s1\">A fels\u0151 anyaga rendk\u00edv\u00fcl puha, gyeng\u00e9d a b\u0151rh\u00f6z \u00e9s id\u0151t\u00e1ll\u00f3 \u2013 nem gy\u0171r\u0151dik k\u00f6nnyen, \u00e9s gyakori visel\u00e9s eset\u00e9n is meg\u0151rzi form\u00e1j\u00e1t. A modern, r\u00f6vid szab\u00e1snak k\u00f6sz\u00f6nhet\u0151en a fels\u0151 sz\u00e9pen illeszkedik a testhez, kiemeli a sziluettet an\u00e9lk\u00fcl, hogy korl\u00e1tozn\u00e1 a mozg\u00e1st.  <\/span><span class=\"s1\">A vil\u00e1gos r\u00f3zsasz\u00edn sportfels\u0151 finoms\u00e1got \u00e9s n\u0151iess\u00e9get k\u00f6lcs\u00f6n\u00f6z a megjelen\u00e9snek, k\u00f6nnyen kombin\u00e1lhat\u00f3.<\/span> <span class=\"s1\">Ez egy olyan modell, amely \u00f6tv\u00f6zi a st\u00edlust, a k\u00e9nyelmet \u00e9s a magas min\u0151s\u00e9get \u2014 ide\u00e1lis v\u00e1laszt\u00e1s azoknak a n\u0151knek, akik valami k\u00fcl\u00f6nlegeset, modernet \u00e9s figyelemfelkelt\u0151t keresnek sportos ruhat\u00e1rukba. <\/span><\/p>\n<p class=\"p1\"><span class=\"s1\"> &#8211; Puha \u00e9s kellemes tapint\u00e1s\u00fa anyag<\/span><\/p>\n<p class=\"p3\"><span class=\"s1\"> &#8211; Dupla cipz\u00e1r az el\u00fcls\u0151 r\u00e9szen, grav\u00edrozott Peach Pump log\u00f3val<\/span><\/p>\n<p class=\"p3\"><span class=\"s1\"> &#8211; Oldals\u00f3 zsebek, amelyek cipz\u00e1rral z\u00e1r\u00f3dnak, szint\u00e9n grav\u00edrozott Peach Pump log\u00f3val <\/span><\/p>\n<p class=\"p3\"><span class=\"s1\"> &#8211; Bord\u00e1zott mandzsett\u00e1k az ujjakon, a gall\u00e9ron \u00e9s az als\u00f3 szeg\u00e9lyen<\/span><\/p>\n<p class=\"p3\"><span class=\"s1\"> &#8211; Min\u0151s\u00e9gi 2D \u00e9s 3D h\u00edmz\u00e9s a h\u00e1toldalon<\/span><\/p>\n<p class=\"p3\"><span class=\"s1\"> &#8211; R\u00f6vid, modern sziluett<\/span><\/p>\n<p class=\"p3\"><span class=\"s1\"> &#8211; Sportos \u00e9s mindennapi megjelen\u00e9sekhez egyar\u00e1nt megfelel\u0151<\/span><\/p>\n<p>Anyag\u00f6sszet\u00e9tel: 52% Modal \/ 43% Poli\u00e9szter \/ 5% Elaszt\u00e1n<\/p>\n<p>A fels\u0151 legfeljebb 30 fokon moshat\u00f3, k\u00e9rj\u00fck, ne haszn\u00e1ljon feh\u00e9r\u00edt\u0151t \u00e9s ne alkalmazzon vegytiszt\u00edt\u00e1st.<\/p>\n<p>A k\u00e9pen l\u00e1that\u00f3 modell 170 cm magas, 52 kg s\u00faly\u00fa, \u00e9s S-es m\u00e9retet visel.<\/p>\n","protected":false},"excerpt":{"rendered":"<p>R\u00f6vid r\u00f3zsasz\u00edn sportfels\u0151, h\u00edmzett h\u00e1toldallal, kellemesen puha \u00e9s sima anyagb\u00f3l,amely k\u00e9nyelmet biztos\u00edt sportol\u00e1s vagy mindennapi viselet sor\u00e1n. A modell dupla cipz\u00e1rral rendelkezik, az el\u00fcls\u0151 r\u00e9szen grav\u00edrozott Peach Pump log\u00f3val,amely k\u00fcl\u00f6nb\u00f6z\u0151 visel\u00e9si m\u00f3dokat tesz lehet\u0151v\u00e9 \u2013 teljesen z\u00e1rva, f\u00e9lig nyitva vagy a styling hangs\u00falyos elemek\u00e9nt. A fels\u0151 k\u00e9t oldals\u00f3 zsebbel rendelkezik, amelyek cipz\u00e1rral z\u00e1r\u00f3dnak, szint\u00e9n a [&hellip;]<\/p>\n","protected":false},"featured_media":138258,"comment_status":"open","ping_status":"closed","template":"","meta":[],"product_brand":[],"product_cat":[922,1122],"product_tag":[],"class_list":{"0":"post-138990","1":"product","2":"type-product","3":"status-publish","4":"has-post-thumbnail","6":"product_cat-dzsekik","7":"product_cat-noi-kapucnis-puloverek-cipzaras","8":"pa_cviat-rozsaszin","9":"pa_razmer-l-hu-2","10":"pa_razmer-m-hu","11":"pa_razmer-s-hu-2","12":"inventories-world","13":"inventories-pl","15":"first","16":"instock","17":"taxable","18":"shipping-taxable","19":"purchasable","20":"product-type-variable"},"_links":{"self":[{"href":"https:\/\/peach-pump.com\/en\/wp-json\/wp\/v2\/product\/138990","targetHints":{"allow":["GET"]}}],"collection":[{"href":"https:\/\/peach-pump.com\/en\/wp-json\/wp\/v2\/product"}],"about":[{"href":"https:\/\/peach-pump.com\/en\/wp-json\/wp\/v2\/types\/product"}],"replies":[{"embeddable":true,"href":"https:\/\/peach-pump.com\/en\/wp-json\/wp\/v2\/comments?post=138990"}],"version-history":[{"count":0,"href":"https:\/\/peach-pump.com\/en\/wp-json\/wp\/v2\/product\/138990\/revisions"}],"wp:featuredmedia":[{"embeddable":true,"href":"https:\/\/peach-pump.com\/en\/wp-json\/wp\/v2\/media\/138258"}],"wp:attachment":[{"href":"https:\/\/peach-pump.com\/en\/wp-json\/wp\/v2\/media?parent=138990"}],"wp:term":[{"taxonomy":"product_brand","embeddable":true,"href":"https:\/\/peach-pump.com\/en\/wp-json\/wp\/v2\/product_brand?post=138990"},{"taxonomy":"product_cat","embeddable":true,"href":"https:\/\/peach-pump.com\/en\/wp-json\/wp\/v2\/product_cat?post=138990"},{"taxonomy":"product_tag","embeddable":true,"href":"https:\/\/peach-pump.com\/en\/wp-json\/wp\/v2\/product_tag?post=138990"}],"curies":[{"name":"wp","href":"https:\/\/api.w.org\/{rel}","templated":true}]}}