{"id":136170,"date":"2025-11-22T22:32:26","date_gmt":"2025-11-22T20:32:26","guid":{"rendered":"https:\/\/peach-pump.com\/products\/sotetzold-varrasmentes-leggings-kozepmagas-derekresszel\/"},"modified":"2026-04-16T16:25:22","modified_gmt":"2026-04-16T14:25:22","slug":"sotetzold-varrasmentes-leggings-kozepmagas-derekresszel","status":"publish","type":"product","link":"https:\/\/peach-pump.com\/hu\/products\/sotetzold-varrasmentes-leggings-kozepmagas-derekresszel\/","title":{"rendered":"S\u00f6t\u00e9tz\u00f6ld, varr\u00e1smentes leggings k\u00f6z\u00e9pmagas der\u00e9kr\u00e9sszel"},"content":{"rendered":"<p>S\u00f6t\u00e9tz\u00f6ld, varr\u00e1smentes leggings, s\u0171r\u0171 sz\u00f6v\u00e9s\u0171, rugalmas \u00e9s tapint\u00e1sra puha anyagb\u00f3l. Ez a modell t\u00f6k\u00e9letesen form\u00e1lja a testet, k\u00f6z\u00e9pmagas der\u00e9kr\u00e9sszel rendelkezik, elfedi a probl\u00e9m\u00e1s ter\u00fcleteket, elvezeti a nedvess\u00e9get, \u00e9s barackform\u00e1j\u00fav\u00e1 emeli a feneket, egy gy\u00f6ny\u00f6r\u0171 \u00e9s kifinomult sziluett\u00e9rt.  Ezzel a modellel k\u00e9nyelmesen \u00e9s magabiztosan fogod \u00e9rezni magad \u00dagy lett kialak\u00edtva, hogy kiemelje a term\u00e9szetes vonalakat, \u00e9s eg\u00e9sz napos maxim\u00e1lis k\u00e9nyelmet biztos\u00edtson. A leggings \u00fagy simul a testre, mint egy m\u00e1sodik b\u0151r, form\u00e1lja a sziluettet an\u00e9lk\u00fcl, hogy szor\u00edtana vagy irrit\u00e1ln\u00e1 a b\u0151rt. T\u00f6bb, a szezonhoz ill\u0151 divatos sz\u00ednben kaphat\u00f3.  <\/p>\n<ul>\n<li>k\u00f6z\u00e9pmagas der\u00e9kr\u00e9sz<\/li>\n<li>Varr\u00e1smentes anyag<\/li>\n<li>Kiemeli, form\u00e1lja, elrejti a probl\u00e9m\u00e1s r\u00e9szeket<\/li>\n<li>Der\u00e9kra simul\u00f3 bord\u00e1s k\u00f6t\u00e9s\u0171 der\u00e9ksz\u00edj<\/li>\n<li>Peachy hat\u00e1s<\/li>\n<li>El\u00fcls\u0151 varr\u00e1s n\u00e9lk\u00fcli kialak\u00edt\u00e1s<\/li>\n<li>H\u0151pr\u00e9ssel r\u00f6gz\u00edtett Peach Pump log\u00f3 a leggings h\u00e1toldal\u00e1n<\/li>\n<li>Peach Pump log\u00f3 a combr\u00e9szen<\/li>\n<li>Kiemelked\u0151 izzads\u00e1gelvezet\u0151 tulajdons\u00e1gokkal rendelkez\u0151 anyag<\/li>\n<\/ul>\n<p>Anyag\u00f6sszet\u00e9tel: 80% poli\u00e9szter, 20% elaszt\u00e1n<\/p>\n<p>A leggings k\u00edm\u00e9l\u0151 mos\u00e1ssal, legfeljebb 30 fokon moshat\u00f3. K\u00e9rj\u00fck, a tiszt\u00edt\u00e1s sor\u00e1n ne haszn\u00e1ljon feh\u00e9r\u00edt\u0151t vagy vegyi tiszt\u00edt\u00f3szereket.<\/p>\n<p>A k\u00e9pen l\u00e1that\u00f3 modell 178 cm magas, 56 kg s\u00faly\u00fa, \u00e9s S-es m\u00e9retet visel.<\/p>\n<p>A megfelel\u0151 m\u00e9ret pontos kiv\u00e1laszt\u00e1s\u00e1hoz, k\u00e9rj\u00fck, tekintse meg a m\u00e9rett\u00e1bl\u00e1zatunkat.<\/p>\n","protected":false},"excerpt":{"rendered":"<p>S\u00f6t\u00e9tz\u00f6ld, varr\u00e1smentes leggings, s\u0171r\u0171 sz\u00f6v\u00e9s\u0171, rugalmas \u00e9s tapint\u00e1sra puha anyagb\u00f3l. Ez a modell t\u00f6k\u00e9letesen form\u00e1lja a testet, k\u00f6z\u00e9pmagas der\u00e9kr\u00e9sszel rendelkezik, elfedi a probl\u00e9m\u00e1s ter\u00fcleteket, elvezeti a nedvess\u00e9get, \u00e9s barackform\u00e1j\u00fav\u00e1 emeli a feneket, egy gy\u00f6ny\u00f6r\u0171 \u00e9s kifinomult sziluett\u00e9rt. Ezzel a modellel k\u00e9nyelmesen \u00e9s magabiztosan fogod \u00e9rezni magad \u00dagy lett kialak\u00edtva, hogy kiemelje a term\u00e9szetes vonalakat, \u00e9s [&hellip;]<\/p>\n","protected":false},"featured_media":135594,"comment_status":"open","ping_status":"closed","template":"","meta":[],"product_brand":[],"product_cat":[142,304],"product_tag":[],"class_list":{"0":"post-136170","1":"product","2":"type-product","3":"status-publish","4":"has-post-thumbnail","6":"product_cat-noi-sport-leggings-fitnesz","7":"product_cat-noi-leggings-hosszu","8":"pa_cviat-zold","9":"pa_razmer-l-hu-2","10":"pa_razmer-m-hu","11":"pa_razmer-s-hu-2","12":"inventories-world","13":"inventories-pl","15":"first","16":"instock","17":"taxable","18":"shipping-taxable","19":"purchasable","20":"product-type-variable"},"_links":{"self":[{"href":"https:\/\/peach-pump.com\/hu\/wp-json\/wp\/v2\/product\/136170","targetHints":{"allow":["GET"]}}],"collection":[{"href":"https:\/\/peach-pump.com\/hu\/wp-json\/wp\/v2\/product"}],"about":[{"href":"https:\/\/peach-pump.com\/hu\/wp-json\/wp\/v2\/types\/product"}],"replies":[{"embeddable":true,"href":"https:\/\/peach-pump.com\/hu\/wp-json\/wp\/v2\/comments?post=136170"}],"version-history":[{"count":0,"href":"https:\/\/peach-pump.com\/hu\/wp-json\/wp\/v2\/product\/136170\/revisions"}],"wp:featuredmedia":[{"embeddable":true,"href":"https:\/\/peach-pump.com\/hu\/wp-json\/wp\/v2\/media\/135594"}],"wp:attachment":[{"href":"https:\/\/peach-pump.com\/hu\/wp-json\/wp\/v2\/media?parent=136170"}],"wp:term":[{"taxonomy":"product_brand","embeddable":true,"href":"https:\/\/peach-pump.com\/hu\/wp-json\/wp\/v2\/product_brand?post=136170"},{"taxonomy":"product_cat","embeddable":true,"href":"https:\/\/peach-pump.com\/hu\/wp-json\/wp\/v2\/product_cat?post=136170"},{"taxonomy":"product_tag","embeddable":true,"href":"https:\/\/peach-pump.com\/hu\/wp-json\/wp\/v2\/product_tag?post=136170"}],"curies":[{"name":"wp","href":"https:\/\/api.w.org\/{rel}","templated":true}]}}