{"id":136138,"date":"2025-11-22T22:49:04","date_gmt":"2025-11-22T20:49:04","guid":{"rendered":"https:\/\/peach-pump.com\/products\/sotetkek-sportleggings-kozepes-derekresszel-es-puha-belso-felulettel\/"},"modified":"2026-04-24T20:30:06","modified_gmt":"2026-04-24T18:30:06","slug":"sotetkek-sportleggings-kozepes-derekresszel-es-puha-belso-felulettel","status":"publish","type":"product","link":"https:\/\/peach-pump.com\/hu\/products\/sotetkek-sportleggings-kozepes-derekresszel-es-puha-belso-felulettel\/","title":{"rendered":"S\u00f6t\u00e9tk\u00e9k sportleggings k\u00f6zepes der\u00e9kr\u00e9sszel \u00e9s puha bels\u0151 fel\u00fclettel"},"content":{"rendered":"<p>S\u00f6t\u00e9tk\u00e9k n\u0151i sportleggings k\u00f6zepes der\u00e9kr\u00e9sszel \u00e9s puha bels\u0151 fel\u00fclettel. \u00c9rezd a val\u00f3di k\u00e9nyelmet \u2013 a maxim\u00e1lis bels\u0151 puhas\u00e1got \u00e9s a t\u00f6k\u00e9letes k\u00fcls\u0151 illeszked\u00e9st biztos\u00edt\u00f3 kialak\u00edt\u00e1ssal. Rugalmas anyagb\u00f3l k\u00e9sz\u00fclt, nincs form\u00e1z\u00f3 hat\u00e1sa, k\u00f6zepes der\u00e9kr\u00e9sszel. A leggings finoman k\u00f6rbe\u00f6leli a testet \u00e9s kiemeli a term\u00e9szetes vonalakat an\u00e9lk\u00fcl, hogy szor\u00edtana. A bels\u0151 fel\u00fclete puha \u00e9s gyeng\u00e9d a b\u0151rh\u00f6z, \u00edgy ide\u00e1lis edz\u00e9shez, mindennapi viselethez vagy s\u00e9t\u00e1hoz h\u0171v\u00f6sebb id\u0151ben. Az anyag s\u0171r\u0171 sz\u00f6v\u00e9s\u0171 \u00e9s teljesen \u00e1tl\u00e1tszatlan. T\u00f6bb, a t\u00e9li szezonhoz ill\u0151 sz\u00ednben el\u00e9rhet\u0151, amelyek k\u00f6nnyen kombin\u00e1lhat\u00f3k.      <\/p>\n<ul>\n<li>K\u00f6zepes der\u00e9kmagass\u00e1g<\/li>\n<li>Rugalmas anyag (a k\u00e9peken l\u00e1that\u00f3 modell S m\u00e9retet visel, 178 cm magas \u00e9s a tests\u00falya 56 kg)<\/li>\n<li>Puha bels\u0151 fel\u00fclet<\/li>\n<li>Peach Pump log\u00f3 \u00e9s felirat<\/li>\n<li>S\u0171r\u0171 sz\u00f6v\u00e9s\u0171 anyag, teljesen \u00e1tl\u00e1tszatlan<\/li>\n<li>L\u00e9g\u00e1tereszt\u0151 anyag<\/li>\n<li>Alkalmas sportol\u00e1shoz, s\u00e9t\u00e1hoz \u00e9s mindennapi viselethez<\/li>\n<\/ul>\n<p>Anyag\u00f6sszet\u00e9tel: 80% poli\u00e9szter, 20% elaszt\u00e1n<\/p>\n<p>A leggings k\u00edm\u00e9l\u0151 mos\u00e1ssal, legfeljebb 30 fokon moshat\u00f3. K\u00e9rj\u00fck, a tiszt\u00edt\u00e1s sor\u00e1n ne haszn\u00e1ljon feh\u00e9r\u00edt\u0151t vagy vegyi tiszt\u00edt\u00f3szereket.<\/p>\n<p>A k\u00e9pen l\u00e1that\u00f3 modell 178 cm magas, 56 kg s\u00faly\u00fa, \u00e9s S-es m\u00e9retet visel.<\/p>\n<p>A megfelel\u0151 m\u00e9ret pontos kiv\u00e1laszt\u00e1s\u00e1hoz, k\u00e9rj\u00fck, tekintse meg a m\u00e9rett\u00e1bl\u00e1zatunkat.<\/p>\n","protected":false},"excerpt":{"rendered":"<p>S\u00f6t\u00e9tk\u00e9k n\u0151i sportleggings k\u00f6zepes der\u00e9kr\u00e9sszel \u00e9s puha bels\u0151 fel\u00fclettel. \u00c9rezd a val\u00f3di k\u00e9nyelmet \u2013 a maxim\u00e1lis bels\u0151 puhas\u00e1got \u00e9s a t\u00f6k\u00e9letes k\u00fcls\u0151 illeszked\u00e9st biztos\u00edt\u00f3 kialak\u00edt\u00e1ssal. Rugalmas anyagb\u00f3l k\u00e9sz\u00fclt, nincs form\u00e1z\u00f3 hat\u00e1sa, k\u00f6zepes der\u00e9kr\u00e9sszel. A leggings finoman k\u00f6rbe\u00f6leli a testet \u00e9s kiemeli a term\u00e9szetes vonalakat an\u00e9lk\u00fcl, hogy szor\u00edtana. A bels\u0151 fel\u00fclete puha \u00e9s gyeng\u00e9d a b\u0151rh\u00f6z, [&hellip;]<\/p>\n","protected":false},"featured_media":135698,"comment_status":"open","ping_status":"closed","template":"","meta":[],"product_brand":[],"product_cat":[142,304],"product_tag":[],"class_list":{"0":"post-136138","1":"product","2":"type-product","3":"status-publish","4":"has-post-thumbnail","6":"product_cat-noi-sport-leggings-fitnesz","7":"product_cat-noi-leggings-hosszu","8":"pa_cviat-sotetkek","9":"pa_razmer-l-hu-2","10":"pa_razmer-m-hu","11":"pa_razmer-s-hu-2","12":"inventories-world","13":"inventories-pl","15":"first","16":"instock","17":"taxable","18":"shipping-taxable","19":"purchasable","20":"product-type-variable"},"_links":{"self":[{"href":"https:\/\/peach-pump.com\/en\/wp-json\/wp\/v2\/product\/136138","targetHints":{"allow":["GET"]}}],"collection":[{"href":"https:\/\/peach-pump.com\/en\/wp-json\/wp\/v2\/product"}],"about":[{"href":"https:\/\/peach-pump.com\/en\/wp-json\/wp\/v2\/types\/product"}],"replies":[{"embeddable":true,"href":"https:\/\/peach-pump.com\/en\/wp-json\/wp\/v2\/comments?post=136138"}],"version-history":[{"count":0,"href":"https:\/\/peach-pump.com\/en\/wp-json\/wp\/v2\/product\/136138\/revisions"}],"wp:featuredmedia":[{"embeddable":true,"href":"https:\/\/peach-pump.com\/en\/wp-json\/wp\/v2\/media\/135698"}],"wp:attachment":[{"href":"https:\/\/peach-pump.com\/en\/wp-json\/wp\/v2\/media?parent=136138"}],"wp:term":[{"taxonomy":"product_brand","embeddable":true,"href":"https:\/\/peach-pump.com\/en\/wp-json\/wp\/v2\/product_brand?post=136138"},{"taxonomy":"product_cat","embeddable":true,"href":"https:\/\/peach-pump.com\/en\/wp-json\/wp\/v2\/product_cat?post=136138"},{"taxonomy":"product_tag","embeddable":true,"href":"https:\/\/peach-pump.com\/en\/wp-json\/wp\/v2\/product_tag?post=136138"}],"curies":[{"name":"wp","href":"https:\/\/api.w.org\/{rel}","templated":true}]}}