{"id":128615,"date":"2025-08-31T15:07:54","date_gmt":"2025-08-31T13:07:54","guid":{"rendered":"https:\/\/peach-pump.com\/products\/zold-roviditett-hosszu-felso-cropped-fit-cipzarral-es-kapucnival\/"},"modified":"2026-04-03T16:59:02","modified_gmt":"2026-04-03T14:59:02","slug":"zold-roviditett-hosszu-felso-cropped-fit-cipzarral-es-kapucnival","status":"publish","type":"product","link":"https:\/\/peach-pump.com\/hu\/products\/zold-roviditett-hosszu-felso-cropped-fit-cipzarral-es-kapucnival\/","title":{"rendered":"Z\u00f6ld r\u00f6vid\u00edtett hossz\u00fa fels\u0151 (cropped fit), cipz\u00e1rral \u00e9s kapucnival"},"content":{"rendered":"<p>R\u00f6vid\u00edtett Milk and Mint z\u00f6ld sport fels\u0151 cipz\u00e1rral \u00e9s kapucnival. Ez a modell r\u00f6vid\u00edtett szab\u00e1ssal (cropped fit) k\u00e9sz\u00fclt, kiemeli a der\u00e9kvonalat, kiv\u00e1gott r\u00e9szletekkel rendelkezik, \u00e9s rendk\u00edv\u00fcl n\u0151ies, st\u00edlusos megjelen\u00e9st biztos\u00edt. A fels\u0151 \u00e9rdekess\u00e9ge az oldals\u00f3 h\u00e1l\u00f3s anyag, amely sportos hat\u00e1st k\u00f6lcs\u00f6n\u00f6z, ugyanakkor szell\u0151z\u00e9st biztos\u00edt a b\u0151rnek. El\u00f6l grav\u00edrozott log\u00f3s cipz\u00e1r tal\u00e1lhat\u00f3, a sz\u00e9les kapucni pedig h\u00faz\u00f3zsin\u00f3rral k\u00e9sz\u00fclt, amelyen v\u00e9gig Peach Pump felirat l\u00e1that\u00f3, f\u00e9mv\u00e9gekkel. A Milk and Mint z\u00f6ld sz\u00edn univerz\u00e1lis, k\u00f6nnyed\u00e9n kombin\u00e1lhat\u00f3 s\u00f6t\u00e9tebb vagy vil\u00e1gosabb ruhadarabokkal.    <\/p>\n<p>A fels\u0151 puha, l\u00e9g\u00e1tereszt\u0151 anyagb\u00f3l k\u00e9sz\u00fclt, amely eg\u00e9sz napos k\u00e9nyelmet biztos\u00edt. Ide\u00e1lis sportedz\u00e9sekhez, s\u00e9t\u00e1khoz \u00e9s utaz\u00e1sokhoz, ugyanakkor a mindennapi v\u00e1rosi megjelen\u00e9shez is t\u00f6k\u00e9letes v\u00e1laszt\u00e1s. Ezzel a fels\u0151vel egyszerre t\u0171nhetsz frissnek, modernnek \u00e9s komfortosnak, r\u00e1ad\u00e1sul t\u00f6bb, szezon\u00e1lisan aktu\u00e1lis sz\u00edn\u00e1rnyalatban is el\u00e9rhet\u0151.  <\/p>\n<ul>\n<li>Modern diz\u00e1jn, a r\u00e9szletekre helyezett hangs\u00fallyal<\/li>\n<li>R\u00f6vid\u00edtett szab\u00e1s (cropped fit), amely kiemeli a der\u00e9kvonala<\/li>\n<li>Log\u00f3s cipz\u00e1r<\/li>\n<li>Nagy kapucni h\u00faz\u00f3zsin\u00f3rral, amelyen v\u00e9gig Peach Pump feliratok l\u00e1that\u00f3k<\/li>\n<li>H\u00e1l\u00f3s anyag a fels\u0151 oldal\u00e1n, amely lehet\u0151v\u00e9 teszi a b\u0151r szell\u0151z\u00e9s\u00e9t<\/li>\n<li>H\u00edmzett Peach Pump log\u00f3 a bal v\u00e1ll oldal\u00e1n<\/li>\n<li>Kiv\u00e1gott r\u00e9szletek a der\u00e9kr\u00e9szn\u00e9l<\/li>\n<\/ul>\n<p>Anyag\u00f6sszet\u00e9tel: 71% pamut \/ 29% poli\u00e9szter<\/p>\n<p>A kapucnis fels\u0151 legfeljebb 30 fokon moshat\u00f3, k\u00e9rj\u00fck, ne haszn\u00e1ljon feh\u00e9r\u00edt\u0151t vagy vegytiszt\u00edt\u00e1st.<\/p>\n<p>A k\u00e9pen l\u00e1that\u00f3 modell 179 cm magas, 57 kg s\u00faly\u00fa, \u00e9s S m\u00e9ret\u0171 fels\u0151t visel.<\/p>\n","protected":false},"excerpt":{"rendered":"<p>R\u00f6vid\u00edtett Milk and Mint z\u00f6ld sport fels\u0151 cipz\u00e1rral \u00e9s kapucnival. Ez a modell r\u00f6vid\u00edtett szab\u00e1ssal (cropped fit) k\u00e9sz\u00fclt, kiemeli a der\u00e9kvonalat, kiv\u00e1gott r\u00e9szletekkel rendelkezik, \u00e9s rendk\u00edv\u00fcl n\u0151ies, st\u00edlusos megjelen\u00e9st biztos\u00edt. A fels\u0151 \u00e9rdekess\u00e9ge az oldals\u00f3 h\u00e1l\u00f3s anyag, amely sportos hat\u00e1st k\u00f6lcs\u00f6n\u00f6z, ugyanakkor szell\u0151z\u00e9st biztos\u00edt a b\u0151rnek. El\u00f6l grav\u00edrozott log\u00f3s cipz\u00e1r tal\u00e1lhat\u00f3, a sz\u00e9les kapucni pedig [&hellip;]<\/p>\n","protected":false},"featured_media":127714,"comment_status":"open","ping_status":"closed","template":"","meta":[],"product_brand":[],"product_cat":[922,1122],"product_tag":[],"class_list":{"0":"post-128615","1":"product","2":"type-product","3":"status-publish","4":"has-post-thumbnail","6":"product_cat-dzsekik","7":"product_cat-noi-kapucnis-puloverek-cipzaras","8":"pa_cviat-zold","9":"pa_razmer-m-hu","10":"pa_razmer-s-hu-2","11":"inventories-world","12":"inventories-pl","14":"first","15":"instock","16":"taxable","17":"shipping-taxable","18":"purchasable","19":"product-type-variable"},"_links":{"self":[{"href":"https:\/\/peach-pump.com\/en\/wp-json\/wp\/v2\/product\/128615","targetHints":{"allow":["GET"]}}],"collection":[{"href":"https:\/\/peach-pump.com\/en\/wp-json\/wp\/v2\/product"}],"about":[{"href":"https:\/\/peach-pump.com\/en\/wp-json\/wp\/v2\/types\/product"}],"replies":[{"embeddable":true,"href":"https:\/\/peach-pump.com\/en\/wp-json\/wp\/v2\/comments?post=128615"}],"version-history":[{"count":0,"href":"https:\/\/peach-pump.com\/en\/wp-json\/wp\/v2\/product\/128615\/revisions"}],"wp:featuredmedia":[{"embeddable":true,"href":"https:\/\/peach-pump.com\/en\/wp-json\/wp\/v2\/media\/127714"}],"wp:attachment":[{"href":"https:\/\/peach-pump.com\/en\/wp-json\/wp\/v2\/media?parent=128615"}],"wp:term":[{"taxonomy":"product_brand","embeddable":true,"href":"https:\/\/peach-pump.com\/en\/wp-json\/wp\/v2\/product_brand?post=128615"},{"taxonomy":"product_cat","embeddable":true,"href":"https:\/\/peach-pump.com\/en\/wp-json\/wp\/v2\/product_cat?post=128615"},{"taxonomy":"product_tag","embeddable":true,"href":"https:\/\/peach-pump.com\/en\/wp-json\/wp\/v2\/product_tag?post=128615"}],"curies":[{"name":"wp","href":"https:\/\/api.w.org\/{rel}","templated":true}]}}