{"id":127079,"date":"2025-08-03T11:26:27","date_gmt":"2025-08-03T09:26:27","guid":{"rendered":"https:\/\/peach-pump.com\/products\/feher-sport-szett-sportszoknyaval-es-keresztpantos-sportmelltartoval\/"},"modified":"2026-02-26T11:35:26","modified_gmt":"2026-02-26T09:35:26","slug":"feher-sport-szett-sportszoknyaval-es-keresztpantos-sportmelltartoval","status":"publish","type":"product","link":"https:\/\/peach-pump.com\/hu\/products\/feher-sport-szett-sportszoknyaval-es-keresztpantos-sportmelltartoval\/","title":{"rendered":"Feh\u00e9r sport szett sportszokny\u00e1val \u00e9s keresztp\u00e1ntos sportmelltart\u00f3val"},"content":{"rendered":"<p>Feh\u00e9r tenisz sport szett slicces sportszokny\u00e1val \u00e9s als\u00f3 r\u00f6vid leggingssel, oldals\u00f3 zsebekkel, valamint keresztp\u00e1ntos sportmelltart\u00f3val. A szoknya sz\u00e9l\u00e9n diszkr\u00e9t feh\u00e9r szeg\u00e9ly fut v\u00e9gig, der\u00e9kr\u00e9sz\u00e9t rugalmas gum\u00edroz\u00e1s tartja \u00f6ssze. H\u00e1tul Peach Pump felirat, el\u00f6l bal oldalon h\u0151pr\u00e9selt log\u00f3 tal\u00e1lhat\u00f3. A modell der\u00e9kp\u00e1ntja a k\u00f6ld\u00f6k f\u00f6l\u00f6tt van, form\u00e1lja a sziluettet, a szoknya alatt tal\u00e1lhat\u00f3 als\u00f3 r\u00f6vid leggings pedig teljes mozg\u00e1sszabads\u00e1got biztos\u00edt, mik\u00f6zben kedvenc sportj\u00e1t \u0171zi. A leggings m\u00e9ly zsebeiben k\u00e9nyelmesen elf\u00e9r a telefon is.   <\/p>\n<p>A sportmelltart\u00f3 feh\u00e9r \u00e9s sz\u00fcrke keresztp\u00e1ntos kialak\u00edt\u00e1ssal k\u00e9sz\u00fclt. A fazon kiv\u00e1gott, kivehet\u0151 super push-up bet\u00e9tekkel, amelyek extra tart\u00e1st \u00e9s form\u00e1t biztos\u00edtanak. Az anyag rendk\u00edv\u00fcl puha \u00e9s rugalmas, nem tartja meg a nedvess\u00e9get, ez\u00e9rt ide\u00e1lis fut\u00e1shoz, fitneszhez, j\u00f3g\u00e1hoz, teniszhez vagy m\u00e1s sporttev\u00e9kenys\u00e9ghez. A modern, ny\u00e1ri design t\u00f6bb sz\u00ednben is el\u00e9rhet\u0151, \u00e9s k\u00f6nnyed\u00e9n kombin\u00e1lhat\u00f3 r\u00f6vid sportszokny\u00e1val vagy leggingsszel. Az elej\u00e9n feh\u00e9r h\u0151pr\u00e9selt log\u00f3 d\u00edsz\u00edti. A szett t\u00f6k\u00e9letes v\u00e1laszt\u00e1s parki s\u00e9t\u00e1hoz, fitneszhez, teniszhez vagy r\u00f6plabd\u00e1hoz.     <\/p>\n<p>A sportmellt\u00e1rt\u00f3r\u00f3l:<\/p>\n<ul>\n<li>K\u00fcl\u00f6nleges diz\u00e1jn<\/li>\n<li>Keresztp\u00e1ntos h\u00e1tkialak\u00edt\u00e1s<\/li>\n<li>Kivehet\u0151, szuper push-up bet\u00e9tek<\/li>\n<li>H\u0151pr\u00e9selt Peach Pump log\u00f3 a sportmelltart\u00f3 elej\u00e9n<\/li>\n<li>Nedvess\u00e9gelvezet\u0151 anyag<\/li>\n<\/ul>\n<p>A sportszokny\u00e1r\u00f3l:<\/p>\n<ul>\n<li>Magas\u00edtott der\u00e9k<\/li>\n<li>Diszkr\u00e9t slicc<\/li>\n<li>Als\u00f3 r\u00f6vid leggings oldalzsebekkel<\/li>\n<li>Peach Pump felirat a der\u00e9kgumi h\u00e1ts\u00f3 r\u00e9sz\u00e9n<\/li>\n<li>H\u0151pr\u00e9selt Peach Pump log\u00f3 a sportszoknya elej\u00e9n<\/li>\n<li>Nedvess\u00e9gelvezet\u0151 anyag<\/li>\n<\/ul>\n<p>Anyag\u00f6sszet\u00e9tel: 70% poli\u00e9szter, 30% elaszt\u00e1n<\/p>\n<p>A sportszoknya \u00e9s a sportmelltart\u00f3 30 fokig moshat\u00f3, k\u00e9rj\u00fck, ne haszn\u00e1ljon feh\u00e9r\u00edt\u0151t vagy vegytiszt\u00edt\u00e1st.<\/p>\n<p>A k\u00e9pen l\u00e1that\u00f3 modell 179 cm magas, 59 kg s\u00faly\u00fa, M-es m\u00e9ret\u0171 szokny\u00e1t \u00e9s M-es m\u00e9ret\u0171 melltart\u00f3t visel.<\/p>\n","protected":false},"excerpt":{"rendered":"<p>Feh\u00e9r tenisz sport szett slicces sportszokny\u00e1val \u00e9s als\u00f3 r\u00f6vid leggingssel, oldals\u00f3 zsebekkel, valamint keresztp\u00e1ntos sportmelltart\u00f3val. A szoknya sz\u00e9l\u00e9n diszkr\u00e9t feh\u00e9r szeg\u00e9ly fut v\u00e9gig, der\u00e9kr\u00e9sz\u00e9t rugalmas gum\u00edroz\u00e1s tartja \u00f6ssze. H\u00e1tul Peach Pump felirat, el\u00f6l bal oldalon h\u0151pr\u00e9selt log\u00f3 tal\u00e1lhat\u00f3. A modell der\u00e9kp\u00e1ntja a k\u00f6ld\u00f6k f\u00f6l\u00f6tt van, form\u00e1lja a sziluettet, a szoknya alatt tal\u00e1lhat\u00f3 als\u00f3 r\u00f6vid leggings [&hellip;]<\/p>\n","protected":false},"featured_media":126145,"comment_status":"open","ping_status":"closed","template":"","meta":[],"product_brand":[],"product_cat":[357,358],"product_tag":[],"class_list":{"0":"post-127079","1":"product","2":"type-product","3":"status-publish","4":"has-post-thumbnail","6":"product_cat-noi-sportruhazat","7":"product_cat-rovid-sportruhak-leggings-sportmelltarto","8":"pa_cviat-feher-hu","9":"inventories-world","11":"first","12":"instock","13":"taxable","14":"shipping-taxable","15":"purchasable","16":"product-type-yith_bundle"},"_links":{"self":[{"href":"https:\/\/peach-pump.com\/en\/wp-json\/wp\/v2\/product\/127079","targetHints":{"allow":["GET"]}}],"collection":[{"href":"https:\/\/peach-pump.com\/en\/wp-json\/wp\/v2\/product"}],"about":[{"href":"https:\/\/peach-pump.com\/en\/wp-json\/wp\/v2\/types\/product"}],"replies":[{"embeddable":true,"href":"https:\/\/peach-pump.com\/en\/wp-json\/wp\/v2\/comments?post=127079"}],"version-history":[{"count":1,"href":"https:\/\/peach-pump.com\/en\/wp-json\/wp\/v2\/product\/127079\/revisions"}],"predecessor-version":[{"id":133176,"href":"https:\/\/peach-pump.com\/en\/wp-json\/wp\/v2\/product\/127079\/revisions\/133176"}],"wp:featuredmedia":[{"embeddable":true,"href":"https:\/\/peach-pump.com\/en\/wp-json\/wp\/v2\/media\/126145"}],"wp:attachment":[{"href":"https:\/\/peach-pump.com\/en\/wp-json\/wp\/v2\/media?parent=127079"}],"wp:term":[{"taxonomy":"product_brand","embeddable":true,"href":"https:\/\/peach-pump.com\/en\/wp-json\/wp\/v2\/product_brand?post=127079"},{"taxonomy":"product_cat","embeddable":true,"href":"https:\/\/peach-pump.com\/en\/wp-json\/wp\/v2\/product_cat?post=127079"},{"taxonomy":"product_tag","embeddable":true,"href":"https:\/\/peach-pump.com\/en\/wp-json\/wp\/v2\/product_tag?post=127079"}],"curies":[{"name":"wp","href":"https:\/\/api.w.org\/{rel}","templated":true}]}}