{"id":126400,"date":"2025-07-29T12:08:29","date_gmt":"2025-07-29T10:08:29","guid":{"rendered":"https:\/\/peach-pump.com\/products\/bezs-szett-sportszoknyaval-es-sportmelltartoval\/"},"modified":"2026-03-19T19:55:35","modified_gmt":"2026-03-19T17:55:35","slug":"bezs-szett-sportszoknyaval-es-sportmelltartoval","status":"publish","type":"product","link":"https:\/\/peach-pump.com\/hu\/products\/bezs-szett-sportszoknyaval-es-sportmelltartoval\/","title":{"rendered":"B\u00e9zs szett sportszokny\u00e1val \u00e9s sportmelltart\u00f3val"},"content":{"rendered":"<p>Csinos b\u00e9zs sz\u00edn\u0171 szett, m\u00e9ly sliccel ell\u00e1tott sportszokny\u00e1val \u00e9s als\u00f3 r\u00f6vid leggingsszel oldalzsebekkel. A szoknya feh\u00e9r szeg\u00e9llyel \u00e9s feh\u00e9r der\u00e9kgumival k\u00e9sz\u00fclt, amely sz\u00e9pen kiemeli a derekat. A h\u00e1ts\u00f3 r\u00e9szen diszkr\u00e9t Peach Pump felirat tal\u00e1lhat\u00f3, az el\u00fcls\u0151 bal oldalon pedig h\u0151nyom\u00e1ssal k\u00e9sz\u00fclt log\u00f3. A fazon magas derek\u00fa, a k\u00f6ld\u00f6k f\u00f6l\u00e9 \u00e9r, a slicc pedig optikailag ny\u00fajtja a l\u00e1bakat. A szoknya alatti leggings teljes mozg\u00e1sszabads\u00e1got biztos\u00edt sportol\u00e1s k\u00f6zben. A leggings m\u00e9ly oldalzsebeiben k\u00e9nyelmesen elf\u00e9r a telefon is.<br \/>A sportmelltart\u00f3 feh\u00e9r gum\u00edroz\u00e1ssal k\u00e9sz\u00fclt a mell alatt, \u00e9s \u00e1ll\u00edthat\u00f3 v\u00e1llp\u00e1ntokkal rendelkezik. A modell kivehet\u0151, Super Push-Up modell\u0171 bet\u00e9tekkel van ell\u00e1tva. Az anyag rendk\u00edv\u00fcl puha \u00e9s rugalmas, nem tartja meg a test nedvess\u00e9g\u00e9t, \u00edgy ide\u00e1lis v\u00e1laszt\u00e1s fut\u00e1shoz, fitneszhez, j\u00f3g\u00e1hoz, teniszhez vagy b\u00e1rmilyen m\u00e1s sporttev\u00e9kenys\u00e9ghez. A melltart\u00f3 el\u00fcls\u0151 \u00e9s h\u00e1ts\u00f3 r\u00e9sz\u00e9n h\u0151nyom\u00e1ssal k\u00e9sz\u00fclt feh\u00e9r log\u00f3 tal\u00e1lhat\u00f3.<br \/>A szett t\u00f6k\u00e9letes v\u00e1laszt\u00e1s parkbeli s\u00e9t\u00e1hoz, edz\u00e9shez, teniszhez vagy r\u00f6plabd\u00e1hoz is.        <\/p>\n<p>A sportmellt\u00e1rt\u00f3r\u00f3l:<\/p>\n<ul>\n<li>K\u00fcl\u00f6nleges diz\u00e1jn<\/li>\n<li>\u00c1ll\u00edthat\u00f3 p\u00e1ntok<\/li>\n<li>Kivehet\u0151, szuper push-up bet\u00e9tek<\/li>\n<li>H\u0151pr\u00e9selt Peach Pump log\u00f3 a sportmelltart\u00f3 elej\u00e9n \u00e9s h\u00e1tulj\u00e1n<\/li>\n<li>Nedvess\u00e9gelvezet\u0151 anyag<\/li>\n<\/ul>\n<p>A sportszokny\u00e1r\u00f3l:<\/p>\n<ul>\n<li>Magas\u00edtott der\u00e9k<\/li>\n<li>M\u00e9ly slicc<\/li>\n<li>Als\u00f3 r\u00f6vid leggings oldalzsebekkel<\/li>\n<li>Diszkr\u00e9t Peach Pump felirat a der\u00e9kgum\u00edroz\u00e1s h\u00e1ts\u00f3 r\u00e9sz\u00e9n<\/li>\n<li>H\u0151pr\u00e9selt Peach Pump log\u00f3 a sportszoknya elej\u00e9n<\/li>\n<li>Nedvess\u00e9gelvezet\u0151 anyag<\/li>\n<\/ul>\n<p>Anyag\u00f6sszet\u00e9tel: 70% poli\u00e9szter, 30% elaszt\u00e1n<\/p>\n<p>A sportszoknya \u00e9s a sportmelltart\u00f3 30 fokig moshat\u00f3, k\u00e9rj\u00fck, ne haszn\u00e1ljon feh\u00e9r\u00edt\u0151t vagy vegytiszt\u00edt\u00e1st.<\/p>\n<p>A k\u00e9pen l\u00e1that\u00f3 modell 168 cm magas, 54 kg s\u00faly\u00fa, \u00e9s S-es m\u00e9ret\u0171 szokny\u00e1t S-es m\u00e9ret\u0171 sportmelltart\u00f3t visel.<\/p>\n","protected":false},"excerpt":{"rendered":"<p>Csinos b\u00e9zs sz\u00edn\u0171 szett, m\u00e9ly sliccel ell\u00e1tott sportszokny\u00e1val \u00e9s als\u00f3 r\u00f6vid leggingsszel oldalzsebekkel. A szoknya feh\u00e9r szeg\u00e9llyel \u00e9s feh\u00e9r der\u00e9kgumival k\u00e9sz\u00fclt, amely sz\u00e9pen kiemeli a derekat. A h\u00e1ts\u00f3 r\u00e9szen diszkr\u00e9t Peach Pump felirat tal\u00e1lhat\u00f3, az el\u00fcls\u0151 bal oldalon pedig h\u0151nyom\u00e1ssal k\u00e9sz\u00fclt log\u00f3. A fazon magas derek\u00fa, a k\u00f6ld\u00f6k f\u00f6l\u00e9 \u00e9r, a slicc pedig optikailag ny\u00fajtja [&hellip;]<\/p>\n","protected":false},"featured_media":125554,"comment_status":"open","ping_status":"closed","template":"","meta":[],"product_brand":[],"product_cat":[357,358],"product_tag":[],"class_list":{"0":"post-126400","1":"product","2":"type-product","3":"status-publish","4":"has-post-thumbnail","6":"product_cat-noi-sportruhazat","7":"product_cat-rovid-sportruhak-leggings-sportmelltarto","8":"pa_cviat-bezs","9":"inventories-world","11":"first","12":"instock","13":"taxable","14":"shipping-taxable","15":"purchasable","16":"product-type-yith_bundle"},"_links":{"self":[{"href":"https:\/\/peach-pump.com\/hu\/wp-json\/wp\/v2\/product\/126400","targetHints":{"allow":["GET"]}}],"collection":[{"href":"https:\/\/peach-pump.com\/hu\/wp-json\/wp\/v2\/product"}],"about":[{"href":"https:\/\/peach-pump.com\/hu\/wp-json\/wp\/v2\/types\/product"}],"replies":[{"embeddable":true,"href":"https:\/\/peach-pump.com\/hu\/wp-json\/wp\/v2\/comments?post=126400"}],"version-history":[{"count":1,"href":"https:\/\/peach-pump.com\/hu\/wp-json\/wp\/v2\/product\/126400\/revisions"}],"predecessor-version":[{"id":133121,"href":"https:\/\/peach-pump.com\/hu\/wp-json\/wp\/v2\/product\/126400\/revisions\/133121"}],"wp:featuredmedia":[{"embeddable":true,"href":"https:\/\/peach-pump.com\/hu\/wp-json\/wp\/v2\/media\/125554"}],"wp:attachment":[{"href":"https:\/\/peach-pump.com\/hu\/wp-json\/wp\/v2\/media?parent=126400"}],"wp:term":[{"taxonomy":"product_brand","embeddable":true,"href":"https:\/\/peach-pump.com\/hu\/wp-json\/wp\/v2\/product_brand?post=126400"},{"taxonomy":"product_cat","embeddable":true,"href":"https:\/\/peach-pump.com\/hu\/wp-json\/wp\/v2\/product_cat?post=126400"},{"taxonomy":"product_tag","embeddable":true,"href":"https:\/\/peach-pump.com\/hu\/wp-json\/wp\/v2\/product_tag?post=126400"}],"curies":[{"name":"wp","href":"https:\/\/api.w.org\/{rel}","templated":true}]}}