{"id":124032,"date":"2025-07-04T14:08:25","date_gmt":"2025-07-04T12:08:25","guid":{"rendered":"https:\/\/peach-pump.com\/products\/rozsaszin-sportmelltarto-v-nyakkivagassal-es-feher-szegellyel\/"},"modified":"2026-03-19T23:01:55","modified_gmt":"2026-03-19T21:01:55","slug":"rozsaszin-sportmelltarto-v-nyakkivagassal-es-feher-szegellyel","status":"publish","type":"product","link":"https:\/\/peach-pump.com\/hu\/products\/rozsaszin-sportmelltarto-v-nyakkivagassal-es-feher-szegellyel\/","title":{"rendered":"R\u00f3zsasz\u00edn sportmelltart\u00f3 V-nyakkiv\u00e1g\u00e1ssal \u00e9s feh\u00e9r szeg\u00e9llyel"},"content":{"rendered":"<p>R\u00f3zsasz\u00edn sportmelltart\u00f3 V-nyakkiv\u00e1g\u00e1ssal \u00e9s behajthat\u00f3 feh\u00e9r szeg\u00e9llyel. A modell super push-up bet\u00e9tekkel rendelkezik, amelyek elt\u00e1vol\u00edthat\u00f3k. A melltart\u00f3 anyaga rendk\u00edv\u00fcl puha \u00e9s rugalmas, nem tartja meg a nedvess\u00e9get a testen, \u00edgy alkalmas fut\u00e1shoz, fitneszhez, j\u00f3g\u00e1hoz, teniszhez vagy b\u00e1rmilyen m\u00e1s sporthoz. A mell alatt sz\u00e9les, rugalmas p\u00e1nt tal\u00e1lhat\u00f3, amely k\u00e9nyelmet \u00e9s mozg\u00e1sszabads\u00e1got biztos\u00edt. A modell diz\u00e1jnja rendk\u00edv\u00fcl trendi, t\u00f6bb sz\u00ednv\u00e1ltozatban is el\u00e9rhet\u0151, \u00e9s t\u00f6k\u00e9letesen kombin\u00e1lhat\u00f3 r\u00f6vid szokny\u00e1val vagy legginsszel. A sportmelltart\u00f3 elej\u00e9n \u00e9s h\u00e1tulj\u00e1n h\u0151pr\u00e9selt feh\u00e9r log\u00f3 tal\u00e1lhat\u00f3.     <\/p>\n<ul>\n<li>K\u00fcl\u00f6nleges diz\u00e1jn<\/li>\n<li>M\u00e9ly V-nyakkiv\u00e1g\u00e1s<\/li>\n<li>Kivehet\u0151 super push-up bet\u00e9tek<\/li>\n<li>Sz\u00e9les gumip\u00e1nt a mellr\u00e9sz alatt<\/li>\n<li>H\u0151pr\u00e9selt Peach Pump log\u00f3 a sportmelltart\u00f3 elej\u00e9n \u00e9s h\u00e1tulj\u00e1n<\/li>\n<li>Nedvess\u00e9gelvezet\u0151 anyag<\/li>\n<\/ul>\n<p>Anyag\u00f6sszet\u00e9tel: 80% poli\u00e9szter, 20% elaszt\u00e1n<\/p>\n<p>A sportmellt\u00e1rt\u00f3 k\u00edm\u00e9l\u0151 mos\u00e1ssal, legfeljebb 30 fokon moshat\u00f3. K\u00e9rj\u00fck, a tiszt\u00edt\u00e1s sor\u00e1n ne haszn\u00e1ljon feh\u00e9r\u00edt\u0151t vagy vegyi tiszt\u00edt\u00f3szereket.<\/p>\n<p>A k\u00e9pen l\u00e1that\u00f3 modell 179 m magas, 58 kg s\u00faly\u00fa, \u00e9s M-es m\u00e9retet visel.<\/p>\n<p>A megfelel\u0151 m\u00e9ret pontos kiv\u00e1laszt\u00e1s\u00e1hoz, k\u00e9rj\u00fck tekintse meg a m\u00e9rett\u00e1bl\u00e1zatunkat.<\/p>\n","protected":false},"excerpt":{"rendered":"<p>R\u00f3zsasz\u00edn sportmelltart\u00f3 V-nyakkiv\u00e1g\u00e1ssal \u00e9s behajthat\u00f3 feh\u00e9r szeg\u00e9llyel. A modell super push-up bet\u00e9tekkel rendelkezik, amelyek elt\u00e1vol\u00edthat\u00f3k. A melltart\u00f3 anyaga rendk\u00edv\u00fcl puha \u00e9s rugalmas, nem tartja meg a nedvess\u00e9get a testen, \u00edgy alkalmas fut\u00e1shoz, fitneszhez, j\u00f3g\u00e1hoz, teniszhez vagy b\u00e1rmilyen m\u00e1s sporthoz. A mell alatt sz\u00e9les, rugalmas p\u00e1nt tal\u00e1lhat\u00f3, amely k\u00e9nyelmet \u00e9s mozg\u00e1sszabads\u00e1got biztos\u00edt. A modell diz\u00e1jnja rendk\u00edv\u00fcl [&hellip;]<\/p>\n","protected":false},"featured_media":123165,"comment_status":"open","ping_status":"closed","template":"","meta":[],"product_brand":[],"product_cat":[356],"product_tag":[],"class_list":{"0":"post-124032","1":"product","2":"type-product","3":"status-publish","4":"has-post-thumbnail","6":"product_cat-sportmelltartok-fitneszhez","7":"pa_cviat-rozsaszin","8":"pa_razmer-l-hu-2","9":"pa_razmer-m-hu","10":"pa_razmer-s-hu-2","11":"inventories-world","12":"inventories-pl","14":"first","15":"instock","16":"taxable","17":"shipping-taxable","18":"purchasable","19":"product-type-variable"},"_links":{"self":[{"href":"https:\/\/peach-pump.com\/en\/wp-json\/wp\/v2\/product\/124032","targetHints":{"allow":["GET"]}}],"collection":[{"href":"https:\/\/peach-pump.com\/en\/wp-json\/wp\/v2\/product"}],"about":[{"href":"https:\/\/peach-pump.com\/en\/wp-json\/wp\/v2\/types\/product"}],"replies":[{"embeddable":true,"href":"https:\/\/peach-pump.com\/en\/wp-json\/wp\/v2\/comments?post=124032"}],"version-history":[{"count":0,"href":"https:\/\/peach-pump.com\/en\/wp-json\/wp\/v2\/product\/124032\/revisions"}],"wp:featuredmedia":[{"embeddable":true,"href":"https:\/\/peach-pump.com\/en\/wp-json\/wp\/v2\/media\/123165"}],"wp:attachment":[{"href":"https:\/\/peach-pump.com\/en\/wp-json\/wp\/v2\/media?parent=124032"}],"wp:term":[{"taxonomy":"product_brand","embeddable":true,"href":"https:\/\/peach-pump.com\/en\/wp-json\/wp\/v2\/product_brand?post=124032"},{"taxonomy":"product_cat","embeddable":true,"href":"https:\/\/peach-pump.com\/en\/wp-json\/wp\/v2\/product_cat?post=124032"},{"taxonomy":"product_tag","embeddable":true,"href":"https:\/\/peach-pump.com\/en\/wp-json\/wp\/v2\/product_tag?post=124032"}],"curies":[{"name":"wp","href":"https:\/\/api.w.org\/{rel}","templated":true}]}}