{"id":121981,"date":"2025-06-24T10:28:25","date_gmt":"2025-06-24T08:28:25","guid":{"rendered":"https:\/\/peach-pump.com\/products\/feher-peach-pump-sportzokni-fekete-csuszasgatloval\/"},"modified":"2026-04-04T19:05:24","modified_gmt":"2026-04-04T17:05:24","slug":"feher-peach-pump-sportzokni-fekete-csuszasgatloval","status":"publish","type":"product","link":"https:\/\/peach-pump.com\/hu\/products\/feher-peach-pump-sportzokni-fekete-csuszasgatloval\/","title":{"rendered":"Feh\u00e9r Peach Pump sportzokni fekete cs\u00fasz\u00e1sg\u00e1tl\u00f3val"},"content":{"rendered":"<p>Feh\u00e9r Peach Pump sportzokni fekete cs\u00fasz\u00e1sg\u00e1tl\u00f3val, meger\u0151s\u00edtett talpr\u00e9sszel, amely tart\u00f3ss\u00e1got \u00e9s p\u00e1rn\u00e1zotts\u00e1got biztos\u00edt mozg\u00e1s k\u00f6zben. A cs\u00fasz\u00e1sg\u00e1tl\u00f3 sz\u00edvecsk\u00e9k stabilit\u00e1st ny\u00fajtanak j\u00f3g\u00e1hoz, pilateszhez \u00e9s b\u00e1rmilyen sporttev\u00e9kenys\u00e9ghez, m\u00edg lapos fel\u00fclet\u00fck lehet\u0151v\u00e9 teszi, hogy a zoknik edz\u0151cip\u0151ben is k\u00e9nyelmesen viselhet\u0151k legyenek \u2013 szinte \u00e9szrev\u00e9tlen\u00fcl. Fekete, h\u00edmzett Peach Pump log\u00f3val ell\u00e1tva. A zokni pamutb\u00f3l k\u00e9sz\u00fclt, puha, \u00e9s hat\u00e9konyan vezeti el a nedvess\u00e9get   <\/p>\n<ul>\n<li>Puha anyag<\/li>\n<li>Cs\u00fasz\u00e1sg\u00e1tl\u00f3<\/li>\n<li>Kiv\u00e1l\u00f3 min\u0151s\u00e9g<\/li>\n<li>Rugalmass\u00e1g<\/li>\n<li>80% pamut<\/li>\n<li>H\u00edmzett Peach Pump log\u00f3<\/li>\n<li>Meger\u0151s\u00edtett talpr\u00e9sz a tart\u00f3ss\u00e1g \u00e9rdek\u00e9ben<\/li>\n<\/ul>\n<p>Anyag\u00f6sszet\u00e9tel: 80% pamut, 17% poli\u00e9szter, 3% elaszt\u00e1n<\/p>\n<p>40 \u00b0C-on moshat\u00f3, vegytiszt\u00edt\u00e1s n\u00e9lk\u00fcl, alacsony h\u0151fokon sz\u00e1r\u00edthat\u00f3.<\/p>\n<p>A zokni nem visszak\u00fcldhet\u0151 \u00e9s nem cser\u00e9lhet\u0151!<\/p>\n","protected":false},"excerpt":{"rendered":"<p>Feh\u00e9r Peach Pump sportzokni fekete cs\u00fasz\u00e1sg\u00e1tl\u00f3val, meger\u0151s\u00edtett talpr\u00e9sszel, amely tart\u00f3ss\u00e1got \u00e9s p\u00e1rn\u00e1zotts\u00e1got biztos\u00edt mozg\u00e1s k\u00f6zben. A cs\u00fasz\u00e1sg\u00e1tl\u00f3 sz\u00edvecsk\u00e9k stabilit\u00e1st ny\u00fajtanak j\u00f3g\u00e1hoz, pilateszhez \u00e9s b\u00e1rmilyen sporttev\u00e9kenys\u00e9ghez, m\u00edg lapos fel\u00fclet\u00fck lehet\u0151v\u00e9 teszi, hogy a zoknik edz\u0151cip\u0151ben is k\u00e9nyelmesen viselhet\u0151k legyenek \u2013 szinte \u00e9szrev\u00e9tlen\u00fcl. Fekete, h\u00edmzett Peach Pump log\u00f3val ell\u00e1tva. A zokni pamutb\u00f3l k\u00e9sz\u00fclt, puha, \u00e9s hat\u00e9konyan vezeti [&hellip;]<\/p>\n","protected":false},"featured_media":121307,"comment_status":"open","ping_status":"closed","template":"","meta":[],"product_brand":[],"product_cat":[926],"product_tag":[],"class_list":{"0":"post-121981","1":"product","2":"type-product","3":"status-publish","4":"has-post-thumbnail","6":"product_cat-noi-sport-kiegeszitok","7":"pa_cviat-feher-fekete","8":"pa_razmer-one-size-hu","9":"inventories-world","10":"inventories-pl","12":"first","13":"instock","14":"taxable","15":"shipping-taxable","16":"purchasable","17":"product-type-variable"},"_links":{"self":[{"href":"https:\/\/peach-pump.com\/en\/wp-json\/wp\/v2\/product\/121981","targetHints":{"allow":["GET"]}}],"collection":[{"href":"https:\/\/peach-pump.com\/en\/wp-json\/wp\/v2\/product"}],"about":[{"href":"https:\/\/peach-pump.com\/en\/wp-json\/wp\/v2\/types\/product"}],"replies":[{"embeddable":true,"href":"https:\/\/peach-pump.com\/en\/wp-json\/wp\/v2\/comments?post=121981"}],"version-history":[{"count":0,"href":"https:\/\/peach-pump.com\/en\/wp-json\/wp\/v2\/product\/121981\/revisions"}],"wp:featuredmedia":[{"embeddable":true,"href":"https:\/\/peach-pump.com\/en\/wp-json\/wp\/v2\/media\/121307"}],"wp:attachment":[{"href":"https:\/\/peach-pump.com\/en\/wp-json\/wp\/v2\/media?parent=121981"}],"wp:term":[{"taxonomy":"product_brand","embeddable":true,"href":"https:\/\/peach-pump.com\/en\/wp-json\/wp\/v2\/product_brand?post=121981"},{"taxonomy":"product_cat","embeddable":true,"href":"https:\/\/peach-pump.com\/en\/wp-json\/wp\/v2\/product_cat?post=121981"},{"taxonomy":"product_tag","embeddable":true,"href":"https:\/\/peach-pump.com\/en\/wp-json\/wp\/v2\/product_tag?post=121981"}],"curies":[{"name":"wp","href":"https:\/\/api.w.org\/{rel}","templated":true}]}}