{"id":121389,"date":"2025-06-16T19:55:15","date_gmt":"2025-06-16T17:55:15","guid":{"rendered":"https:\/\/peach-pump.com\/products\/fekete-sport-szett-rovid-ujju-felsovel\/"},"modified":"2025-11-01T15:56:35","modified_gmt":"2025-11-01T13:56:35","slug":"fekete-sport-szett-rovid-ujju-felsovel","status":"publish","type":"product","link":"https:\/\/peach-pump.com\/hu\/products\/fekete-sport-szett-rovid-ujju-felsovel\/","title":{"rendered":"Fekete sport szett r\u00f6vid ujj\u00fa fels\u0151vel"},"content":{"rendered":"<p>N\u0151i, fekete sport szett letisztult kialak\u00edt\u00e1s\u00fa leggingsekkel, alakform\u00e1l\u00f3 hat\u00e1s n\u00e9lk\u00fcl, r\u00f6vid ujj\u00fa fels\u0151vel. A fels\u0151 kivehet\u0151 szivacsbet\u00e9tekkel rendelkezik, r\u00f6vid ujj\u00fa, ide\u00e1lis fitneszhez, fut\u00e1shoz, aerobikhoz vagy egy kellemes s\u00e9t\u00e1hoz a parkban. Az als\u00f3 r\u00e9sz\u00e9n rejtett gum\u00edrozott r\u00e9sz tal\u00e1lhat\u00f3, az anyag pedig nedvess\u00e9gelvezet\u0151, \u00edgy mozg\u00e1s k\u00f6zben is sz\u00e1raz \u00e9rzetet biztos\u00edt.<br \/>A leggings el\u00f6l varr\u00e1s n\u00e9lk\u00fcli, amit sok n\u0151 el\u0151nyben r\u00e9szes\u00edt, h\u00e1tul viszont van varr\u00e1s. Rugalmas, ny\u00e1ri anyagb\u00f3l k\u00e9sz\u00fclt, amely form\u00e1lja az alakot, a sz\u00e9les der\u00e9kr\u00e9sz pedig kiemeli a derekat. A nadr\u00e1g elej\u00e9n \u00e9s h\u00e1tulj\u00e1n 3D log\u00f3 tal\u00e1lhat\u00f3. A lapos varr\u00e1sok nem irrit\u00e1lnak, \u00edgy a szett t\u00f6k\u00e9letes v\u00e1laszt\u00e1s er\u0151s\u00edt\u0151 vagy aerob edz\u00e9sekhez is. Az anyag nem tartja meg a nedvess\u00e9get, a szett pedig t\u00f6bb sz\u00ednv\u00e1ltozatban is el\u00e9rhet\u0151.       <\/p>\n<p>A fels\u0151r\u0151l:<\/p>\n<ul>\n<li>Kivehet\u0151 bet\u00e9tek<\/li>\n<li>Rejtett gumip\u00e1nt a fels\u0151 als\u00f3 r\u00e9sz\u00e9n<\/li>\n<li>T\u00f6k\u00e9letesen illeszkedik a testhez<\/li>\n<li>H\u0151pr\u00e9ssel r\u00f6gz\u00edtett Peach Pump log\u00f3 a v\u00e1llr\u00e9szen<\/li>\n<li>Nedvess\u00e9gelvezet\u0151 anyag<\/li>\n<\/ul>\n<p>A leggingsr\u0151l:<\/p>\n<ul>\n<li>Rugalmas, k\u00f6nny\u0171 ny\u00e1ri anyag<\/li>\n<li>Lapos varr\u00e1sok<\/li>\n<li>Varr\u00e1s n\u00e9lk\u00fcli el\u00fcls\u0151 r\u00e9sz<\/li>\n<li>Varr\u00e1s a leggings h\u00e1ts\u00f3 r\u00e9sz\u00e9n<\/li>\n<li>Sz\u00e9les der\u00e9kp\u00e1nt, amely kiemeli a derekat<\/li>\n<li>3D Peach Pump log\u00f3 a leggings elej\u00e9n \u00e9s h\u00e1tulj\u00e1n<\/li>\n<li>Nedvess\u00e9gelvezet\u0151 anyag<\/li>\n<\/ul>\n<p>Anyag\u00f6sszet\u00e9tel: elaszt\u00e1n \u00e9s poli\u00e9szter<\/p>\n<p>A szett k\u00edm\u00e9l\u0151 mos\u00e1ssal, legfeljebb 30 fokon moshat\u00f3. K\u00e9rj\u00fck, a tiszt\u00edt\u00e1s sor\u00e1n ne haszn\u00e1ljon feh\u00e9r\u00edt\u0151t vagy vegyi tiszt\u00edt\u00f3szereket.<\/p>\n<p>A k\u00e9pen l\u00e1that\u00f3 modell 178 cm magas, 57 kg s\u00faly\u00fa, \u00e9s M-es m\u00e9ret\u0171 fels\u0151t \u00e9s leggingsszet visel.<\/p>\n<p>A megfelel\u0151 m\u00e9ret pontos kiv\u00e1laszt\u00e1s\u00e1hoz, k\u00e9rj\u00fck, tekintse meg a m\u00e9rett\u00e1bl\u00e1zatunkat.<\/p>\n","protected":false},"excerpt":{"rendered":"<p>N\u0151i, fekete sport szett letisztult kialak\u00edt\u00e1s\u00fa leggingsekkel, alakform\u00e1l\u00f3 hat\u00e1s n\u00e9lk\u00fcl, r\u00f6vid ujj\u00fa fels\u0151vel. A fels\u0151 kivehet\u0151 szivacsbet\u00e9tekkel rendelkezik, r\u00f6vid ujj\u00fa, ide\u00e1lis fitneszhez, fut\u00e1shoz, aerobikhoz vagy egy kellemes s\u00e9t\u00e1hoz a parkban. Az als\u00f3 r\u00e9sz\u00e9n rejtett gum\u00edrozott r\u00e9sz tal\u00e1lhat\u00f3, az anyag pedig nedvess\u00e9gelvezet\u0151, \u00edgy mozg\u00e1s k\u00f6zben is sz\u00e1raz \u00e9rzetet biztos\u00edt.A leggings el\u00f6l varr\u00e1s n\u00e9lk\u00fcli, amit sok n\u0151 [&hellip;]<\/p>\n","protected":false},"featured_media":119120,"comment_status":"open","ping_status":"closed","template":"","meta":[],"product_brand":[],"product_cat":[357,359],"product_tag":[],"class_list":{"0":"post-121389","1":"product","2":"type-product","3":"status-publish","4":"has-post-thumbnail","6":"product_cat-noi-sportruhazat","7":"product_cat-szett-leggings-s-portmelltart","8":"pa_cviat-fekete","9":"inventories-world","11":"first","12":"instock","13":"taxable","14":"shipping-taxable","15":"purchasable","16":"product-type-yith_bundle"},"_links":{"self":[{"href":"https:\/\/peach-pump.com\/hu\/wp-json\/wp\/v2\/product\/121389","targetHints":{"allow":["GET"]}}],"collection":[{"href":"https:\/\/peach-pump.com\/hu\/wp-json\/wp\/v2\/product"}],"about":[{"href":"https:\/\/peach-pump.com\/hu\/wp-json\/wp\/v2\/types\/product"}],"replies":[{"embeddable":true,"href":"https:\/\/peach-pump.com\/hu\/wp-json\/wp\/v2\/comments?post=121389"}],"version-history":[{"count":1,"href":"https:\/\/peach-pump.com\/hu\/wp-json\/wp\/v2\/product\/121389\/revisions"}],"predecessor-version":[{"id":133573,"href":"https:\/\/peach-pump.com\/hu\/wp-json\/wp\/v2\/product\/121389\/revisions\/133573"}],"wp:featuredmedia":[{"embeddable":true,"href":"https:\/\/peach-pump.com\/hu\/wp-json\/wp\/v2\/media\/119120"}],"wp:attachment":[{"href":"https:\/\/peach-pump.com\/hu\/wp-json\/wp\/v2\/media?parent=121389"}],"wp:term":[{"taxonomy":"product_brand","embeddable":true,"href":"https:\/\/peach-pump.com\/hu\/wp-json\/wp\/v2\/product_brand?post=121389"},{"taxonomy":"product_cat","embeddable":true,"href":"https:\/\/peach-pump.com\/hu\/wp-json\/wp\/v2\/product_cat?post=121389"},{"taxonomy":"product_tag","embeddable":true,"href":"https:\/\/peach-pump.com\/hu\/wp-json\/wp\/v2\/product_tag?post=121389"}],"curies":[{"name":"wp","href":"https:\/\/api.w.org\/{rel}","templated":true}]}}