{"id":121088,"date":"2025-06-18T18:23:32","date_gmt":"2025-06-18T16:23:32","guid":{"rendered":"https:\/\/peach-pump.com\/products\/vilagoskek-sportleggings-trapez-szarakkal-es-v-alaku-derekkal\/"},"modified":"2026-04-04T11:22:07","modified_gmt":"2026-04-04T09:22:07","slug":"vilagoskek-sportleggings-trapez-szarakkal-es-v-alaku-derekkal","status":"publish","type":"product","link":"https:\/\/peach-pump.com\/hu\/products\/vilagoskek-sportleggings-trapez-szarakkal-es-v-alaku-derekkal\/","title":{"rendered":"Vil\u00e1gosk\u00e9k sportleggings trap\u00e9z sz\u00e1rakkal \u00e9s V-alak\u00fa der\u00e9kkal"},"content":{"rendered":"<p>Vil\u00e1gosk\u00e9k sportleggings trap\u00e9z sz\u00e1rakkal \u00e9s V-alak\u00fa der\u00e9kkal, form\u00e1l\u00f3 hat\u00e1s n\u00e9lk\u00fcl. A modell el\u00f6l varr\u00e1smentes, amit a legt\u00f6bb n\u0151 el\u0151nyben r\u00e9szes\u00edt, h\u00e1tul pedig meger\u0151s\u00edtett varr\u00e1ssal rendelkezik. Rugalmas anyagb\u00f3l k\u00e9sz\u00fclt, amely k\u00f6veti a test vonalait, a sz\u00e9les V-alak\u00fa der\u00e9kr\u00e9sz pedig kiemeli \u00e9s form\u00e1lja a derekat. A leggings bal elej\u00e9n \u00e9s h\u00e1tulj\u00e1n 3D log\u00f3 tal\u00e1lhat\u00f3. A lapos varr\u00e1sok nem okoznak irrit\u00e1ci\u00f3t. Ide\u00e1lis v\u00e1laszt\u00e1s er\u0151nl\u00e9ti vagy aerob edz\u00e9sekhez, nem tartja meg a nedvess\u00e9get. A trap\u00e9z sz\u00e1r\u00fa fazon a leg\u00fajabb trend a sportos viseletben.      <\/p>\n<ul>\n<li>Rugalmas anyag<\/li>\n<li>Trap\u00e9z sz\u00e1r<\/li>\n<li>Lapos varr\u00e1sok<\/li>\n<li>El\u00fcls\u0151 varr\u00e1s n\u00e9lk\u00fcli kialak\u00edt\u00e1s<\/li>\n<li>Meger\u0151s\u00edtett varr\u00e1s a leggings h\u00e1ts\u00f3 r\u00e9sz\u00e9n<\/li>\n<li>Sz\u00e9les V-alak\u00fa der\u00e9kr\u00e9sz, amely kiemeli \u00e9s form\u00e1lja a derekat<\/li>\n<li>3D \u201ePeach Pump\u201d log\u00f3 a leggings h\u00e1tulj\u00e1n \u00e9s bal elej\u00e9n<\/li>\n<li>Nedvess\u00e9gelvezet\u0151 anyag<\/li>\n<\/ul>\n<p>Anyag\u00f6sszet\u00e9tel: elaszt\u00e1n \u00e9s poli\u00e9szter<\/p>\n<p>A leggings k\u00edm\u00e9l\u0151 mos\u00e1ssal, legfeljebb 30 fokon moshat\u00f3. K\u00e9rj\u00fck, a tiszt\u00edt\u00e1s sor\u00e1n ne haszn\u00e1ljon feh\u00e9r\u00edt\u0151t vagy vegyi tiszt\u00edt\u00f3szereket.<\/p>\n<p>A k\u00e9pen l\u00e1that\u00f3 modell 166 cm magas, 52 kg s\u00faly\u00fa, \u00e9s S-es m\u00e9retet visel.<\/p>\n<p>A megfelel\u0151 m\u00e9ret pontos kiv\u00e1laszt\u00e1s\u00e1hoz, k\u00e9rj\u00fck tekintse meg a m\u00e9rett\u00e1bl\u00e1zatunkat.<\/p>\n","protected":false},"excerpt":{"rendered":"<p>Vil\u00e1gosk\u00e9k sportleggings trap\u00e9z sz\u00e1rakkal \u00e9s V-alak\u00fa der\u00e9kkal, form\u00e1l\u00f3 hat\u00e1s n\u00e9lk\u00fcl. A modell el\u00f6l varr\u00e1smentes, amit a legt\u00f6bb n\u0151 el\u0151nyben r\u00e9szes\u00edt, h\u00e1tul pedig meger\u0151s\u00edtett varr\u00e1ssal rendelkezik. Rugalmas anyagb\u00f3l k\u00e9sz\u00fclt, amely k\u00f6veti a test vonalait, a sz\u00e9les V-alak\u00fa der\u00e9kr\u00e9sz pedig kiemeli \u00e9s form\u00e1lja a derekat. A leggings bal elej\u00e9n \u00e9s h\u00e1tulj\u00e1n 3D log\u00f3 tal\u00e1lhat\u00f3. A lapos varr\u00e1sok [&hellip;]<\/p>\n","protected":false},"featured_media":119984,"comment_status":"open","ping_status":"closed","template":"","meta":[],"product_brand":[],"product_cat":[142,304],"product_tag":[],"class_list":{"0":"post-121088","1":"product","2":"type-product","3":"status-publish","4":"has-post-thumbnail","6":"product_cat-noi-sport-leggings-fitnesz","7":"product_cat-noi-leggings-hosszu","8":"pa_cviat-vilagoskek","9":"pa_razmer-l-hu-2","10":"pa_razmer-m-hu","11":"pa_razmer-s-hu-2","12":"inventories-world","14":"first","15":"instock","16":"taxable","17":"shipping-taxable","18":"purchasable","19":"product-type-variable"},"_links":{"self":[{"href":"https:\/\/peach-pump.com\/en\/wp-json\/wp\/v2\/product\/121088","targetHints":{"allow":["GET"]}}],"collection":[{"href":"https:\/\/peach-pump.com\/en\/wp-json\/wp\/v2\/product"}],"about":[{"href":"https:\/\/peach-pump.com\/en\/wp-json\/wp\/v2\/types\/product"}],"replies":[{"embeddable":true,"href":"https:\/\/peach-pump.com\/en\/wp-json\/wp\/v2\/comments?post=121088"}],"version-history":[{"count":0,"href":"https:\/\/peach-pump.com\/en\/wp-json\/wp\/v2\/product\/121088\/revisions"}],"wp:featuredmedia":[{"embeddable":true,"href":"https:\/\/peach-pump.com\/en\/wp-json\/wp\/v2\/media\/119984"}],"wp:attachment":[{"href":"https:\/\/peach-pump.com\/en\/wp-json\/wp\/v2\/media?parent=121088"}],"wp:term":[{"taxonomy":"product_brand","embeddable":true,"href":"https:\/\/peach-pump.com\/en\/wp-json\/wp\/v2\/product_brand?post=121088"},{"taxonomy":"product_cat","embeddable":true,"href":"https:\/\/peach-pump.com\/en\/wp-json\/wp\/v2\/product_cat?post=121088"},{"taxonomy":"product_tag","embeddable":true,"href":"https:\/\/peach-pump.com\/en\/wp-json\/wp\/v2\/product_tag?post=121088"}],"curies":[{"name":"wp","href":"https:\/\/api.w.org\/{rel}","templated":true}]}}