{"id":121058,"date":"2025-06-18T17:59:09","date_gmt":"2025-06-18T15:59:09","guid":{"rendered":"https:\/\/peach-pump.com\/products\/rozsaszin-pant-nelkuli-sportmelltarto-szivacsbetetekkel\/"},"modified":"2026-03-25T22:48:23","modified_gmt":"2026-03-25T20:48:23","slug":"rozsaszin-pant-nelkuli-sportmelltarto-szivacsbetetekkel","status":"publish","type":"product","link":"https:\/\/peach-pump.com\/hu\/products\/rozsaszin-pant-nelkuli-sportmelltarto-szivacsbetetekkel\/","title":{"rendered":"R\u00f3zsasz\u00edn, p\u00e1nt n\u00e9lk\u00fcli sportmelltart\u00f3 szivacsbet\u00e9tekkel"},"content":{"rendered":"<p>R\u00f3zsasz\u00edn, p\u00e1nt n\u00e9lk\u00fcli sportmelltart\u00f3 kivehet\u0151, push-up hat\u00e1s\u00fa szivacsbet\u00e9tekkel. T\u00f6k\u00e9letes v\u00e1laszt\u00e1s ny\u00e1rra \u2013 fut\u00e1s k\u00f6zben is barnulhatsz, an\u00e9lk\u00fcl hogy p\u00e1ntnyomok maradn\u00e1nak. Az als\u00f3 r\u00e9sz\u00e9n tal\u00e1lhat\u00f3 rugalmas szeg\u00e9ly biztos\u00edtja a stabil tart\u00e1st \u00e9s a teljes mozg\u00e1sszabads\u00e1got.T\u00f6k\u00e9letesen kombin\u00e1lhat\u00f3 r\u00f6vid vagy hossz\u00fa leggingsszel azonos sz\u00ednben, \u00edgy alkotva egy st\u00edlusos \u00e9s egys\u00e9ges ny\u00e1ri sportos megjelen\u00e9st.   <\/p>\n<ul>\n<li>Push-up hat\u00e1s\u00fa szivacsbet\u00e9tek<\/li>\n<li>Rugalmas szeg\u00e9ly az als\u00f3 r\u00e9szen<\/li>\n<li>H\u0151pr\u00e9ssel r\u00f6gz\u00edtett Peach Pump log\u00f3 a sportmelltart\u00f3 bal oldal\u00e1n<\/li>\n<li>Nedvess\u00e9gelvezet\u0151 anyag<\/li>\n<\/ul>\n<p>A sportmellt\u00e1rt\u00f3 k\u00edm\u00e9l\u0151 mos\u00e1ssal, legfeljebb 30 fokon moshat\u00f3. K\u00e9rj\u00fck, a tiszt\u00edt\u00e1s sor\u00e1n ne haszn\u00e1ljon feh\u00e9r\u00edt\u0151t vagy vegyi tiszt\u00edt\u00f3szereket.<\/p>\n<p>A k\u00e9pen l\u00e1that\u00f3 modell 167 cm magas, 52 kg s\u00faly\u00fa, \u00e9s M-es m\u00e9retet visel.<\/p>\n<p>A megfelel\u0151 m\u00e9ret pontos kiv\u00e1laszt\u00e1s\u00e1hoz, k\u00e9rj\u00fck, tekintse meg a m\u00e9rett\u00e1bl\u00e1zatunkat.<\/p>\n","protected":false},"excerpt":{"rendered":"<p>R\u00f3zsasz\u00edn, p\u00e1nt n\u00e9lk\u00fcli sportmelltart\u00f3 kivehet\u0151, push-up hat\u00e1s\u00fa szivacsbet\u00e9tekkel. T\u00f6k\u00e9letes v\u00e1laszt\u00e1s ny\u00e1rra \u2013 fut\u00e1s k\u00f6zben is barnulhatsz, an\u00e9lk\u00fcl hogy p\u00e1ntnyomok maradn\u00e1nak. Az als\u00f3 r\u00e9sz\u00e9n tal\u00e1lhat\u00f3 rugalmas szeg\u00e9ly biztos\u00edtja a stabil tart\u00e1st \u00e9s a teljes mozg\u00e1sszabads\u00e1got.T\u00f6k\u00e9letesen kombin\u00e1lhat\u00f3 r\u00f6vid vagy hossz\u00fa leggingsszel azonos sz\u00ednben, \u00edgy alkotva egy st\u00edlusos \u00e9s egys\u00e9ges ny\u00e1ri sportos megjelen\u00e9st. Push-up hat\u00e1s\u00fa szivacsbet\u00e9tek Rugalmas szeg\u00e9ly [&hellip;]<\/p>\n","protected":false},"featured_media":119841,"comment_status":"open","ping_status":"closed","template":"","meta":[],"product_brand":[],"product_cat":[356],"product_tag":[],"class_list":{"0":"post-121058","1":"product","2":"type-product","3":"status-publish","4":"has-post-thumbnail","6":"product_cat-sportmelltartok-fitneszhez","7":"pa_cviat-rozsaszin","8":"pa_razmer-l-hu-2","9":"pa_razmer-m-hu","10":"pa_razmer-s-hu-2","11":"inventories-world","13":"first","14":"instock","15":"sale","16":"taxable","17":"shipping-taxable","18":"purchasable","19":"product-type-variable"},"_links":{"self":[{"href":"https:\/\/peach-pump.com\/en\/wp-json\/wp\/v2\/product\/121058","targetHints":{"allow":["GET"]}}],"collection":[{"href":"https:\/\/peach-pump.com\/en\/wp-json\/wp\/v2\/product"}],"about":[{"href":"https:\/\/peach-pump.com\/en\/wp-json\/wp\/v2\/types\/product"}],"replies":[{"embeddable":true,"href":"https:\/\/peach-pump.com\/en\/wp-json\/wp\/v2\/comments?post=121058"}],"version-history":[{"count":0,"href":"https:\/\/peach-pump.com\/en\/wp-json\/wp\/v2\/product\/121058\/revisions"}],"wp:featuredmedia":[{"embeddable":true,"href":"https:\/\/peach-pump.com\/en\/wp-json\/wp\/v2\/media\/119841"}],"wp:attachment":[{"href":"https:\/\/peach-pump.com\/en\/wp-json\/wp\/v2\/media?parent=121058"}],"wp:term":[{"taxonomy":"product_brand","embeddable":true,"href":"https:\/\/peach-pump.com\/en\/wp-json\/wp\/v2\/product_brand?post=121058"},{"taxonomy":"product_cat","embeddable":true,"href":"https:\/\/peach-pump.com\/en\/wp-json\/wp\/v2\/product_cat?post=121058"},{"taxonomy":"product_tag","embeddable":true,"href":"https:\/\/peach-pump.com\/en\/wp-json\/wp\/v2\/product_tag?post=121058"}],"curies":[{"name":"wp","href":"https:\/\/api.w.org\/{rel}","templated":true}]}}