{"id":120384,"date":"2025-06-18T18:43:58","date_gmt":"2025-06-18T16:43:58","guid":{"rendered":"https:\/\/peach-pump.com\/products\/szexi-fekete-sportmelltarto-mely-v-kivagassal\/"},"modified":"2026-03-29T09:51:48","modified_gmt":"2026-03-29T07:51:48","slug":"szexi-fekete-sportmelltarto-mely-v-kivagassal","status":"publish","type":"product","link":"https:\/\/peach-pump.com\/hu\/products\/szexi-fekete-sportmelltarto-mely-v-kivagassal\/","title":{"rendered":"Szexi, fekete sportmelltart\u00f3 m\u00e9ly V-kiv\u00e1g\u00e1ssal"},"content":{"rendered":"<p>Fekete sportmelltart\u00f3 m\u00e9ly V-kiv\u00e1g\u00e1ssal \u00e9s kivehet\u0151 szivacsbet\u00e9tekkel. A modell puha, rugalmas \u00e9s l\u00e9g\u00e1tereszt\u0151 anyagb\u00f3l k\u00e9sz\u00fclt, amely elvezeti a nedvess\u00e9get a testt\u0151l. A sportmelltart\u00f3 szexi V-kiv\u00e1g\u00e1s\u00fa kialak\u00edt\u00e1s\u00e1val t\u00f6k\u00e9letes v\u00e1laszt\u00e1s a forr\u00f3 ny\u00e1ri napokra. Ruh\u00e1k alatt is viselhet\u0151, \u00e9szrev\u00e9tlen marad, mik\u00f6zben \u00d6n k\u00e9nyelmet \u00e9s mozg\u00e1sszabads\u00e1got \u00e9lvez. Fekete sz\u00ednben is kaphat\u00f3. <\/p>\n<ul>\n<li> Kivehet\u0151 szivacsbet\u00e9tek<\/li>\n<li> Push-Up hat\u00e1s<\/li>\n<li> Nagy rugalmass\u00e1g<\/li>\n<li> H\u0151pr\u00e9ssel r\u00f6gz\u00edtett Peach Pump log\u00f3 a sportmellt\u00e1rt\u00f3 oldals\u00f3 r\u00e9szen<\/li>\n<li> Nedvess\u00e9gelvezet\u0151 technol\u00f3gia a testt\u0151l<\/li>\n<\/ul>\n<p>Anyag\u00f6sszet\u00e9tel: 80% poli\u00e9szter, 20% elaszt\u00e1n<\/p>\n<p>Az ujjatlan fels\u0151 k\u00edm\u00e9l\u0151 mos\u00e1ssal, legfeljebb 30 fokon moshat\u00f3. K\u00e9rj\u00fck, a tiszt\u00edt\u00e1s sor\u00e1n ne haszn\u00e1ljon feh\u00e9r\u00edt\u0151t vagy vegyi tiszt\u00edt\u00f3szereket.<\/p>\n<p>A k\u00e9pen l\u00e1that\u00f3 modell 166 cm magas, 52 kg s\u00faly\u00fa, \u00e9s S-es m\u00e9retet visel.<\/p>\n<p>A megfelel\u0151 m\u00e9ret pontos kiv\u00e1laszt\u00e1s\u00e1hoz, k\u00e9rj\u00fck tekintse meg a m\u00e9rett\u00e1bl\u00e1zatunkat.<\/p>\n","protected":false},"excerpt":{"rendered":"<p>Fekete sportmelltart\u00f3 m\u00e9ly V-kiv\u00e1g\u00e1ssal \u00e9s kivehet\u0151 szivacsbet\u00e9tekkel. A modell puha, rugalmas \u00e9s l\u00e9g\u00e1tereszt\u0151 anyagb\u00f3l k\u00e9sz\u00fclt, amely elvezeti a nedvess\u00e9get a testt\u0151l. A sportmelltart\u00f3 szexi V-kiv\u00e1g\u00e1s\u00fa kialak\u00edt\u00e1s\u00e1val t\u00f6k\u00e9letes v\u00e1laszt\u00e1s a forr\u00f3 ny\u00e1ri napokra. Ruh\u00e1k alatt is viselhet\u0151, \u00e9szrev\u00e9tlen marad, mik\u00f6zben \u00d6n k\u00e9nyelmet \u00e9s mozg\u00e1sszabads\u00e1got \u00e9lvez. Fekete sz\u00ednben is kaphat\u00f3. Kivehet\u0151 szivacsbet\u00e9tek Push-Up hat\u00e1s Nagy rugalmass\u00e1g H\u0151pr\u00e9ssel [&hellip;]<\/p>\n","protected":false},"featured_media":120155,"comment_status":"open","ping_status":"closed","template":"","meta":[],"product_brand":[],"product_cat":[356],"product_tag":[],"class_list":{"0":"post-120384","1":"product","2":"type-product","3":"status-publish","4":"has-post-thumbnail","6":"product_cat-sportmelltartok-fitneszhez","7":"pa_cviat-fekete","8":"pa_razmer-l-hu-2","9":"pa_razmer-m-hu","10":"pa_razmer-s-hu-2","11":"inventories-world","13":"first","14":"instock","15":"sale","16":"taxable","17":"shipping-taxable","18":"purchasable","19":"product-type-variable"},"_links":{"self":[{"href":"https:\/\/peach-pump.com\/en\/wp-json\/wp\/v2\/product\/120384","targetHints":{"allow":["GET"]}}],"collection":[{"href":"https:\/\/peach-pump.com\/en\/wp-json\/wp\/v2\/product"}],"about":[{"href":"https:\/\/peach-pump.com\/en\/wp-json\/wp\/v2\/types\/product"}],"replies":[{"embeddable":true,"href":"https:\/\/peach-pump.com\/en\/wp-json\/wp\/v2\/comments?post=120384"}],"version-history":[{"count":0,"href":"https:\/\/peach-pump.com\/en\/wp-json\/wp\/v2\/product\/120384\/revisions"}],"wp:featuredmedia":[{"embeddable":true,"href":"https:\/\/peach-pump.com\/en\/wp-json\/wp\/v2\/media\/120155"}],"wp:attachment":[{"href":"https:\/\/peach-pump.com\/en\/wp-json\/wp\/v2\/media?parent=120384"}],"wp:term":[{"taxonomy":"product_brand","embeddable":true,"href":"https:\/\/peach-pump.com\/en\/wp-json\/wp\/v2\/product_brand?post=120384"},{"taxonomy":"product_cat","embeddable":true,"href":"https:\/\/peach-pump.com\/en\/wp-json\/wp\/v2\/product_cat?post=120384"},{"taxonomy":"product_tag","embeddable":true,"href":"https:\/\/peach-pump.com\/en\/wp-json\/wp\/v2\/product_tag?post=120384"}],"curies":[{"name":"wp","href":"https:\/\/api.w.org\/{rel}","templated":true}]}}