{"id":118577,"date":"2025-06-11T10:50:18","date_gmt":"2025-06-11T08:50:18","guid":{"rendered":"https:\/\/peach-pump.com\/products\/rozsaszin-rovid-sport-overal\/"},"modified":"2026-04-03T10:34:22","modified_gmt":"2026-04-03T08:34:22","slug":"rozsaszin-rovid-sport-overal","status":"publish","type":"product","link":"https:\/\/peach-pump.com\/hu\/products\/rozsaszin-rovid-sport-overal\/","title":{"rendered":"R\u00f3zsasz\u00edn, r\u00f6vid sport over\u00e1l"},"content":{"rendered":"<p>R\u00f3zsasz\u00edn varr\u00e1smentes, r\u00f6vid sport over\u00e1l rugalmas anyagb\u00f3l, amely t\u00f6k\u00e9letesen illeszkedik a testhez. A h\u00e1t\u00e1n \u00e1ll\u00edthat\u00f3 p\u00e1ntokkal rendelkezik, magasabb derek\u00fa kialak\u00edt\u00e1ssal a h\u00e1ts\u00f3 r\u00e9szen, ami k\u00e9nyelmet biztos\u00edt edz\u00e9s k\u00f6zben. Be\u00e9p\u00edtett, emel\u0151 hat\u00e1s\u00fa szivacsbet\u00e9tek stabilan tartj\u00e1k a mellet, \u00edgy melltart\u00f3 n\u00e9lk\u00fcl is sz\u00e9pen mutat. A der\u00e9kr\u00e9szt bord\u00e1zott anyag form\u00e1lja \u00e9s karcs\u00fas\u00edtja, amelybe a Peach Pump felirat is bele van sz\u0151ve. Az over\u00e1l als\u00f3 r\u00e9sze &#8220;peachy&#8221; hat\u00e1s\u00fa, \u00e9s t\u00f6k\u00e9letes form\u00e1t ad. T\u00f6bb, szezon\u00e1lisan trendi sz\u00ednben is el\u00e9rhet\u0151.     <\/p>\n<ul>\n<li>Varr\u00e1smentes anyag<\/li>\n<li>Bele sz\u0151tt Peach Pump felirat a der\u00e9kr\u00e9szen<\/li>\n<li>\u00c1ll\u00edthat\u00f3 p\u00e1ntok<\/li>\n<li>Push-up hat\u00e1s\u00fa szivacsbet\u00e9tek<\/li>\n<li>Bord\u00e1s anyag\u00fa der\u00e9kr\u00e9sz, amely gy\u00f6ny\u00f6r\u0171en form\u00e1lja a n\u0151i \u00edveket<\/li>\n<li>Peachy hat\u00e1s<\/li>\n<li>H\u0151pr\u00e9ssel r\u00f6gz\u00edtett Peach Pump log\u00f3 az over\u00e1l oldals\u00f3 \u00e9s h\u00e1ts\u00f3 r\u00e9szen<\/li>\n<\/ul>\n<p>Anyag\u00f6sszet\u00e9tel: 80% poli\u00e9szter, 20% elaszt\u00e1n.<\/p>\n<p>A k\u00e9pen l\u00e1that\u00f3 modell 164 cm magas, 52 kg s\u00faly\u00fa \u00e9s S-es m\u00e9retet visel.<\/p>\n<p>Az over\u00e1l k\u00edm\u00e9l\u0151 mos\u00e1ssal, legfeljebb 30 fokon moshat\u00f3. K\u00e9rj\u00fck, a tiszt\u00edt\u00e1s sor\u00e1n ne haszn\u00e1ljon feh\u00e9r\u00edt\u0151t vagy vegyi tiszt\u00edt\u00f3szereket.<\/p>\n<p>A megfelel\u0151 m\u00e9ret pontos kiv\u00e1laszt\u00e1s\u00e1hoz, k\u00e9rj\u00fck tekintse meg a m\u00e9rett\u00e1bl\u00e1zatunkat.<\/p>\n<p>&nbsp;<\/p>\n","protected":false},"excerpt":{"rendered":"<p>R\u00f3zsasz\u00edn varr\u00e1smentes, r\u00f6vid sport over\u00e1l rugalmas anyagb\u00f3l, amely t\u00f6k\u00e9letesen illeszkedik a testhez. A h\u00e1t\u00e1n \u00e1ll\u00edthat\u00f3 p\u00e1ntokkal rendelkezik, magasabb derek\u00fa kialak\u00edt\u00e1ssal a h\u00e1ts\u00f3 r\u00e9szen, ami k\u00e9nyelmet biztos\u00edt edz\u00e9s k\u00f6zben. Be\u00e9p\u00edtett, emel\u0151 hat\u00e1s\u00fa szivacsbet\u00e9tek stabilan tartj\u00e1k a mellet, \u00edgy melltart\u00f3 n\u00e9lk\u00fcl is sz\u00e9pen mutat. A der\u00e9kr\u00e9szt bord\u00e1zott anyag form\u00e1lja \u00e9s karcs\u00fas\u00edtja, amelybe a Peach Pump felirat is [&hellip;]<\/p>\n","protected":false},"featured_media":118195,"comment_status":"open","ping_status":"closed","template":"","meta":[],"product_brand":[],"product_cat":[1130,358],"product_tag":[],"class_list":{"0":"post-118577","1":"product","2":"type-product","3":"status-publish","4":"has-post-thumbnail","6":"product_cat-noi-sportos-overalok","7":"product_cat-rovid-sportruhak-leggings-sportmelltarto","8":"pa_cviat-rozsaszin","9":"pa_razmer-m-hu","10":"pa_razmer-s-hu-2","11":"inventories-world","12":"inventories-pl","14":"first","15":"instock","16":"taxable","17":"shipping-taxable","18":"purchasable","19":"product-type-variable"},"_links":{"self":[{"href":"https:\/\/peach-pump.com\/en\/wp-json\/wp\/v2\/product\/118577","targetHints":{"allow":["GET"]}}],"collection":[{"href":"https:\/\/peach-pump.com\/en\/wp-json\/wp\/v2\/product"}],"about":[{"href":"https:\/\/peach-pump.com\/en\/wp-json\/wp\/v2\/types\/product"}],"replies":[{"embeddable":true,"href":"https:\/\/peach-pump.com\/en\/wp-json\/wp\/v2\/comments?post=118577"}],"version-history":[{"count":0,"href":"https:\/\/peach-pump.com\/en\/wp-json\/wp\/v2\/product\/118577\/revisions"}],"wp:featuredmedia":[{"embeddable":true,"href":"https:\/\/peach-pump.com\/en\/wp-json\/wp\/v2\/media\/118195"}],"wp:attachment":[{"href":"https:\/\/peach-pump.com\/en\/wp-json\/wp\/v2\/media?parent=118577"}],"wp:term":[{"taxonomy":"product_brand","embeddable":true,"href":"https:\/\/peach-pump.com\/en\/wp-json\/wp\/v2\/product_brand?post=118577"},{"taxonomy":"product_cat","embeddable":true,"href":"https:\/\/peach-pump.com\/en\/wp-json\/wp\/v2\/product_cat?post=118577"},{"taxonomy":"product_tag","embeddable":true,"href":"https:\/\/peach-pump.com\/en\/wp-json\/wp\/v2\/product_tag?post=118577"}],"curies":[{"name":"wp","href":"https:\/\/api.w.org\/{rel}","templated":true}]}}