{"id":117450,"date":"2025-05-28T14:29:45","date_gmt":"2025-05-28T12:29:45","guid":{"rendered":"https:\/\/peach-pump.com\/products\/fekete-napellenzos-sapka-fekete-peach-pump-logoval\/"},"modified":"2026-04-04T08:20:09","modified_gmt":"2026-04-04T06:20:09","slug":"fekete-napellenzos-sapka-fekete-peach-pump-logoval","status":"publish","type":"product","link":"https:\/\/peach-pump.com\/hu\/products\/fekete-napellenzos-sapka-fekete-peach-pump-logoval\/","title":{"rendered":"Fekete napellenz\u0151s sapka fekete Peach Pump log\u00f3val"},"content":{"rendered":"<p>Eg\u00e9sz\u00edtse ki kedvenc leggings\u00e9t \u00e9s sportmelltart\u00f3j\u00e1t egy fekete, napellenz\u0151s sapk\u00e1val, Peach Pump log\u00f3val. A forr\u00f3 ny\u00e1ri h\u00f3napokban t\u00f6k\u00e9letes kieg\u00e9sz\u00edt\u0151je lesz megjelen\u00e9s\u00e9nek, mik\u00f6zben meg\u00f3vja arc\u00e1t az er\u0151s naps\u00fct\u00e9st\u0151l. A sapka l\u00e1tv\u00e1nyos, h\u00edmzett, h\u00e1romdimenzi\u00f3s diz\u00e1jnnal k\u00e9sz\u00fclt, fekete log\u00f3val, fekete szeg\u00e9llyel \u00e9s motiv\u00e1l\u00f3 fekete felirattal: \u201eBlack is my happy colour\u201d. A sapka m\u00e9rete f\u00e9mcsattal \u00e1ll\u00edthat\u00f3, a napellenz\u0151je pedig \u00edvelt kialak\u00edt\u00e1s\u00fa. Legyen st\u00edlusos \u00e9s egyedi ezzel a t\u00f6k\u00e9letes kieg\u00e9sz\u00edt\u0151vel sportos megjelen\u00e9s\u00e9hez.<\/p>\n","protected":false},"excerpt":{"rendered":"<p>Eg\u00e9sz\u00edtse ki kedvenc leggings\u00e9t \u00e9s sportmelltart\u00f3j\u00e1t egy fekete, napellenz\u0151s sapk\u00e1val, Peach Pump log\u00f3val. A forr\u00f3 ny\u00e1ri h\u00f3napokban t\u00f6k\u00e9letes kieg\u00e9sz\u00edt\u0151je lesz megjelen\u00e9s\u00e9nek, mik\u00f6zben meg\u00f3vja arc\u00e1t az er\u0151s naps\u00fct\u00e9st\u0151l. A sapka l\u00e1tv\u00e1nyos, h\u00edmzett, h\u00e1romdimenzi\u00f3s diz\u00e1jnnal k\u00e9sz\u00fclt, fekete log\u00f3val, fekete szeg\u00e9llyel \u00e9s motiv\u00e1l\u00f3 fekete felirattal: \u201eBlack is my happy colour\u201d. A sapka m\u00e9rete f\u00e9mcsattal \u00e1ll\u00edthat\u00f3, a napellenz\u0151je pedig [&hellip;]<\/p>\n","protected":false},"featured_media":116292,"comment_status":"open","ping_status":"closed","template":"","meta":[],"product_brand":[],"product_cat":[926],"product_tag":[],"class_list":{"0":"post-117450","1":"product","2":"type-product","3":"status-publish","4":"has-post-thumbnail","6":"product_cat-noi-sport-kiegeszitok","7":"pa_cviat-fekete","8":"pa_razmer-one-size-hu","9":"inventories-world","10":"inventories-pl","12":"first","13":"instock","14":"taxable","15":"shipping-taxable","16":"purchasable","17":"product-type-variable"},"_links":{"self":[{"href":"https:\/\/peach-pump.com\/en\/wp-json\/wp\/v2\/product\/117450","targetHints":{"allow":["GET"]}}],"collection":[{"href":"https:\/\/peach-pump.com\/en\/wp-json\/wp\/v2\/product"}],"about":[{"href":"https:\/\/peach-pump.com\/en\/wp-json\/wp\/v2\/types\/product"}],"replies":[{"embeddable":true,"href":"https:\/\/peach-pump.com\/en\/wp-json\/wp\/v2\/comments?post=117450"}],"version-history":[{"count":0,"href":"https:\/\/peach-pump.com\/en\/wp-json\/wp\/v2\/product\/117450\/revisions"}],"wp:featuredmedia":[{"embeddable":true,"href":"https:\/\/peach-pump.com\/en\/wp-json\/wp\/v2\/media\/116292"}],"wp:attachment":[{"href":"https:\/\/peach-pump.com\/en\/wp-json\/wp\/v2\/media?parent=117450"}],"wp:term":[{"taxonomy":"product_brand","embeddable":true,"href":"https:\/\/peach-pump.com\/en\/wp-json\/wp\/v2\/product_brand?post=117450"},{"taxonomy":"product_cat","embeddable":true,"href":"https:\/\/peach-pump.com\/en\/wp-json\/wp\/v2\/product_cat?post=117450"},{"taxonomy":"product_tag","embeddable":true,"href":"https:\/\/peach-pump.com\/en\/wp-json\/wp\/v2\/product_tag?post=117450"}],"curies":[{"name":"wp","href":"https:\/\/api.w.org\/{rel}","templated":true}]}}