{"id":117439,"date":"2025-05-28T14:46:37","date_gmt":"2025-05-28T12:46:37","guid":{"rendered":"https:\/\/peach-pump.com\/products\/feher-rovid-leggings-kozepes-derekmagassaggal-es-alakformalo-hatassal\/"},"modified":"2026-04-05T08:22:01","modified_gmt":"2026-04-05T06:22:01","slug":"feher-rovid-leggings-kozepes-derekmagassaggal-es-alakformalo-hatassal","status":"publish","type":"product","link":"https:\/\/peach-pump.com\/hu\/products\/feher-rovid-leggings-kozepes-derekmagassaggal-es-alakformalo-hatassal\/","title":{"rendered":"Feh\u00e9r, r\u00f6vid leggings k\u00f6zepes der\u00e9kmagass\u00e1ggal \u00e9s alakform\u00e1l\u00f3 hat\u00e1ssal"},"content":{"rendered":"<p>Feh\u00e9r sz\u00edn\u0171, r\u00f6vid sport leggings, amely k\u00f6zepes der\u00e9kmagass\u00e1ggal \u00e9s form\u00e1l\u00f3 hat\u00e1ssal rendelkezik, \u00e9s varr\u00e1s n\u00e9lk\u00fcli, rugalmas, puha tapint\u00e1s\u00fa anyagb\u00f3l k\u00e9sz\u00fclt. A modell t\u00f6k\u00e9letesen form\u00e1lja az alakot, bord\u00e1zott, k\u00f6zepes magass\u00e1g\u00fa der\u00e9kp\u00e1ntja pedig gyeng\u00e9d tart\u00e1st biztos\u00edt. Az anyag diszkr\u00e9ten elfedi a probl\u00e9m\u00e1s ter\u00fcleteket, hat\u00e9konyan vezeti el a nedvess\u00e9get a testr\u0151l, \u00edgy biztos\u00edtva a sz\u00e9p \u00e9s kifinomult sziluettet.   Ezzel a modellel k\u00e9nyelmesen \u00e9s magabiztosan \u00e9rezheti mag\u00e1t. A leggings k\u00f6nnyed\u00e9n kombin\u00e1lhat\u00f3 a m\u00e1rka sportmelltart\u00f3j\u00e1val vagy sportfels\u0151j\u00e9vel.<\/p>\n<ul>\n<li>K\u00f6zepes der\u00e9kmagass\u00e1g<\/li>\n<li>Varr\u00e1smentes anyag<\/li>\n<li>Kiemeli, form\u00e1lja, elrejti a probl\u00e9m\u00e1s r\u00e9szeket<\/li>\n<li>Der\u00e9kra simul\u00f3 bord\u00e1s k\u00f6t\u00e9s\u0171 der\u00e9ksz\u00edj<\/li>\n<li>Peachy hat\u00e1s<\/li>\n<li>H\u0151pr\u00e9ssel r\u00f6gz\u00edtett Peach Pump log\u00f3 a leggings el\u00fcls\u0151 r\u00e9szen<\/li>\n<li>Varr\u00e1s n\u00e9lk\u00fcli el\u00fcls\u0151 r\u00e9sz<\/li>\n<li>H\u0151pr\u00e9ssel r\u00f6gz\u00edtett Peach Pump log\u00f3 a leggings h\u00e1toldal\u00e1n<\/li>\n<li>Kiemelked\u0151 izzads\u00e1gelvezet\u0151 tulajdons\u00e1gokkal rendelkez\u0151 anyag<\/li>\n<\/ul>\n<p>Anyag\u00f6sszet\u00e9tel: 80% poli\u00e9szter, 20% elaszt\u00e1n<\/p>\n<p>A leggings k\u00edm\u00e9l\u0151 mos\u00e1ssal, legfeljebb 30 fokon moshat\u00f3. K\u00e9rj\u00fck, a tiszt\u00edt\u00e1s sor\u00e1n ne haszn\u00e1ljon feh\u00e9r\u00edt\u0151t vagy vegyi tiszt\u00edt\u00f3szereket.<\/p>\n<p>A k\u00e9pen l\u00e1that\u00f3 modell 178 cm magas, 55 kg s\u00faly\u00fa, \u00e9s S-es m\u00e9retet visel.<\/p>\n<p>A megfelel\u0151 m\u00e9ret pontos kiv\u00e1laszt\u00e1s\u00e1hoz, k\u00e9rj\u00fck tekintse meg a m\u00e9rett\u00e1bl\u00e1zatunkat.<\/p>\n","protected":false},"excerpt":{"rendered":"<p>Feh\u00e9r sz\u00edn\u0171, r\u00f6vid sport leggings, amely k\u00f6zepes der\u00e9kmagass\u00e1ggal \u00e9s form\u00e1l\u00f3 hat\u00e1ssal rendelkezik, \u00e9s varr\u00e1s n\u00e9lk\u00fcli, rugalmas, puha tapint\u00e1s\u00fa anyagb\u00f3l k\u00e9sz\u00fclt. A modell t\u00f6k\u00e9letesen form\u00e1lja az alakot, bord\u00e1zott, k\u00f6zepes magass\u00e1g\u00fa der\u00e9kp\u00e1ntja pedig gyeng\u00e9d tart\u00e1st biztos\u00edt. Az anyag diszkr\u00e9ten elfedi a probl\u00e9m\u00e1s ter\u00fcleteket, hat\u00e9konyan vezeti el a nedvess\u00e9get a testr\u0151l, \u00edgy biztos\u00edtva a sz\u00e9p \u00e9s kifinomult sziluettet. [&hellip;]<\/p>\n","protected":false},"featured_media":116344,"comment_status":"open","ping_status":"closed","template":"","meta":[],"product_brand":[],"product_cat":[142,200],"product_tag":[],"class_list":{"0":"post-117439","1":"product","2":"type-product","3":"status-publish","4":"has-post-thumbnail","6":"product_cat-noi-sport-leggings-fitnesz","7":"product_cat-rovid-noi-leggings","8":"pa_cviat-feher-hu","9":"pa_razmer-l-hu-2","10":"pa_razmer-m-hu","11":"pa_razmer-s-hu-2","12":"pa_razmer-xs-hu","13":"inventories-world","15":"first","16":"instock","17":"taxable","18":"shipping-taxable","19":"purchasable","20":"product-type-variable"},"_links":{"self":[{"href":"https:\/\/peach-pump.com\/en\/wp-json\/wp\/v2\/product\/117439","targetHints":{"allow":["GET"]}}],"collection":[{"href":"https:\/\/peach-pump.com\/en\/wp-json\/wp\/v2\/product"}],"about":[{"href":"https:\/\/peach-pump.com\/en\/wp-json\/wp\/v2\/types\/product"}],"replies":[{"embeddable":true,"href":"https:\/\/peach-pump.com\/en\/wp-json\/wp\/v2\/comments?post=117439"}],"version-history":[{"count":0,"href":"https:\/\/peach-pump.com\/en\/wp-json\/wp\/v2\/product\/117439\/revisions"}],"wp:featuredmedia":[{"embeddable":true,"href":"https:\/\/peach-pump.com\/en\/wp-json\/wp\/v2\/media\/116344"}],"wp:attachment":[{"href":"https:\/\/peach-pump.com\/en\/wp-json\/wp\/v2\/media?parent=117439"}],"wp:term":[{"taxonomy":"product_brand","embeddable":true,"href":"https:\/\/peach-pump.com\/en\/wp-json\/wp\/v2\/product_brand?post=117439"},{"taxonomy":"product_cat","embeddable":true,"href":"https:\/\/peach-pump.com\/en\/wp-json\/wp\/v2\/product_cat?post=117439"},{"taxonomy":"product_tag","embeddable":true,"href":"https:\/\/peach-pump.com\/en\/wp-json\/wp\/v2\/product_tag?post=117439"}],"curies":[{"name":"wp","href":"https:\/\/api.w.org\/{rel}","templated":true}]}}