{"id":117391,"date":"2025-05-29T12:17:57","date_gmt":"2025-05-29T10:17:57","guid":{"rendered":"https:\/\/peach-pump.com\/products\/rovid-fekete-testhezallo-sportfelso-betetekkel\/"},"modified":"2026-04-06T21:53:50","modified_gmt":"2026-04-06T19:53:50","slug":"rovid-fekete-testhezallo-sportfelso-betetekkel","status":"publish","type":"product","link":"https:\/\/peach-pump.com\/hu\/products\/rovid-fekete-testhezallo-sportfelso-betetekkel\/","title":{"rendered":"R\u00f6vid, fekete, testhez\u00e1ll\u00f3 sportfels\u0151 bet\u00e9tekkel"},"content":{"rendered":"<p>R\u00f6vid, fekete, testhez\u00e1ll\u00f3 sportfels\u0151 bet\u00e9tekkel. T\u00f6k\u00e9letesen illeszkedik, szab\u00e1sa pedig kihagyhatatlann\u00e1 teszi, ak\u00e1r sportol\u00e1shoz, ak\u00e1r mindennapi viselethez. Ide\u00e1lis fitneszhez, fut\u00e1shoz, aerobikhoz vagy egy kellemes s\u00e9t\u00e1hoz a parkban. Az als\u00f3 r\u00e9sz\u00e9n rejtett gumip\u00e1nt tal\u00e1lhat\u00f3, a kivehet\u0151 bet\u00e9tek k\u00e9nyelmes viseletet biztos\u00edtanak, m\u00edg az anyag nem tartja meg a nedvess\u00e9get. A v\u00e1llr\u00e9szen h\u0151pr\u00e9ssel r\u00f6gz\u00edtett, minimalista &#8216;Peach Pump&#8217; log\u00f3 tal\u00e1lhat\u00f3, amely diszkr\u00e9ten \u00e9s eleg\u00e1nsan mutat. Garant\u00e1ltan beleszeret ebbe a modellbe \u00e9s abba, ahogyan kiemeli az alakj\u00e1t. T\u00f6k\u00e9letesen kombin\u00e1lhat\u00f3 minden r\u00f6vid \u00e9s hossz\u00fa leggings\u00fcnkkel.     <\/p>\n<ul>\n<li>Kivehet\u0151 bet\u00e9tek<\/li>\n<li>Rejtett gumip\u00e1nt a fels\u0151 als\u00f3 r\u00e9sz\u00e9n<\/li>\n<li>T\u00f6k\u00e9letesen illeszkedik a testhez<\/li>\n<li>H\u0151pr\u00e9ssel r\u00f6gz\u00edtett &#8216;Peach Pump&#8217; log\u00f3 a v\u00e1llr\u00e9szen<\/li>\n<li>Nedvess\u00e9gelvezet\u0151 anyag<\/li>\n<\/ul>\n<p>Anyag\u00f6sszet\u00e9tel: elaszt\u00e1n \u00e9s poli\u00e9szter<\/p>\n<p>A fels\u0151 legfeljebb 30 fokon moshat\u00f3, k\u00e9rj\u00fck, ne haszn\u00e1ljon feh\u00e9r\u00edt\u0151t, sz\u00e1r\u00edt\u00f3g\u00e9pet vagy vegytiszt\u00edt\u00e1st.<\/p>\n<p>A k\u00e9pen l\u00e1that\u00f3 modell 178 cm magas, 55 kg, mellb\u0151s\u00e9ge 90 cm, \u00e9s M-es m\u00e9ret\u0171 fels\u0151t visel.<\/p>\n<p>A megfelel\u0151 m\u00e9ret pontos kiv\u00e1laszt\u00e1s\u00e1hoz, k\u00e9rj\u00fck tekintse meg a m\u00e9rett\u00e1bl\u00e1zatunkat.<\/p>\n","protected":false},"excerpt":{"rendered":"<p>R\u00f6vid, fekete, testhez\u00e1ll\u00f3 sportfels\u0151 bet\u00e9tekkel. T\u00f6k\u00e9letesen illeszkedik, szab\u00e1sa pedig kihagyhatatlann\u00e1 teszi, ak\u00e1r sportol\u00e1shoz, ak\u00e1r mindennapi viselethez. Ide\u00e1lis fitneszhez, fut\u00e1shoz, aerobikhoz vagy egy kellemes s\u00e9t\u00e1hoz a parkban. Az als\u00f3 r\u00e9sz\u00e9n rejtett gumip\u00e1nt tal\u00e1lhat\u00f3, a kivehet\u0151 bet\u00e9tek k\u00e9nyelmes viseletet biztos\u00edtanak, m\u00edg az anyag nem tartja meg a nedvess\u00e9get. A v\u00e1llr\u00e9szen h\u0151pr\u00e9ssel r\u00f6gz\u00edtett, minimalista &#8216;Peach Pump&#8217; log\u00f3 tal\u00e1lhat\u00f3, [&hellip;]<\/p>\n","protected":false},"featured_media":117009,"comment_status":"open","ping_status":"closed","template":"","meta":[],"product_brand":[],"product_cat":[355],"product_tag":[],"class_list":{"0":"post-117391","1":"product","2":"type-product","3":"status-publish","4":"has-post-thumbnail","6":"product_cat-noi-polo-fitneszhez","7":"pa_cviat-fekete","8":"pa_razmer-l-hu-2","9":"pa_razmer-m-hu","10":"pa_razmer-s-hu-2","11":"inventories-world","13":"first","14":"instock","15":"sale","16":"taxable","17":"shipping-taxable","18":"purchasable","19":"product-type-variable"},"_links":{"self":[{"href":"https:\/\/peach-pump.com\/en\/wp-json\/wp\/v2\/product\/117391","targetHints":{"allow":["GET"]}}],"collection":[{"href":"https:\/\/peach-pump.com\/en\/wp-json\/wp\/v2\/product"}],"about":[{"href":"https:\/\/peach-pump.com\/en\/wp-json\/wp\/v2\/types\/product"}],"replies":[{"embeddable":true,"href":"https:\/\/peach-pump.com\/en\/wp-json\/wp\/v2\/comments?post=117391"}],"version-history":[{"count":0,"href":"https:\/\/peach-pump.com\/en\/wp-json\/wp\/v2\/product\/117391\/revisions"}],"wp:featuredmedia":[{"embeddable":true,"href":"https:\/\/peach-pump.com\/en\/wp-json\/wp\/v2\/media\/117009"}],"wp:attachment":[{"href":"https:\/\/peach-pump.com\/en\/wp-json\/wp\/v2\/media?parent=117391"}],"wp:term":[{"taxonomy":"product_brand","embeddable":true,"href":"https:\/\/peach-pump.com\/en\/wp-json\/wp\/v2\/product_brand?post=117391"},{"taxonomy":"product_cat","embeddable":true,"href":"https:\/\/peach-pump.com\/en\/wp-json\/wp\/v2\/product_cat?post=117391"},{"taxonomy":"product_tag","embeddable":true,"href":"https:\/\/peach-pump.com\/en\/wp-json\/wp\/v2\/product_tag?post=117391"}],"curies":[{"name":"wp","href":"https:\/\/api.w.org\/{rel}","templated":true}]}}