{"id":115645,"date":"2025-05-13T19:00:56","date_gmt":"2025-05-13T17:00:56","guid":{"rendered":"https:\/\/peach-pump.com\/products\/szurke-sportzokni-feher-csikokkal-a-peach-pumptol\/"},"modified":"2026-03-24T11:27:08","modified_gmt":"2026-03-24T09:27:08","slug":"szurke-sportzokni-feher-csikokkal-a-peach-pumptol","status":"publish","type":"product","link":"https:\/\/peach-pump.com\/hu\/products\/szurke-sportzokni-feher-csikokkal-a-peach-pumptol\/","title":{"rendered":"Sz\u00fcrke sportzokni feh\u00e9r cs\u00edkokkal a Peach Pumpt\u00f3l"},"content":{"rendered":"<p>A feh\u00e9r vonalakkal \u00e9s h\u00edmzett Peach Pump log\u00f3val ell\u00e1tott sz\u00fcrke sportzokni meger\u0151s\u00edtett aljjal rendelkezik, \u00e9s mozg\u00e1s k\u00f6zben tart\u00f3ss\u00e1got, stabilit\u00e1st \u00e9s p\u00e1rn\u00e1zotts\u00e1got biztos\u00edt. Nedvess\u00e9gelvezet\u0151 anyagb\u00f3l k\u00e9sz\u00fcltek, amely frissen tart. <\/p>\n<ul>\n<li>Puha anyag<\/li>\n<li>magas min\u0151s\u00e9g<\/li>\n<li>Rugalmass\u00e1g<\/li>\n<li>80% pamut<\/li>\n<li>N\u0151i feh\u00e9r sportzokni fekete cs\u00edkokkal \u00e9s besz\u0151tt Peach Pump log\u00f3val. Meger\u0151s\u00edtett talpr\u00e9sszel rendelkeznek, amely tart\u00f3ss\u00e1got, stabilit\u00e1st \u00e9s p\u00e1rn\u00e1zotts\u00e1got biztos\u00edt mozg\u00e1s k\u00f6zben. Az anyaguk nedvess\u00e9gelvezet\u0151, \u00edgy sz\u00e1razon tartja a l\u00e1b\u00e1t.<\/li>\n<li>Meger\u0151s\u00edtett talpr\u00e9sz a tart\u00f3ss\u00e1g \u00e9rdek\u00e9ben<\/li>\n<li>&#8220;Crew size&#8221; &#8211; v\u00e1dli hossza<\/li>\n<\/ul>\n<p>80% pamut, 17% poli\u00e9szter, 3% spandex<\/p>\n<p>40 \u00b0C-on moshat\u00f3 vegytiszt\u00edt\u00e1s n\u00e9lk\u00fcl, alacsony h\u0151m\u00e9rs\u00e9kleten sz\u00e1r\u00edthat\u00f3.<\/p>\n<p>A zokni nem visszav\u00e1lthat\u00f3 vagy cser\u00e9lhet\u0151!<\/p>\n","protected":false},"excerpt":{"rendered":"<p>A feh\u00e9r vonalakkal \u00e9s h\u00edmzett Peach Pump log\u00f3val ell\u00e1tott sz\u00fcrke sportzokni meger\u0151s\u00edtett aljjal rendelkezik, \u00e9s mozg\u00e1s k\u00f6zben tart\u00f3ss\u00e1got, stabilit\u00e1st \u00e9s p\u00e1rn\u00e1zotts\u00e1got biztos\u00edt. Nedvess\u00e9gelvezet\u0151 anyagb\u00f3l k\u00e9sz\u00fcltek, amely frissen tart. Puha anyag magas min\u0151s\u00e9g Rugalmass\u00e1g 80% pamut N\u0151i feh\u00e9r sportzokni fekete cs\u00edkokkal \u00e9s besz\u0151tt Peach Pump log\u00f3val. Meger\u0151s\u00edtett talpr\u00e9sszel rendelkeznek, amely tart\u00f3ss\u00e1got, stabilit\u00e1st \u00e9s p\u00e1rn\u00e1zotts\u00e1got biztos\u00edt mozg\u00e1s [&hellip;]<\/p>\n","protected":false},"featured_media":115200,"comment_status":"open","ping_status":"closed","template":"","meta":[],"product_brand":[],"product_cat":[926],"product_tag":[],"class_list":{"0":"post-115645","1":"product","2":"type-product","3":"status-publish","4":"has-post-thumbnail","6":"product_cat-noi-sport-kiegeszitok","7":"pa_cviat-szurke","8":"pa_razmer-one-size-hu","9":"inventories-world","10":"inventories-pl","12":"first","13":"instock","14":"sale","15":"taxable","16":"shipping-taxable","17":"purchasable","18":"product-type-variable"},"_links":{"self":[{"href":"https:\/\/peach-pump.com\/en\/wp-json\/wp\/v2\/product\/115645","targetHints":{"allow":["GET"]}}],"collection":[{"href":"https:\/\/peach-pump.com\/en\/wp-json\/wp\/v2\/product"}],"about":[{"href":"https:\/\/peach-pump.com\/en\/wp-json\/wp\/v2\/types\/product"}],"replies":[{"embeddable":true,"href":"https:\/\/peach-pump.com\/en\/wp-json\/wp\/v2\/comments?post=115645"}],"version-history":[{"count":0,"href":"https:\/\/peach-pump.com\/en\/wp-json\/wp\/v2\/product\/115645\/revisions"}],"wp:featuredmedia":[{"embeddable":true,"href":"https:\/\/peach-pump.com\/en\/wp-json\/wp\/v2\/media\/115200"}],"wp:attachment":[{"href":"https:\/\/peach-pump.com\/en\/wp-json\/wp\/v2\/media?parent=115645"}],"wp:term":[{"taxonomy":"product_brand","embeddable":true,"href":"https:\/\/peach-pump.com\/en\/wp-json\/wp\/v2\/product_brand?post=115645"},{"taxonomy":"product_cat","embeddable":true,"href":"https:\/\/peach-pump.com\/en\/wp-json\/wp\/v2\/product_cat?post=115645"},{"taxonomy":"product_tag","embeddable":true,"href":"https:\/\/peach-pump.com\/en\/wp-json\/wp\/v2\/product_tag?post=115645"}],"curies":[{"name":"wp","href":"https:\/\/api.w.org\/{rel}","templated":true}]}}