{"id":115625,"date":"2025-05-09T13:56:33","date_gmt":"2025-05-09T11:56:33","guid":{"rendered":"https:\/\/peach-pump.com\/products\/rovid-zsebes-leggingsbol-es-sportmelltartobol-allo-rozsaszin-szett\/"},"modified":"2026-01-05T14:27:53","modified_gmt":"2026-01-05T12:27:53","slug":"rovid-zsebes-leggingsbol-es-sportmelltartobol-allo-rozsaszin-szett","status":"publish","type":"product","link":"https:\/\/peach-pump.com\/hu\/products\/rovid-zsebes-leggingsbol-es-sportmelltartobol-allo-rozsaszin-szett\/","title":{"rendered":"R\u00f6vid zsebes leggingsb\u0151l \u00e9s sportmelltart\u00f3b\u00f3l \u00e1ll\u00f3 r\u00f3zsasz\u00edn szett"},"content":{"rendered":"<p>R\u00f3zsasz\u00edn szett, amely r\u00f6vid zsebes leggingsb\u0151l \u00e9s p\u00e1rn\u00e1s sportmelltart\u00f3b\u00f3l \u00e1ll. A leggings puha tapint\u00e1s\u00fa anyagb\u00f3l k\u00e9sz\u00fclt, h\u00e1tul r\u00e9jtett \u00f6sszeh\u00faz\u00f3 rugalmas varr\u00e1ssal, amely t\u00f6k\u00e9letesen form\u00e1lja az alakot, valamint k\u00e9t oldalzsebbel rendelkezik, amelyek alkalmasak telefon vagy fitnesz b\u00e9rlet t\u00e1rol\u00e1s\u00e1ra, \u00edgy k\u00e9nyelmet biztos\u00edtanak edz\u00e9s k\u00f6zben. A sz\u00e9les der\u00e9ksz\u00edj gyeng\u00e9den leszor\u00edtja a derekat \u00e9s kiemeli a sziluettet. A sportmelltart\u00f3 \u00e1ll\u00edthat\u00f3 p\u00e1ntokkal \u00e9s kivehet\u0151 p\u00e1rn\u00e1kkal rendelkezik. A sport szett t\u00f6k\u00e9letesen kombin\u00e1lhat\u00f3 kieg\u00e9sz\u00edt\u0151kkel \u2013 sapk\u00e1val, zoknival vagy dzsekivel a m\u00e1rk\u00e1t\u00f3l \u2013 a t\u00f6k\u00e9letes Peach Pump megjelen\u00e9s\u00e9rt.    <\/p>\n<p>A sportmelltart\u00f3r\u00f3l:<\/p>\n<ul>\n<li> Kivehet\u0151 p\u00e1rn\u00e1k<\/li>\n<li> Push-Up hat\u00e1s<\/li>\n<li> \u00c1ll\u00edthat\u00f3 p\u00e1ntok<\/li>\n<li> Nagy rugalmass\u00e1g<\/li>\n<li> H\u0151pr\u00e9ssel r\u00f6gz\u00edtett Peach Pump log\u00f3 a sportmellt\u00e1rt\u00f3 oldals\u00f3 r\u00e9szen<\/li>\n<li> Nedvess\u00e9gelvezet\u0151 anyag<\/li>\n<\/ul>\n<p>A leggingsr\u0151l:<\/p>\n<ul>\n<li>Magas\u00edtott der\u00e9k<\/li>\n<li>K\u00e9t oldalzseb<\/li>\n<li>Varr\u00e1smentes anyag<\/li>\n<li>Kiemeli, form\u00e1l \u00e9s feszes\u00edt<\/li>\n<li>Elrejti a probl\u00e9m\u00e1s r\u00e9szeket<\/li>\n<li>Peach Pump hat\u00e1s\u00fa r\u00e9jtett \u00f6sszeh\u00faz\u00f3 rugalmas varr\u00e1s<\/li>\n<li>H\u0151pr\u00e9ssel r\u00f6gz\u00edtett Peach Pump log\u00f3 a leggings h\u00e1toldal\u00e1n<\/li>\n<li>H\u0151pr\u00e9ssel r\u00f6gz\u00edtett Peach Pump log\u00f3 a zseb el\u00fcls\u0151 r\u00e9sz\u00e9n<\/li>\n<li>Varr\u00e1smentes nedvess\u00e9glevezet\u0151 anyag<\/li>\n<\/ul>\n<p>Anyag\u00f6sszet\u00e9tel: 80% poli\u00e9szter, 20% elaszt\u00e1n<\/p>\n<p>A szett k\u00edm\u00e9l\u0151 mos\u00e1ssal, legfeljebb 30 fokon moshat\u00f3. K\u00e9rj\u00fck, a tiszt\u00edt\u00e1s sor\u00e1n ne haszn\u00e1ljon feh\u00e9r\u00edt\u0151t vagy vegyi tiszt\u00edt\u00f3szereket.<\/p>\n<p>A k\u00e9pen l\u00e1that\u00f3 modell 168 cm magas, 51 kg s\u00faly\u00fa, \u00e9s S-es m\u00e9ret\u0171 leggingsszet \u00e9s S-es m\u00e9ret\u0171 sportmellt\u00e1rt\u00f3t visel.<\/p>\n","protected":false},"excerpt":{"rendered":"<p>R\u00f3zsasz\u00edn szett, amely r\u00f6vid zsebes leggingsb\u0151l \u00e9s p\u00e1rn\u00e1s sportmelltart\u00f3b\u00f3l \u00e1ll. A leggings puha tapint\u00e1s\u00fa anyagb\u00f3l k\u00e9sz\u00fclt, h\u00e1tul r\u00e9jtett \u00f6sszeh\u00faz\u00f3 rugalmas varr\u00e1ssal, amely t\u00f6k\u00e9letesen form\u00e1lja az alakot, valamint k\u00e9t oldalzsebbel rendelkezik, amelyek alkalmasak telefon vagy fitnesz b\u00e9rlet t\u00e1rol\u00e1s\u00e1ra, \u00edgy k\u00e9nyelmet biztos\u00edtanak edz\u00e9s k\u00f6zben. A sz\u00e9les der\u00e9ksz\u00edj gyeng\u00e9den leszor\u00edtja a derekat \u00e9s kiemeli a sziluettet. A sportmelltart\u00f3 [&hellip;]<\/p>\n","protected":false},"featured_media":114630,"comment_status":"open","ping_status":"closed","template":"","meta":[],"product_brand":[],"product_cat":[357,358],"product_tag":[],"class_list":{"0":"post-115625","1":"product","2":"type-product","3":"status-publish","4":"has-post-thumbnail","6":"product_cat-noi-sportruhazat","7":"product_cat-rovid-sportruhak-leggings-sportmelltarto","8":"pa_cviat-rozsaszin","9":"inventories-world","11":"first","12":"instock","13":"virtual","14":"taxable","15":"purchasable","16":"product-type-yith_bundle"},"_links":{"self":[{"href":"https:\/\/peach-pump.com\/en\/wp-json\/wp\/v2\/product\/115625","targetHints":{"allow":["GET"]}}],"collection":[{"href":"https:\/\/peach-pump.com\/en\/wp-json\/wp\/v2\/product"}],"about":[{"href":"https:\/\/peach-pump.com\/en\/wp-json\/wp\/v2\/types\/product"}],"replies":[{"embeddable":true,"href":"https:\/\/peach-pump.com\/en\/wp-json\/wp\/v2\/comments?post=115625"}],"version-history":[{"count":0,"href":"https:\/\/peach-pump.com\/en\/wp-json\/wp\/v2\/product\/115625\/revisions"}],"wp:featuredmedia":[{"embeddable":true,"href":"https:\/\/peach-pump.com\/en\/wp-json\/wp\/v2\/media\/114630"}],"wp:attachment":[{"href":"https:\/\/peach-pump.com\/en\/wp-json\/wp\/v2\/media?parent=115625"}],"wp:term":[{"taxonomy":"product_brand","embeddable":true,"href":"https:\/\/peach-pump.com\/en\/wp-json\/wp\/v2\/product_brand?post=115625"},{"taxonomy":"product_cat","embeddable":true,"href":"https:\/\/peach-pump.com\/en\/wp-json\/wp\/v2\/product_cat?post=115625"},{"taxonomy":"product_tag","embeddable":true,"href":"https:\/\/peach-pump.com\/en\/wp-json\/wp\/v2\/product_tag?post=115625"}],"curies":[{"name":"wp","href":"https:\/\/api.w.org\/{rel}","templated":true}]}}