{"id":115618,"date":"2025-05-09T13:46:44","date_gmt":"2025-05-09T11:46:44","guid":{"rendered":"https:\/\/peach-pump.com\/products\/sotetkek-rovid-oldalan-zsebes-leggingsbol-es-sportmelltartobol-allo-szett\/"},"modified":"2026-03-02T01:10:13","modified_gmt":"2026-03-01T23:10:13","slug":"sotetkek-rovid-oldalan-zsebes-leggingsbol-es-sportmelltartobol-allo-szett","status":"publish","type":"product","link":"https:\/\/peach-pump.com\/hu\/products\/sotetkek-rovid-oldalan-zsebes-leggingsbol-es-sportmelltartobol-allo-szett\/","title":{"rendered":"S\u00f6t\u00e9tk\u00e9k, r\u00f6vid, oldal\u00e1n zsebes leggingsb\u0151l \u00e9s sportmelltart\u00f3b\u00f3l \u00e1ll\u00f3 szett"},"content":{"rendered":"<p>S\u00f6t\u00e9tk\u00e9k szett, r\u00f6vid leggings zsebekkel \u00e9s p\u00e1rn\u00e1zott melltart\u00f3val. A leggings puha tapint\u00e1s\u00fa anyagb\u00f3l k\u00e9sz\u00fclt rugalmas varr\u00e1ssal rendelkezik h\u00e1tul &#8220;l\u00e1thatatlan scrunch&#8221; t\u00edpus\u00fa, amely t\u00f6k\u00e9letesen form\u00e1lja a testet, k\u00e9t oldals\u00f3 zsebbel rendelkezik, amely alkalmas telefon vagy fitneszk\u00e1rtya sz\u00e1m\u00e1ra, \u00e9s k\u00e9nyelmet biztos\u00edt edz\u00e9s k\u00f6zben. A sz\u00e9les der\u00e9kp\u00e1nt finoman r\u00f6gz\u00edti a derekat \u00e9s form\u00e1lja a sziluettet. A melltart\u00f3 \u00e1ll\u00edthat\u00f3 v\u00e1llp\u00e1ntokkal, k\u00edv\u00e1ns\u00e1gra kivehet\u0151 p\u00e1rn\u00e1z\u00e1ssal rendelkezik. A sportos szett p\u00e1ros\u00edthat\u00f3 egy kieg\u00e9sz\u00edt\u0151vel &#8211; a m\u00e1rk\u00e1t\u00f3l sz\u00e1rmaz\u00f3 sapk\u00e1val, zoknival vagy kab\u00e1ttal -, hogy t\u00f6k\u00e9letes befejez\u00e9st adjon a Peach Pump megjelen\u00e9s\u00e9nek.    <\/p>\n<p>A sportmelltart\u00f3r\u00f3l:<\/p>\n<ul>\n<li> Kivehet\u0151 p\u00e1rn\u00e1k<\/li>\n<li> Push-Up hat\u00e1s<\/li>\n<li> \u00c1ll\u00edthat\u00f3 p\u00e1ntok<\/li>\n<li> Nagy rugalmass\u00e1g<\/li>\n<li> H\u0151pr\u00e9ssel r\u00f6gz\u00edtett Peach Pump log\u00f3 a sportmellt\u00e1rt\u00f3 oldals\u00f3 r\u00e9szen<\/li>\n<li> Nedvess\u00e9gelvezet\u0151 anyag<\/li>\n<\/ul>\n<p>A leggingsr\u0151l:<\/p>\n<ul>\n<li>Magas\u00edtott der\u00e9k<\/li>\n<li>K\u00e9t oldalzseb<\/li>\n<li>Varr\u00e1smentes anyag<\/li>\n<li>Emel, form\u00e1l \u00e9s feszes\u00edt<\/li>\n<li>Elrejti a probl\u00e9m\u00e1s r\u00e9szeket<\/li>\n<li>Peach Pump hat\u00e1s\u00fa r\u00e9jtett \u00f6sszeh\u00faz\u00f3 rugalmas varr\u00e1s<\/li>\n<li>H\u0151pr\u00e9ssel r\u00f6gz\u00edtett Peach Pump log\u00f3 a leggings h\u00e1toldal\u00e1n<\/li>\n<li>H\u0151pr\u00e9ssel r\u00f6gz\u00edtett Peach Pump log\u00f3 a zseb el\u00fcls\u0151 r\u00e9sz\u00e9n<\/li>\n<li>Varr\u00e1smentes nedvess\u00e9glevezet\u0151 anyag<\/li>\n<\/ul>\n<p>Anyag\u00f6sszet\u00e9tel: 80% poli\u00e9szter, 20% elaszt\u00e1n<\/p>\n<p>A szett k\u00edm\u00e9l\u0151 mos\u00e1ssal, legfeljebb 30 fokon moshat\u00f3. K\u00e9rj\u00fck, a tiszt\u00edt\u00e1s sor\u00e1n ne haszn\u00e1ljon feh\u00e9r\u00edt\u0151t vagy vegyi tiszt\u00edt\u00f3szereket.<\/p>\n<p>A k\u00e9pen l\u00e1that\u00f3 modell 168 cm magas, 51 kg s\u00faly\u00fa, \u00e9s S-es m\u00e9ret\u0171 leggingsszet \u00e9s S-es m\u00e9ret\u0171 sportmellt\u00e1rt\u00f3t visel.<\/p>\n<p>A megfelel\u0151 m\u00e9ret pontos kiv\u00e1laszt\u00e1s\u00e1hoz k\u00e9rj\u00fck tekintse meg a m\u00e9rett\u00e1bl\u00e1zatunkat.<\/p>\n","protected":false},"excerpt":{"rendered":"<p>S\u00f6t\u00e9tk\u00e9k szett, r\u00f6vid leggings zsebekkel \u00e9s p\u00e1rn\u00e1zott melltart\u00f3val. A leggings puha tapint\u00e1s\u00fa anyagb\u00f3l k\u00e9sz\u00fclt rugalmas varr\u00e1ssal rendelkezik h\u00e1tul &#8220;l\u00e1thatatlan scrunch&#8221; t\u00edpus\u00fa, amely t\u00f6k\u00e9letesen form\u00e1lja a testet, k\u00e9t oldals\u00f3 zsebbel rendelkezik, amely alkalmas telefon vagy fitneszk\u00e1rtya sz\u00e1m\u00e1ra, \u00e9s k\u00e9nyelmet biztos\u00edt edz\u00e9s k\u00f6zben. A sz\u00e9les der\u00e9kp\u00e1nt finoman r\u00f6gz\u00edti a derekat \u00e9s form\u00e1lja a sziluettet. A melltart\u00f3 \u00e1ll\u00edthat\u00f3 [&hellip;]<\/p>\n","protected":false},"featured_media":114535,"comment_status":"open","ping_status":"closed","template":"","meta":[],"product_brand":[],"product_cat":[357,358],"product_tag":[],"class_list":{"0":"post-115618","1":"product","2":"type-product","3":"status-publish","4":"has-post-thumbnail","6":"product_cat-noi-sportruhazat","7":"product_cat-rovid-sportruhak-leggings-sportmelltarto","8":"pa_cviat-sotetkek","9":"inventories-world","11":"first","12":"instock","13":"virtual","14":"taxable","15":"purchasable","16":"product-type-yith_bundle"},"_links":{"self":[{"href":"https:\/\/peach-pump.com\/en\/wp-json\/wp\/v2\/product\/115618","targetHints":{"allow":["GET"]}}],"collection":[{"href":"https:\/\/peach-pump.com\/en\/wp-json\/wp\/v2\/product"}],"about":[{"href":"https:\/\/peach-pump.com\/en\/wp-json\/wp\/v2\/types\/product"}],"replies":[{"embeddable":true,"href":"https:\/\/peach-pump.com\/en\/wp-json\/wp\/v2\/comments?post=115618"}],"version-history":[{"count":0,"href":"https:\/\/peach-pump.com\/en\/wp-json\/wp\/v2\/product\/115618\/revisions"}],"wp:featuredmedia":[{"embeddable":true,"href":"https:\/\/peach-pump.com\/en\/wp-json\/wp\/v2\/media\/114535"}],"wp:attachment":[{"href":"https:\/\/peach-pump.com\/en\/wp-json\/wp\/v2\/media?parent=115618"}],"wp:term":[{"taxonomy":"product_brand","embeddable":true,"href":"https:\/\/peach-pump.com\/en\/wp-json\/wp\/v2\/product_brand?post=115618"},{"taxonomy":"product_cat","embeddable":true,"href":"https:\/\/peach-pump.com\/en\/wp-json\/wp\/v2\/product_cat?post=115618"},{"taxonomy":"product_tag","embeddable":true,"href":"https:\/\/peach-pump.com\/en\/wp-json\/wp\/v2\/product_tag?post=115618"}],"curies":[{"name":"wp","href":"https:\/\/api.w.org\/{rel}","templated":true}]}}