{"id":115600,"date":"2025-05-09T13:34:37","date_gmt":"2025-05-09T11:34:37","guid":{"rendered":"https:\/\/peach-pump.com\/products\/rovid-feher-leggings-zsebekkel-es-alakformalo-hatassal\/"},"modified":"2026-03-25T15:40:06","modified_gmt":"2026-03-25T13:40:06","slug":"rovid-feher-leggings-zsebekkel-es-alakformalo-hatassal","status":"publish","type":"product","link":"https:\/\/peach-pump.com\/hu\/products\/rovid-feher-leggings-zsebekkel-es-alakformalo-hatassal\/","title":{"rendered":"R\u00f6vid feh\u00e9r leggings zsebekkel \u00e9s alakform\u00e1l\u00f3 hat\u00e1ssal"},"content":{"rendered":"<p>R\u00f6vid feh\u00e9r leggings zsebekkel \u00e9s alakform\u00e1l\u00f3 hat\u00e1ssal. Ez a n\u0151i leggings rugalmas, puha tapint\u00e1s\u00fa anyagb\u00f3l k\u00e9sz\u00fclt, h\u00e1tul r\u00e9jtett \u00f6sszeh\u00faz\u00f3 rugalmas varr\u00e1ssal, amely t\u00f6k\u00e9letesen form\u00e1lja az alakot. A leggings k\u00e9t oldalzsebbbel rendelkezik, amelyek alkalmasak telefon vagy fitnesz b\u00e9rlet t\u00e1rol\u00e1s\u00e1ra, \u00edgy k\u00e9nyelmet biztos\u00edtanak edz\u00e9s k\u00f6zben. A leggings varr\u00e1s n\u00e9lk\u00fcli, rendk\u00edv\u00fcl tart\u00f3s anyagb\u00f3l k\u00e9sz\u00fclt, amely nem sz\u00edvja mag\u00e1ba a test nedvess\u00e9g\u00e9t, emeli, form\u00e1lja \u00e9s feszes\u00edti az alakot. A sz\u00e9les der\u00e9kp\u00e1nt gyeng\u00e9den leszor\u00edtja a derekat \u00e9s kiemeli a sziluettet. Garant\u00e1ltan ez a legk\u00e9nyelmesebb leggings modell, amelyben b\u00e1rmilyen sporttev\u00e9kenys\u00e9g k\u00f6zben komfortosan \u00e9rezheti mag\u00e1t. T\u00f6bb sz\u00ednben is el\u00e9rhet\u0151, t\u00f6k\u00e9letesen kombin\u00e1lhat\u00f3 azonos sz\u00edn\u0171 sportmelltart\u00f3val vagy m\u00e1s fels\u0151inkkel \u00e9s dzsekijeinkkel.     <\/p>\n<ul>\n<li>Magas\u00edtott der\u00e9k<\/li>\n<li>K\u00e9t oldalzseb<\/li>\n<li>Varr\u00e1smentes anyag<\/li>\n<li>Emeli, form\u00e1l \u00e9s feszes\u00edt<\/li>\n<li>Elrejti a probl\u00e9m\u00e1s r\u00e9szeket<\/li>\n<li>Peach Pump hat\u00e1s\u00fa r\u00e9jtett \u00f6sszeh\u00faz\u00f3 rugalmas varr\u00e1s<\/li>\n<li>H\u0151pr\u00e9ssel r\u00f6gz\u00edtett Peach Pump log\u00f3 a leggings h\u00e1toldal\u00e1n<\/li>\n<li>H\u0151pr\u00e9ssel r\u00f6gz\u00edtett Peach Pump log\u00f3 a zseb el\u00fcls\u0151 r\u00e9sz\u00e9n<\/li>\n<li>Varr\u00e1smentes nedvess\u00e9glevezet\u0151 anyag<\/li>\n<\/ul>\n<p>Anyag\u00f6sszet\u00e9tel: 80% poli\u00e9szter, 20% elaszt\u00e1n<\/p>\n<p>A leggings k\u00edm\u00e9l\u0151 mos\u00e1ssal, legfeljebb 30 fokon moshat\u00f3. K\u00e9rj\u00fck, a tiszt\u00edt\u00e1s sor\u00e1n ne haszn\u00e1ljon feh\u00e9r\u00edt\u0151t vagy vegyi tiszt\u00edt\u00f3szereket.<\/p>\n<p>A k\u00e9pen l\u00e1that\u00f3 modell 168 cm magas, s\u00falya 51 kg. \u00e9s S-es m\u00e9retet visel.<\/p>\n<p>A megfelel\u0151 m\u00e9ret pontos kiv\u00e1laszt\u00e1s\u00e1hoz k\u00e9rj\u00fck tekintse meg a m\u00e9rett\u00e1bl\u00e1zatunkat.<\/p>\n","protected":false},"excerpt":{"rendered":"<p>R\u00f6vid feh\u00e9r leggings zsebekkel \u00e9s alakform\u00e1l\u00f3 hat\u00e1ssal. Ez a n\u0151i leggings rugalmas, puha tapint\u00e1s\u00fa anyagb\u00f3l k\u00e9sz\u00fclt, h\u00e1tul r\u00e9jtett \u00f6sszeh\u00faz\u00f3 rugalmas varr\u00e1ssal, amely t\u00f6k\u00e9letesen form\u00e1lja az alakot. A leggings k\u00e9t oldalzsebbbel rendelkezik, amelyek alkalmasak telefon vagy fitnesz b\u00e9rlet t\u00e1rol\u00e1s\u00e1ra, \u00edgy k\u00e9nyelmet biztos\u00edtanak edz\u00e9s k\u00f6zben. A leggings varr\u00e1s n\u00e9lk\u00fcli, rendk\u00edv\u00fcl tart\u00f3s anyagb\u00f3l k\u00e9sz\u00fclt, amely nem sz\u00edvja mag\u00e1ba [&hellip;]<\/p>\n","protected":false},"featured_media":114466,"comment_status":"open","ping_status":"closed","template":"","meta":[],"product_brand":[],"product_cat":[191,142,200],"product_tag":[],"class_list":{"0":"post-115600","1":"product","2":"type-product","3":"status-publish","4":"has-post-thumbnail","6":"product_cat-leggings-zsebekkel","7":"product_cat-noi-sport-leggings-fitnesz","8":"product_cat-rovid-noi-leggings","9":"pa_cviat-feher-hu","10":"pa_razmer-m-hu","11":"pa_razmer-s-hu-2","12":"inventories-world","13":"inventories-pl","15":"first","16":"instock","17":"taxable","18":"shipping-taxable","19":"purchasable","20":"product-type-variable"},"_links":{"self":[{"href":"https:\/\/peach-pump.com\/en\/wp-json\/wp\/v2\/product\/115600","targetHints":{"allow":["GET"]}}],"collection":[{"href":"https:\/\/peach-pump.com\/en\/wp-json\/wp\/v2\/product"}],"about":[{"href":"https:\/\/peach-pump.com\/en\/wp-json\/wp\/v2\/types\/product"}],"replies":[{"embeddable":true,"href":"https:\/\/peach-pump.com\/en\/wp-json\/wp\/v2\/comments?post=115600"}],"version-history":[{"count":0,"href":"https:\/\/peach-pump.com\/en\/wp-json\/wp\/v2\/product\/115600\/revisions"}],"wp:featuredmedia":[{"embeddable":true,"href":"https:\/\/peach-pump.com\/en\/wp-json\/wp\/v2\/media\/114466"}],"wp:attachment":[{"href":"https:\/\/peach-pump.com\/en\/wp-json\/wp\/v2\/media?parent=115600"}],"wp:term":[{"taxonomy":"product_brand","embeddable":true,"href":"https:\/\/peach-pump.com\/en\/wp-json\/wp\/v2\/product_brand?post=115600"},{"taxonomy":"product_cat","embeddable":true,"href":"https:\/\/peach-pump.com\/en\/wp-json\/wp\/v2\/product_cat?post=115600"},{"taxonomy":"product_tag","embeddable":true,"href":"https:\/\/peach-pump.com\/en\/wp-json\/wp\/v2\/product_tag?post=115600"}],"curies":[{"name":"wp","href":"https:\/\/api.w.org\/{rel}","templated":true}]}}