{"id":111033,"date":"2025-03-29T11:14:46","date_gmt":"2025-03-29T09:14:46","guid":{"rendered":"https:\/\/peach-pump.com\/products\/fekete-sportmelltarto-fekete-pantokkal\/"},"modified":"2026-04-03T13:55:08","modified_gmt":"2026-04-03T11:55:08","slug":"fekete-sportmelltarto-fekete-pantokkal","status":"publish","type":"product","link":"https:\/\/peach-pump.com\/hu\/products\/fekete-sportmelltarto-fekete-pantokkal\/","title":{"rendered":"Fekete p\u00e1ntos fekete sportmellt\u00e1rt\u00f3"},"content":{"rendered":"<p>Fekete sportmelltart\u00f3 fekete p\u00e1ntokkal \u00e9s push-up hat\u00e1s\u00fa p\u00e1rnabet\u00e9tekkel. Ez a modell rugalmas, l\u00e9g\u00e1tereszt\u0151 anyagb\u00f3l k\u00e9sz\u00fclt, amely kit\u0171n\u0151en elvezeti a nedvess\u00e9get a testr\u0151l, \u00e9s teljes mozg\u00e1sszabads\u00e1got biztos\u00edt edz\u00e9s k\u00f6zben. A sportmelltart\u00f3 p\u00e1rnabet\u00e9tei kivehet\u0151k, az elej\u00e9n h\u0151pr\u00e9ssel r\u00f6gz\u00edtett &#8220;Peach Pump&#8221; log\u00f3 tal\u00e1lhat\u00f3. T\u00f6k\u00e9letesen kombin\u00e1lhat\u00f3 ugyanilyen mint\u00e1j\u00fa r\u00f6vid leggingszel vagy egysz\u00edn\u0171 hossz\u00fa leggingszel.   <\/p>\n<p>Egy \u00fcde aj\u00e1nlat, amelyben gy\u00f6ny\u00f6r\u0171nek \u00e9s szexinek \u00e9rezheti mag\u00e1t.<\/p>\n<ul>\n<li> Kivehet\u0151 p\u00e1rn\u00e1k<\/li>\n<li> Push-Up hat\u00e1s<\/li>\n<li> Nagy rugalmass\u00e1g<\/li>\n<li> H\u0151pr\u00e9ssel r\u00f6gz\u00edtett &#8220;Peach Pump&#8221; log\u00f3 a sportmellt\u00e1rt\u00f3 el\u00fcls\u0151 r\u00e9szen<\/li>\n<li> A nedvess\u00e9get a testt\u0151l elvezet\u0151 anyag<\/li>\n<\/ul>\n<p>Anyag\u00f6sszet\u00e9tel: 80% poli\u00e9szter, 20% elaszt\u00e1n<\/p>\n<p>A sportmelltart\u00f3 legfeljebb 30 fokon moshat\u00f3, aj\u00e1nlott kiford\u00edtva mosni. K\u00e9rj\u00fck, ne haszn\u00e1ljon feh\u00e9r\u00edt\u0151t vagy vegytiszt\u00edt\u00e1st<\/p>\n<p>A k\u00e9pen l\u00e1that\u00f3 modell 170 cm magas, 49 kg s\u00faly\u00fa, \u00e9s S-es m\u00e9ret\u0171 melltart\u00f3t visel.<\/p>\n<p>A megfelel\u0151 m\u00e9ret pontos kiv\u00e1laszt\u00e1s\u00e1hoz k\u00e9rj\u00fck tekintse meg a m\u00e9rett\u00e1bl\u00e1zatunkat.<\/p>\n","protected":false},"excerpt":{"rendered":"<p>Fekete sportmelltart\u00f3 fekete p\u00e1ntokkal \u00e9s push-up hat\u00e1s\u00fa p\u00e1rnabet\u00e9tekkel. Ez a modell rugalmas, l\u00e9g\u00e1tereszt\u0151 anyagb\u00f3l k\u00e9sz\u00fclt, amely kit\u0171n\u0151en elvezeti a nedvess\u00e9get a testr\u0151l, \u00e9s teljes mozg\u00e1sszabads\u00e1got biztos\u00edt edz\u00e9s k\u00f6zben. A sportmelltart\u00f3 p\u00e1rnabet\u00e9tei kivehet\u0151k, az elej\u00e9n h\u0151pr\u00e9ssel r\u00f6gz\u00edtett &#8220;Peach Pump&#8221; log\u00f3 tal\u00e1lhat\u00f3. T\u00f6k\u00e9letesen kombin\u00e1lhat\u00f3 ugyanilyen mint\u00e1j\u00fa r\u00f6vid leggingszel vagy egysz\u00edn\u0171 hossz\u00fa leggingszel. Egy \u00fcde aj\u00e1nlat, amelyben gy\u00f6ny\u00f6r\u0171nek [&hellip;]<\/p>\n","protected":false},"featured_media":110091,"comment_status":"open","ping_status":"closed","template":"","meta":[],"product_brand":[],"product_cat":[356],"product_tag":[],"class_list":{"0":"post-111033","1":"product","2":"type-product","3":"status-publish","4":"has-post-thumbnail","6":"product_cat-sportmelltartok-fitneszhez","7":"pa_cviat-fekete-feher","8":"pa_razmer-l-hu-2","9":"pa_razmer-m-hu","10":"pa_razmer-s-hu-2","11":"inventories-world","12":"inventories-pl","13":"inventories-uk","15":"first","16":"instock","17":"taxable","18":"shipping-taxable","19":"purchasable","20":"product-type-variable"},"_links":{"self":[{"href":"https:\/\/peach-pump.com\/en\/wp-json\/wp\/v2\/product\/111033","targetHints":{"allow":["GET"]}}],"collection":[{"href":"https:\/\/peach-pump.com\/en\/wp-json\/wp\/v2\/product"}],"about":[{"href":"https:\/\/peach-pump.com\/en\/wp-json\/wp\/v2\/types\/product"}],"replies":[{"embeddable":true,"href":"https:\/\/peach-pump.com\/en\/wp-json\/wp\/v2\/comments?post=111033"}],"version-history":[{"count":0,"href":"https:\/\/peach-pump.com\/en\/wp-json\/wp\/v2\/product\/111033\/revisions"}],"wp:featuredmedia":[{"embeddable":true,"href":"https:\/\/peach-pump.com\/en\/wp-json\/wp\/v2\/media\/110091"}],"wp:attachment":[{"href":"https:\/\/peach-pump.com\/en\/wp-json\/wp\/v2\/media?parent=111033"}],"wp:term":[{"taxonomy":"product_brand","embeddable":true,"href":"https:\/\/peach-pump.com\/en\/wp-json\/wp\/v2\/product_brand?post=111033"},{"taxonomy":"product_cat","embeddable":true,"href":"https:\/\/peach-pump.com\/en\/wp-json\/wp\/v2\/product_cat?post=111033"},{"taxonomy":"product_tag","embeddable":true,"href":"https:\/\/peach-pump.com\/en\/wp-json\/wp\/v2\/product_tag?post=111033"}],"curies":[{"name":"wp","href":"https:\/\/api.w.org\/{rel}","templated":true}]}}