{"id":69949,"date":"2022-09-21T07:39:42","date_gmt":"2022-09-21T05:39:42","guid":{"rendered":"https:\/\/peach-pump.com\/%d0\/"},"modified":"2025-09-02T17:04:06","modified_gmt":"2025-09-02T15:04:06","slug":"csere-es-visszakuldes","status":"publish","type":"page","link":"https:\/\/peach-pump.com\/hu\/csere-es-visszakuldes\/","title":{"rendered":"CSERE \u00c9S VISSZAK\u00dcLD\u00c9S"},"content":{"rendered":"\t\t<div data-elementor-type=\"wp-page\" data-elementor-id=\"69949\" class=\"elementor elementor-69949 elementor-20392\" data-elementor-post-type=\"page\">\n\t\t\t\t<div class=\"elementor-element elementor-element-0bdd6ac e-con-full e-flex e-con e-parent\" data-id=\"0bdd6ac\" data-element_type=\"container\">\n\t\t\t\t<div class=\"elementor-element elementor-element-3551429 elementor-widget elementor-widget-text-editor\" data-id=\"3551429\" data-element_type=\"widget\" data-widget_type=\"text-editor.default\">\n\t\t\t\t<div class=\"elementor-widget-container\">\n\t\t\t\t\t\t\t\t\t<h2 class=\"wp-block-heading\"><strong>CSERE \u00c9S VISSZAK\u00dcLD\u00c9S<\/strong><\/h2>\t\t\t\t\t\t\t\t<\/div>\n\t\t\t\t<\/div>\n\t\t\t\t<div class=\"elementor-element elementor-element-d330f9d elementor-widget__width-initial elementor-widget elementor-widget-shortcode\" data-id=\"d330f9d\" data-element_type=\"widget\" data-widget_type=\"shortcode.default\">\n\t\t\t\t<div class=\"elementor-widget-container\">\n\t\t\t\t\t\t\t<div class=\"elementor-shortcode\"><p class=\"wpcf7-contact-form-not-found\"><strong>Error:<\/strong> Contact form not found.<\/p><\/div>\n\t\t\t\t\t\t<\/div>\n\t\t\t\t<\/div>\n\t\t\t\t<\/div>\n\t\t<div class=\"elementor-element elementor-element-734bd85 e-con-full e-flex e-con e-parent\" data-id=\"734bd85\" data-element_type=\"container\">\n\t\t\t\t<div class=\"elementor-element elementor-element-0402aea elementor-widget__width-initial elementor-widget elementor-widget-text-editor\" data-id=\"0402aea\" data-element_type=\"widget\" data-widget_type=\"text-editor.default\">\n\t\t\t\t<div class=\"elementor-widget-container\">\n\t\t\t\t\t\t\t\t\t<h2 data-start=\"87\" data-end=\"120\">Visszak\u00fcld\u00e9si \u00e9s csere szab\u00e1lyzat<\/h2><p data-start=\"122\" data-end=\"294\">Sz\u00e1munkra az a legfontosabb, hogy v\u00e1s\u00e1rl\u00f3ink teljes m\u00e9rt\u00e9kben el\u00e9gedettek legyenek a v\u00e1s\u00e1rl\u00e1sukkal.<br data-start=\"202\" data-end=\"205\">\u00d6nnek joga van a term\u00e9ket <strong data-start=\"262\" data-end=\"272\">30 napon <\/strong>bel\u00fcl visszak\u00fcldeni vagy kicser\u00e9lni a k\u00e9zhezv\u00e9telt\u0151l sz\u00e1m\u00edtva.<\/p><h3 data-start=\"296\" data-end=\"338\">Hogyan k\u00fcldhet vissza vagy cser\u00e9lhet term\u00e9ket:<\/h3><ul data-start=\"339\" data-end=\"705\"><li data-start=\"339\" data-end=\"437\"><p data-start=\"341\" data-end=\"437\">K\u00e9rj\u00fck, vegye fel vel\u00fcnk a kapcsolatot a platformon kereszt\u00fcl, \u00e9s koll\u00e9g\u00e1nk teljes k\u00f6r\u0171 t\u00e1j\u00e9koztat\u00e1st ad a l\u00e9p\u00e9sekr\u0151l.<\/p><\/li><li data-start=\"438\" data-end=\"550\"><p data-start=\"440\" data-end=\"550\">Sz\u00fcks\u00e9ges a<strong data-start=\"452\" data-end=\"476\"> rendel\u00e9s sz\u00e1ma<\/strong> \u2013 a 6 sz\u00e1mjegy\u0171 k\u00f3d, amelyet e-mailben k\u00fcldt\u00fcnk (ellen\u0151rizze a \u201eSpam\u201d mapp\u00e1t is).<br>Az esett\u0151l f\u00fcgg\u0151en k\u00fcld\u00fcnk \u00d6nnek egy fut\u00e1rt a csomag felv\u00e9tel\u00e9re, vagy kap egy visszak\u00fcld\u00e9si c\u00edmk\u00e9t, amelyet a felad\u00e1sn\u00e1l haszn\u00e1lhat.<\/p><\/li><li data-start=\"551\" data-end=\"705\"><p data-start=\"553\" data-end=\"705\"><span style=\"color: #222222; font-size: 24px; font-weight: 600; letter-spacing: 0px; text-wrap-mode: initial;\">Visszak\u00fcld\u00e9s felt\u00e9telei:<\/span><\/p><\/li><\/ul><ul data-start=\"733\" data-end=\"1105\"><li data-start=\"733\" data-end=\"820\"><p data-start=\"735\" data-end=\"820\">A term\u00e9knek eredeti \u00e1llapotban kell lennie, visel\u00e9s, mos\u00e1s vagy haszn\u00e1lat nyomai n\u00e9lk\u00fcl.<\/p><\/li><li data-start=\"821\" data-end=\"904\"><p data-start=\"823\" data-end=\"904\">Minden c\u00edmk\u00e9t \u00e9s csomagol\u00e1st meg kell \u0151rizni, \u00e9s a term\u00e9kkel egy\u00fctt visszak\u00fcldeni.<\/p><\/li><li data-start=\"905\" data-end=\"995\"><p data-start=\"907\" data-end=\"995\">Nem fogadunk el olyan term\u00e9keket, amelyeket sz\u00e1nd\u00e9kosan megrong\u00e1ltak, vagy a helytelen haszn\u00e1lat nyomait viselik.<\/p><\/li><li data-start=\"996\" data-end=\"1105\"><p data-start=\"998\" data-end=\"1105\">Elfogadjuk hib\u00e1s \u00e9s hib\u00e1tlan term\u00e9kek visszak\u00fcld\u00e9s\u00e9t is, amennyiben teljes\u00edtik a visszak\u00fcld\u00e9si felt\u00e9teleket.<\/p><\/li><\/ul><h3 data-start=\"1107\" data-end=\"1120\">Csere:<\/h3><ul data-start=\"1121\" data-end=\"1307\"><li data-start=\"1121\" data-end=\"1206\"><p data-start=\"1123\" data-end=\"1206\">A term\u00e9ket kicser\u00e9lheti ugyanarra a modellre m\u00e1s m\u00e9retben vagy sz\u00ednben, amennyiben el\u00e9rhet\u0151.<\/p><\/li><li data-start=\"1207\" data-end=\"1307\"><p data-start=\"1209\" data-end=\"1307\">Amennyiben m\u00e1sik term\u00e9kre k\u00edv\u00e1nja cser\u00e9lni \u2013 ha \u00e1rk\u00fcl\u00f6nbs\u00e9g van, azt ki kell fizetni vagy visszat\u00e9r\u00edtj\u00fck.<\/p><\/li><\/ul><h3 data-start=\"1309\" data-end=\"1338\">Visszat\u00e9r\u00edt\u00e9s:<\/h3><ul data-start=\"1339\" data-end=\"1529\"><li data-start=\"1339\" data-end=\"1463\"><p data-start=\"1341\" data-end=\"1463\">A visszak\u00fcld\u00f6tt term\u00e9k be\u00e9rkez\u00e9se \u00e9s j\u00f3v\u00e1hagy\u00e1sa ut\u00e1n az \u00f6sszeget legfeljebb <strong data-start=\"1428\" data-end=\"1460\">14 munkanapon bel\u00fcl banki <\/strong>\u00e1tutal\u00e1ssal visszat\u00e9r\u00edtj\u00fck.<\/p><\/li><li data-start=\"1464\" data-end=\"1529\"><p data-start=\"1466\" data-end=\"1529\">A legt\u00f6bb esetben a visszat\u00e9r\u00edt\u00e9s enn\u00e9l j\u00f3val gyorsabban megt\u00f6rt\u00e9nik.<\/p><\/li><\/ul><p> <\/p><p data-start=\"1531\" data-end=\"1628\">Csapatunk mindig k\u00e9szs\u00e9ggel \u00e1ll rendelkez\u00e9s\u00e9re k\u00e9rd\u00e9seivel kapcsolatban, \u00e9s \u00f6r\u00f6mmel seg\u00edt \u00d6nnek. \u2764\ufe0f <\/p>\t\t\t\t\t\t\t\t<\/div>\n\t\t\t\t<\/div>\n\t\t\t\t<\/div>\n\t\t\t\t<\/div>\n\t\t","protected":false},"excerpt":{"rendered":"<p>CSERE \u00c9S VISSZAK\u00dcLD\u00c9S Visszak\u00fcld\u00e9si \u00e9s csere szab\u00e1lyzat Sz\u00e1munkra az a legfontosabb, hogy v\u00e1s\u00e1rl\u00f3ink teljes m\u00e9rt\u00e9kben el\u00e9gedettek legyenek a v\u00e1s\u00e1rl\u00e1sukkal.\u00d6nnek joga van a term\u00e9ket 30 napon bel\u00fcl visszak\u00fcldeni vagy kicser\u00e9lni a k\u00e9zhezv\u00e9telt\u0151l sz\u00e1m\u00edtva. Hogyan k\u00fcldhet vissza vagy cser\u00e9lhet term\u00e9ket: K\u00e9rj\u00fck, vegye fel vel\u00fcnk a kapcsolatot a platformon kereszt\u00fcl, \u00e9s koll\u00e9g\u00e1nk teljes k\u00f6r\u0171 t\u00e1j\u00e9koztat\u00e1st ad a l\u00e9p\u00e9sekr\u0151l. [&hellip;]<\/p>\n","protected":false},"author":1,"featured_media":0,"parent":0,"menu_order":0,"comment_status":"closed","ping_status":"closed","template":"","meta":{"footnotes":""},"class_list":["post-69949","page","type-page","status-publish","hentry"],"_links":{"self":[{"href":"https:\/\/peach-pump.com\/en\/wp-json\/wp\/v2\/pages\/69949","targetHints":{"allow":["GET"]}}],"collection":[{"href":"https:\/\/peach-pump.com\/en\/wp-json\/wp\/v2\/pages"}],"about":[{"href":"https:\/\/peach-pump.com\/en\/wp-json\/wp\/v2\/types\/page"}],"author":[{"embeddable":true,"href":"https:\/\/peach-pump.com\/en\/wp-json\/wp\/v2\/users\/1"}],"replies":[{"embeddable":true,"href":"https:\/\/peach-pump.com\/en\/wp-json\/wp\/v2\/comments?post=69949"}],"version-history":[{"count":18,"href":"https:\/\/peach-pump.com\/en\/wp-json\/wp\/v2\/pages\/69949\/revisions"}],"predecessor-version":[{"id":128298,"href":"https:\/\/peach-pump.com\/en\/wp-json\/wp\/v2\/pages\/69949\/revisions\/128298"}],"wp:attachment":[{"href":"https:\/\/peach-pump.com\/en\/wp-json\/wp\/v2\/media?parent=69949"}],"curies":[{"name":"wp","href":"https:\/\/api.w.org\/{rel}","templated":true}]}}