{"id":98622,"date":"2024-11-17T21:19:14","date_gmt":"2024-11-17T19:19:14","guid":{"rendered":"https:\/\/peach-pump.com\/products\/bijele-sportske-carape\/"},"modified":"2026-04-05T12:56:53","modified_gmt":"2026-04-05T10:56:53","slug":"bijele-sportske-carape","status":"publish","type":"product","link":"https:\/\/peach-pump.com\/hr\/products\/bijele-sportske-carape\/","title":{"rendered":"Bijele sportske \u010darape Peach Pump"},"content":{"rendered":"<p>Bijele sportske \u010darape s utkanim logom Peach Pump, imaju oja\u010dani donji dio i pru\u017eaju izdr\u017eljivost, stabilnost i omek\u0161avanje kada se kre\u0107ete. Izra\u0111ene su od tkanine koja isparava vlagu i odr\u017eava svje\u017einu. <\/p>\n<ul>\n<li>Mekani materijal<\/li>\n<li>visok kvalitet<\/li>\n<li>Elasti\u010dnost<\/li>\n<li>80% pamuk<\/li>\n<li>Utkani logo Peach Pump<\/li>\n<li>Poja\u010dane na potplatu za izdr\u017eljivost<\/li>\n<li>&#8220;Veli\u010dina posade&#8221; &#8211; duljina lista<\/li>\n<\/ul>\n<p>Sastav: 80% pamuk, 17% poliester, 3% spandex Perivo u perilici rublja na 40\u00b0C bez kemijskog \u010di\u0161\u0107enja, su\u0161iti u su\u0161ilici rublja. \u010carape se ne mogu vratiti niti zamijeniti!<\/p>\n","protected":false},"excerpt":{"rendered":"<p>Bijele sportske \u010darape s utkanim logom Peach Pump, imaju oja\u010dani donji dio i pru\u017eaju izdr\u017eljivost, stabilnost i omek\u0161avanje kada se kre\u0107ete. Izra\u0111ene su od tkanine koja isparava vlagu i odr\u017eava svje\u017einu. Mekani materijal visok kvalitet Elasti\u010dnost 80% pamuk Utkani logo Peach Pump Poja\u010dane na potplatu za izdr\u017eljivost &#8220;Veli\u010dina posade&#8221; &#8211; duljina lista Sastav: 80% pamuk, [&hellip;]<\/p>\n","protected":false},"featured_media":96459,"comment_status":"open","ping_status":"closed","template":"","meta":[],"product_brand":[],"product_cat":[787],"product_tag":[],"class_list":{"0":"post-98622","1":"product","2":"type-product","3":"status-publish","4":"has-post-thumbnail","6":"product_cat-pribor","7":"pa_cviat-bijel","8":"pa_razmer-jedna-velicina","9":"inventories-world","10":"inventories-pl","11":"inventories-uk","13":"first","14":"instock","15":"taxable","16":"shipping-taxable","17":"purchasable","18":"product-type-variable"},"_links":{"self":[{"href":"https:\/\/peach-pump.com\/hr\/wp-json\/wp\/v2\/product\/98622","targetHints":{"allow":["GET"]}}],"collection":[{"href":"https:\/\/peach-pump.com\/hr\/wp-json\/wp\/v2\/product"}],"about":[{"href":"https:\/\/peach-pump.com\/hr\/wp-json\/wp\/v2\/types\/product"}],"replies":[{"embeddable":true,"href":"https:\/\/peach-pump.com\/hr\/wp-json\/wp\/v2\/comments?post=98622"}],"version-history":[{"count":0,"href":"https:\/\/peach-pump.com\/hr\/wp-json\/wp\/v2\/product\/98622\/revisions"}],"wp:featuredmedia":[{"embeddable":true,"href":"https:\/\/peach-pump.com\/hr\/wp-json\/wp\/v2\/media\/96459"}],"wp:attachment":[{"href":"https:\/\/peach-pump.com\/hr\/wp-json\/wp\/v2\/media?parent=98622"}],"wp:term":[{"taxonomy":"product_brand","embeddable":true,"href":"https:\/\/peach-pump.com\/hr\/wp-json\/wp\/v2\/product_brand?post=98622"},{"taxonomy":"product_cat","embeddable":true,"href":"https:\/\/peach-pump.com\/hr\/wp-json\/wp\/v2\/product_cat?post=98622"},{"taxonomy":"product_tag","embeddable":true,"href":"https:\/\/peach-pump.com\/hr\/wp-json\/wp\/v2\/product_tag?post=98622"}],"curies":[{"name":"wp","href":"https:\/\/api.w.org\/{rel}","templated":true}]}}