{"id":98620,"date":"2024-11-17T21:09:57","date_gmt":"2024-11-17T19:09:57","guid":{"rendered":"https:\/\/peach-pump.com\/products\/bijele-sportske-carape-crne-linije\/"},"modified":"2026-04-07T22:35:40","modified_gmt":"2026-04-07T20:35:40","slug":"bijele-sportske-carape-crne-linije","status":"publish","type":"product","link":"https:\/\/peach-pump.com\/hr\/products\/bijele-sportske-carape-crne-linije\/","title":{"rendered":"Bijele sportske \u010darape s crnim linijama od Peach Pump"},"content":{"rendered":"<p>\u017denske bijele sportske \u010darape s crnim linijama i utkanim Peach Pump logom, imaju oja\u010dani donji dio te pru\u017eaju snagu, stabilnost i omek\u0161avanje tokom kretanja. Izra\u0111ene su od tkanine koja isparava vlagu i odr\u017eava svje\u017einu. <\/p>\n<ul>\n<li>Mekani materijal<\/li>\n<li>visok kvalitet<\/li>\n<li>Elasti\u010dnost<\/li>\n<li>80% pamuk<\/li>\n<li>Utkani logo Peach Pump<\/li>\n<li>Poja\u010dane na potplatu za izdr\u017eljivost<\/li>\n<li>&#8220;Veli\u010dina posade&#8221; &#8211; duljina lista<\/li>\n<\/ul>\n<p>Sastav: 80% pamuk, 17% poliester, 3% spandex Perivo u perilici rublja na 40\u00b0C bez kemijskog \u010di\u0161\u0107enja, su\u0161iti u su\u0161ilici rublja. \u010carape se ne mogu vratiti niti zamijeniti!<\/p>\n","protected":false},"excerpt":{"rendered":"<p>\u017denske bijele sportske \u010darape s crnim linijama i utkanim Peach Pump logom, imaju oja\u010dani donji dio te pru\u017eaju snagu, stabilnost i omek\u0161avanje tokom kretanja. Izra\u0111ene su od tkanine koja isparava vlagu i odr\u017eava svje\u017einu. Mekani materijal visok kvalitet Elasti\u010dnost 80% pamuk Utkani logo Peach Pump Poja\u010dane na potplatu za izdr\u017eljivost &#8220;Veli\u010dina posade&#8221; &#8211; duljina lista [&hellip;]<\/p>\n","protected":false},"featured_media":96522,"comment_status":"open","ping_status":"closed","template":"","meta":[],"product_brand":[],"product_cat":[787],"product_tag":[],"class_list":{"0":"post-98620","1":"product","2":"type-product","3":"status-publish","4":"has-post-thumbnail","6":"product_cat-pribor","7":"pa_cviat-bijelo-crno","8":"pa_razmer-jedna-velicina","9":"inventories-world","10":"inventories-pl","11":"inventories-uk","13":"first","14":"instock","15":"taxable","16":"shipping-taxable","17":"purchasable","18":"product-type-variable"},"_links":{"self":[{"href":"https:\/\/peach-pump.com\/en\/wp-json\/wp\/v2\/product\/98620","targetHints":{"allow":["GET"]}}],"collection":[{"href":"https:\/\/peach-pump.com\/en\/wp-json\/wp\/v2\/product"}],"about":[{"href":"https:\/\/peach-pump.com\/en\/wp-json\/wp\/v2\/types\/product"}],"replies":[{"embeddable":true,"href":"https:\/\/peach-pump.com\/en\/wp-json\/wp\/v2\/comments?post=98620"}],"version-history":[{"count":0,"href":"https:\/\/peach-pump.com\/en\/wp-json\/wp\/v2\/product\/98620\/revisions"}],"wp:featuredmedia":[{"embeddable":true,"href":"https:\/\/peach-pump.com\/en\/wp-json\/wp\/v2\/media\/96522"}],"wp:attachment":[{"href":"https:\/\/peach-pump.com\/en\/wp-json\/wp\/v2\/media?parent=98620"}],"wp:term":[{"taxonomy":"product_brand","embeddable":true,"href":"https:\/\/peach-pump.com\/en\/wp-json\/wp\/v2\/product_brand?post=98620"},{"taxonomy":"product_cat","embeddable":true,"href":"https:\/\/peach-pump.com\/en\/wp-json\/wp\/v2\/product_cat?post=98620"},{"taxonomy":"product_tag","embeddable":true,"href":"https:\/\/peach-pump.com\/en\/wp-json\/wp\/v2\/product_tag?post=98620"}],"curies":[{"name":"wp","href":"https:\/\/api.w.org\/{rel}","templated":true}]}}