{"id":93642,"date":"2024-11-02T22:43:01","date_gmt":"2024-11-02T20:43:01","guid":{"rendered":"https:\/\/peach-pump.com\/products\/plavo-sive-tajice-niski-struk\/"},"modified":"2026-04-05T01:15:18","modified_gmt":"2026-04-04T23:15:18","slug":"plavo-sive-tajice-niski-struk","status":"publish","type":"product","link":"https:\/\/peach-pump.com\/hr\/products\/plavo-sive-tajice-niski-struk\/","title":{"rendered":"Plavo-sive be\u0161avne tajice niskog struka"},"content":{"rendered":"<p>Be\u0161avne plavo-sive tajice izra\u0111ene od \u010dvrstog, be\u0161avnog, elasti\u010dnog i mekanog materijala na dodir. Ovaj model savr\u0161eno oblikuje tijelo i ima ni\u017ei struk. Tkanina tajica prikriva problemati\u010dna podru\u010dja, odvodi vlagu od tijela i oblikuje stra\u017enjicu poput breskve, za lijepu i gracioznu siluetu.   Uz ovaj model osje\u0107at \u0107ete se udobno i samouvjereno. Mo\u017eete kombinirati tajice sa sportskim grudnjakom istom dezenu ili svoj sportski izgled u\u010diniti istaknutijim i druga\u010dijim uz na\u0161u bogatu kolekciju jakni, sportskih grudnjaka i dodataka.<\/p>\n<ul>\n<li>Niskog struka<\/li>\n<li>Tkanina bez \u0161avova<\/li>\n<li>Podi\u017eu, oblikuju, prikrivaju problemati\u010dna podru\u010dja<\/li>\n<li>Rips pojas koji omotava ki\u010dmu.<\/li>\n<li>Peachy efekt<\/li>\n<li>Bez \u0161avova sprijeda<\/li>\n<li>Toplinski zape\u010da\u0107eni logo Peach Pump na stra\u017enjoj strani tajice<\/li>\n<li>Peach Pump logo na bedru<\/li>\n<li>Tkanina koja odvodi vlagu s tijela<\/li>\n<\/ul>\n<p>Sastav: 80% poliester 20% elastan<\/p>\n<p>Proizvod se mo\u017ee prati na temperaturi do 30 stupnjeva, molimo nemojte koristiti izbjeljiva\u010d niti kemijsko \u010di\u0161\u0107enje.<\/p>\n<p>Manekenka na fotografiji visoka je 162 cm, te\u0161ka 51 kg i nosi veli\u010dinu S.<\/p>\n<p>Koristite tablice za odabir to\u010dne veli\u010dine.<\/p>\n","protected":false},"excerpt":{"rendered":"<p>Be\u0161avne plavo-sive tajice izra\u0111ene od \u010dvrstog, be\u0161avnog, elasti\u010dnog i mekanog materijala na dodir. Ovaj model savr\u0161eno oblikuje tijelo i ima ni\u017ei struk. Tkanina tajica prikriva problemati\u010dna podru\u010dja, odvodi vlagu od tijela i oblikuje stra\u017enjicu poput breskve, za lijepu i gracioznu siluetu. Uz ovaj model osje\u0107at \u0107ete se udobno i samouvjereno. Mo\u017eete kombinirati tajice sa sportskim [&hellip;]<\/p>\n","protected":false},"featured_media":92431,"comment_status":"open","ping_status":"closed","template":"","meta":[],"product_brand":[],"product_cat":[136,293],"product_tag":[972,971],"class_list":{"0":"post-93642","1":"product","2":"type-product","3":"status-publish","4":"has-post-thumbnail","6":"product_cat-zenske-sportske-tajice","7":"product_cat-zenske-tajice-duge","8":"product_tag-niski-struk","9":"product_tag-plavo-sive-tajice","10":"pa_cviat-plava","11":"pa_razmer-l-hr","12":"pa_razmer-m-hr","13":"pa_razmer-s-hr-2","14":"pa_razmer-xl-hr","15":"inventories-world","16":"inventories-pl","17":"inventories-uk","19":"first","20":"instock","21":"taxable","22":"shipping-taxable","23":"purchasable","24":"product-type-variable"},"_links":{"self":[{"href":"https:\/\/peach-pump.com\/en\/wp-json\/wp\/v2\/product\/93642","targetHints":{"allow":["GET"]}}],"collection":[{"href":"https:\/\/peach-pump.com\/en\/wp-json\/wp\/v2\/product"}],"about":[{"href":"https:\/\/peach-pump.com\/en\/wp-json\/wp\/v2\/types\/product"}],"replies":[{"embeddable":true,"href":"https:\/\/peach-pump.com\/en\/wp-json\/wp\/v2\/comments?post=93642"}],"version-history":[{"count":1,"href":"https:\/\/peach-pump.com\/en\/wp-json\/wp\/v2\/product\/93642\/revisions"}],"predecessor-version":[{"id":108777,"href":"https:\/\/peach-pump.com\/en\/wp-json\/wp\/v2\/product\/93642\/revisions\/108777"}],"wp:featuredmedia":[{"embeddable":true,"href":"https:\/\/peach-pump.com\/en\/wp-json\/wp\/v2\/media\/92431"}],"wp:attachment":[{"href":"https:\/\/peach-pump.com\/en\/wp-json\/wp\/v2\/media?parent=93642"}],"wp:term":[{"taxonomy":"product_brand","embeddable":true,"href":"https:\/\/peach-pump.com\/en\/wp-json\/wp\/v2\/product_brand?post=93642"},{"taxonomy":"product_cat","embeddable":true,"href":"https:\/\/peach-pump.com\/en\/wp-json\/wp\/v2\/product_cat?post=93642"},{"taxonomy":"product_tag","embeddable":true,"href":"https:\/\/peach-pump.com\/en\/wp-json\/wp\/v2\/product_tag?post=93642"}],"curies":[{"name":"wp","href":"https:\/\/api.w.org\/{rel}","templated":true}]}}