{"id":90877,"date":"2024-10-11T16:54:50","date_gmt":"2024-10-11T14:54:50","guid":{"rendered":"https:\/\/peach-pump.com\/products\/sportski-kombinezon-smedi-besavni\/"},"modified":"2026-04-15T05:46:31","modified_gmt":"2026-04-15T03:46:31","slug":"sportski-kombinezon-smedi-besavni","status":"publish","type":"product","link":"https:\/\/peach-pump.com\/hr\/products\/sportski-kombinezon-smedi-besavni\/","title":{"rendered":"Be\u0161avni tamnosme\u0111i sportski kombinezon"},"content":{"rendered":"<p>Sme\u0111i sportski kombinezon, bez \u0161avova, izra\u0111en od elasti\u010dnog materijala koji savr\u0161eno pristaje uz tijelo. Model ima podesive naramenice na le\u0111ima, vi\u0161i struk na pozadini, \u0161to daje udobnost tijekom vje\u017ebanja. Ima podstavu s lifting efektom koja fiksiraja poprsje i lijepo izgleda bez grudnjaka. Struk kombinezona izra\u0111en je od ripsa koji ga skuplja i oblikuje. Tajice imaju efekt breskve i savr\u0161eno oblikuju. U ponudi je u jo\u0161 dvije sezonske boje.     <\/p>\n<ul>\n<li>Tkanina bez \u0161avova<\/li>\n<li>Podesive naramenice<\/li>\n<li>Podstava s Push-Up efektom<\/li>\n<li>Rips struk, skuplja i oblikuje<\/li>\n<li>Peachy efekt<\/li>\n<li>Toplinski zape\u010da\u0107eni logo Peach Pump na bo\u010dnim i stra\u017enjim stranama kombinezona<\/li>\n<\/ul>\n<p>Sastav: 80% poliester 20% elastan.<\/p>\n<p>Manekenka na fotografiji visoka je 164 cm, te\u0161ka 52 kg i nosi veli\u010dinu S.<\/p>\n<p>Kombinezon se mo\u017ee prati na temperaturi do 30 stupnjeva, nemojte koristiti izbjeljiva\u010d ili kemijsko \u010di\u0161\u0107enje.<\/p>\n<p>Koristite tablice za odabir to\u010dne veli\u010dine.<\/p>\n<p>&nbsp;<\/p>\n","protected":false},"excerpt":{"rendered":"<p>Sme\u0111i sportski kombinezon, bez \u0161avova, izra\u0111en od elasti\u010dnog materijala koji savr\u0161eno pristaje uz tijelo. Model ima podesive naramenice na le\u0111ima, vi\u0161i struk na pozadini, \u0161to daje udobnost tijekom vje\u017ebanja. Ima podstavu s lifting efektom koja fiksiraja poprsje i lijepo izgleda bez grudnjaka. Struk kombinezona izra\u0111en je od ripsa koji ga skuplja i oblikuje. Tajice imaju [&hellip;]<\/p>\n","protected":false},"featured_media":90480,"comment_status":"open","ping_status":"closed","template":"","meta":[],"product_brand":[],"product_cat":[342,1126,344],"product_tag":[],"class_list":{"0":"post-90877","1":"product","2":"type-product","3":"status-publish","4":"has-post-thumbnail","6":"product_cat-zenska-sportska-kombinacije","7":"product_cat-sportski-kombinezoni","8":"product_cat-sportski-kompleti-tajica","9":"pa_cviat-smede","10":"pa_razmer-l-hr","11":"pa_razmer-m-hr","12":"pa_razmer-s-hr-2","13":"inventories-world","14":"inventories-pl","15":"inventories-uk","17":"first","18":"instock","19":"taxable","20":"shipping-taxable","21":"purchasable","22":"product-type-variable"},"_links":{"self":[{"href":"https:\/\/peach-pump.com\/en\/wp-json\/wp\/v2\/product\/90877","targetHints":{"allow":["GET"]}}],"collection":[{"href":"https:\/\/peach-pump.com\/en\/wp-json\/wp\/v2\/product"}],"about":[{"href":"https:\/\/peach-pump.com\/en\/wp-json\/wp\/v2\/types\/product"}],"replies":[{"embeddable":true,"href":"https:\/\/peach-pump.com\/en\/wp-json\/wp\/v2\/comments?post=90877"}],"version-history":[{"count":1,"href":"https:\/\/peach-pump.com\/en\/wp-json\/wp\/v2\/product\/90877\/revisions"}],"predecessor-version":[{"id":105905,"href":"https:\/\/peach-pump.com\/en\/wp-json\/wp\/v2\/product\/90877\/revisions\/105905"}],"wp:featuredmedia":[{"embeddable":true,"href":"https:\/\/peach-pump.com\/en\/wp-json\/wp\/v2\/media\/90480"}],"wp:attachment":[{"href":"https:\/\/peach-pump.com\/en\/wp-json\/wp\/v2\/media?parent=90877"}],"wp:term":[{"taxonomy":"product_brand","embeddable":true,"href":"https:\/\/peach-pump.com\/en\/wp-json\/wp\/v2\/product_brand?post=90877"},{"taxonomy":"product_cat","embeddable":true,"href":"https:\/\/peach-pump.com\/en\/wp-json\/wp\/v2\/product_cat?post=90877"},{"taxonomy":"product_tag","embeddable":true,"href":"https:\/\/peach-pump.com\/en\/wp-json\/wp\/v2\/product_tag?post=90877"}],"curies":[{"name":"wp","href":"https:\/\/api.w.org\/{rel}","templated":true}]}}