{"id":87548,"date":"2024-08-27T14:35:22","date_gmt":"2024-08-27T12:35:22","guid":{"rendered":"https:\/\/peach-pump.com\/products\/plave-kratke-tajice-bijele-linije\/"},"modified":"2026-04-16T15:52:14","modified_gmt":"2026-04-16T13:52:14","slug":"plave-kratke-tajice-bijele-linije","status":"publish","type":"product","link":"https:\/\/peach-pump.com\/hr\/products\/plave-kratke-tajice-bijele-linije\/","title":{"rendered":"Plave kratke tajice s bijelim linijama"},"content":{"rendered":"<p>Plave kratke hla\u010de s bijelim linijama. Ovaj wedge model ima veliku elasti\u010dnost, lijepo se oblikuje i izra\u0111en je od materijala koji ne zadr\u017eava vlagu u tijelu. Straga je blagi efekt breskve.   Mo\u017ee se kombinirati sa sportskim grudnjakom istog dezena, pogledajte u rubrici &#8220;Sportski kompleti s kratkim tajicama&#8221;.<\/p>\n<ul>\n<li>Podi\u017eu, oblikuju, prikrivaju problemati\u010dna podru\u010dja<\/li>\n<li>Bez \u0161avova sprijeda<\/li>\n<li>Toplinski zape\u010da\u0107eni logo Peach Pump na stra\u017enjoj strani tajice<\/li>\n<li>Toplinski zape\u010da\u0107eni logo na bo\u010dnoj strani bedra<\/li>\n<li>Materijal koji ne zadr\u017eava vlagu u tijelu<\/li>\n<\/ul>\n<p>Sastav: 80% poliester 20% elastan<\/p>\n<p>Wedge se mo\u017ee prati na temperaturi do 30 stupnjeva, preporu\u010da se okrenuti naopako prilikom pranja, nemojte koristiti izbjeljiva\u010d ili kemijsko \u010di\u0161\u0107enje.<\/p>\n<p>Manekenka na fotografiji je visoka 180 cm, te\u0161ka 56 kg i nosi M veli\u010dinu.<\/p>\n<p>Koristite tablice za odabir to\u010dne veli\u010dine.<\/p>\n<p>&nbsp;<\/p>\n<p><a href=\"https:\/\/peach-pump.com\/wp-content\/uploads\/2024\/06\/Elastic-models-Peach-Pump-size-chart.jpg\"><img loading=\"lazy\" class=\"alignnone wp-image-80867 \" src=\"https:\/\/peach-pump.com\/wp-content\/uploads\/2024\/06\/Elastic-models-Peach-Pump-size-chart.jpg\" alt=\"\" width=\"667\" height=\"500\" srcset=\"https:\/\/peach-pump.com\/wp-content\/uploads\/2024\/06\/Elastic-models-Peach-Pump-size-chart.jpg 1024w, https:\/\/peach-pump.com\/wp-content\/uploads\/2024\/06\/Elastic-models-Peach-Pump-size-chart-480x360.jpg 480w, https:\/\/peach-pump.com\/wp-content\/uploads\/2024\/06\/Elastic-models-Peach-Pump-size-chart-1000x750.jpg 1000w, https:\/\/peach-pump.com\/wp-content\/uploads\/2024\/06\/Elastic-models-Peach-Pump-size-chart-400x300.jpg 400w, https:\/\/peach-pump.com\/wp-content\/uploads\/2024\/06\/Elastic-models-Peach-Pump-size-chart-768x576.jpg 768w, https:\/\/peach-pump.com\/wp-content\/uploads\/2024\/06\/Elastic-models-Peach-Pump-size-chart-990x743.jpg 990w, https:\/\/peach-pump.com\/wp-content\/uploads\/2024\/06\/Elastic-models-Peach-Pump-size-chart-441x331.jpg 441w, https:\/\/peach-pump.com\/wp-content\/uploads\/2024\/06\/Elastic-models-Peach-Pump-size-chart-150x113.jpg 150w, https:\/\/peach-pump.com\/wp-content\/uploads\/2024\/06\/Elastic-models-Peach-Pump-size-chart-64x48.jpg 64w\" sizes=\"auto, (max-width: 667px) 100vw, 667px\" \/><\/a><\/p>\n","protected":false},"excerpt":{"rendered":"<p>Plave kratke hla\u010de s bijelim linijama. Ovaj wedge model ima veliku elasti\u010dnost, lijepo se oblikuje i izra\u0111en je od materijala koji ne zadr\u017eava vlagu u tijelu. Straga je blagi efekt breskve. Mo\u017ee se kombinirati sa sportskim grudnjakom istog dezena, pogledajte u rubrici &#8220;Sportski kompleti s kratkim tajicama&#8221;. Podi\u017eu, oblikuju, prikrivaju problemati\u010dna podru\u010dja Bez \u0161avova sprijeda [&hellip;]<\/p>\n","protected":false},"featured_media":86724,"comment_status":"open","ping_status":"closed","template":"","meta":[],"product_brand":[],"product_cat":[136,196],"product_tag":[],"class_list":{"0":"post-87548","1":"product","2":"type-product","3":"status-publish","4":"has-post-thumbnail","6":"product_cat-zenske-sportske-tajice","7":"product_cat-kratke-tajice","8":"pa_cviat-plava","9":"pa_razmer-l-hr","10":"pa_razmer-m-hr","11":"pa_razmer-s-hr-2","12":"inventories-world","13":"inventories-pl","14":"inventories-uk","16":"first","17":"instock","18":"taxable","19":"shipping-taxable","20":"purchasable","21":"product-type-variable"},"_links":{"self":[{"href":"https:\/\/peach-pump.com\/hr\/wp-json\/wp\/v2\/product\/87548","targetHints":{"allow":["GET"]}}],"collection":[{"href":"https:\/\/peach-pump.com\/hr\/wp-json\/wp\/v2\/product"}],"about":[{"href":"https:\/\/peach-pump.com\/hr\/wp-json\/wp\/v2\/types\/product"}],"replies":[{"embeddable":true,"href":"https:\/\/peach-pump.com\/hr\/wp-json\/wp\/v2\/comments?post=87548"}],"version-history":[{"count":1,"href":"https:\/\/peach-pump.com\/hr\/wp-json\/wp\/v2\/product\/87548\/revisions"}],"predecessor-version":[{"id":108836,"href":"https:\/\/peach-pump.com\/hr\/wp-json\/wp\/v2\/product\/87548\/revisions\/108836"}],"wp:featuredmedia":[{"embeddable":true,"href":"https:\/\/peach-pump.com\/hr\/wp-json\/wp\/v2\/media\/86724"}],"wp:attachment":[{"href":"https:\/\/peach-pump.com\/hr\/wp-json\/wp\/v2\/media?parent=87548"}],"wp:term":[{"taxonomy":"product_brand","embeddable":true,"href":"https:\/\/peach-pump.com\/hr\/wp-json\/wp\/v2\/product_brand?post=87548"},{"taxonomy":"product_cat","embeddable":true,"href":"https:\/\/peach-pump.com\/hr\/wp-json\/wp\/v2\/product_cat?post=87548"},{"taxonomy":"product_tag","embeddable":true,"href":"https:\/\/peach-pump.com\/hr\/wp-json\/wp\/v2\/product_tag?post=87548"}],"curies":[{"name":"wp","href":"https:\/\/api.w.org\/{rel}","templated":true}]}}