{"id":86308,"date":"2024-07-16T11:46:20","date_gmt":"2024-07-16T09:46:20","guid":{"rendered":"https:\/\/peach-pump.com\/products\/besavne-crne-tajice-oblikovanje\/"},"modified":"2026-04-17T23:06:02","modified_gmt":"2026-04-17T21:06:02","slug":"besavne-crne-tajice-oblikovanje","status":"publish","type":"product","link":"https:\/\/peach-pump.com\/hr\/products\/besavne-crne-tajice-oblikovanje\/","title":{"rendered":"Be\u0161avne crne tajice s efektom oblikovanja"},"content":{"rendered":"<p>Be\u0161avne crne tajice s visokim strukom i efektom oblikovanja. Model je izra\u0111en od uske, prozra\u010dne tkanine, savr\u0161eno oblikuje tijelo s Peach Pump efektom.  Pogodan je za sna\u017ene i aerobne vje\u017ebe. Tajice imaju \u0161iroki pojas koji nje\u017eno ste\u017ee i oblikuje struk, a dostupne su u nekoliko prekrasnih boja.<\/p>\n<ul>\n<li> Visok struk<\/li>\n<li> Tkanina bez \u0161avova<\/li>\n<li> Podi\u017ee, oblikuje, prikriva problemati\u010dna podru\u010dja<\/li>\n<li> Rips pojas koji omotava ki\u010dmu<\/li>\n<li> Peachy efekt<\/li>\n<li> Bez \u0161avova sprijeda<\/li>\n<li> Toplinski zape\u010da\u0107eni logo Peach Pump na stra\u017enjoj strani tajice<\/li>\n<li> Peach Pump natpis na gle\u017enju<\/li>\n<li> Materijal koji ne zadr\u017eava vlagu u tijelu<\/li>\n<\/ul>\n<p>Sastav 80% poliester 20% elastan<\/p>\n<p>Proizvod se mo\u017ee prati na temperaturi do 30 stupnjeva, molimo nemojte koristiti izbjeljiva\u010d niti kemijsko \u010di\u0161\u0107enje.<\/p>\n<p>Manekenka na fotografiji visoka je 178 cm, te\u0161ka 54 kg i nosi veli\u010dinu M (tajice su od uskog materijala).<\/p>\n<p>Koristite tablice za odabir to\u010dne veli\u010dine.<\/p>\n<p>&nbsp;<\/p>\n","protected":false},"excerpt":{"rendered":"<p>Be\u0161avne crne tajice s visokim strukom i efektom oblikovanja. Model je izra\u0111en od uske, prozra\u010dne tkanine, savr\u0161eno oblikuje tijelo s Peach Pump efektom. Pogodan je za sna\u017ene i aerobne vje\u017ebe. Tajice imaju \u0161iroki pojas koji nje\u017eno ste\u017ee i oblikuje struk, a dostupne su u nekoliko prekrasnih boja. Visok struk Tkanina bez \u0161avova Podi\u017ee, oblikuje, prikriva [&hellip;]<\/p>\n","protected":false},"featured_media":84946,"comment_status":"open","ping_status":"closed","template":"","meta":[],"product_brand":[],"product_cat":[136,293],"product_tag":[],"class_list":{"0":"post-86308","1":"product","2":"type-product","3":"status-publish","4":"has-post-thumbnail","6":"product_cat-zenske-sportske-tajice","7":"product_cat-zenske-tajice-duge","8":"pa_cviat-crno","9":"pa_razmer-l-hr","10":"pa_razmer-m-hr","11":"pa_razmer-s-hr-2","12":"pa_razmer-xl-hr","13":"inventories-world","14":"inventories-pl","15":"inventories-uk","17":"first","18":"instock","19":"taxable","20":"shipping-taxable","21":"purchasable","22":"product-type-variable"},"_links":{"self":[{"href":"https:\/\/peach-pump.com\/hr\/wp-json\/wp\/v2\/product\/86308","targetHints":{"allow":["GET"]}}],"collection":[{"href":"https:\/\/peach-pump.com\/hr\/wp-json\/wp\/v2\/product"}],"about":[{"href":"https:\/\/peach-pump.com\/hr\/wp-json\/wp\/v2\/types\/product"}],"replies":[{"embeddable":true,"href":"https:\/\/peach-pump.com\/hr\/wp-json\/wp\/v2\/comments?post=86308"}],"version-history":[{"count":0,"href":"https:\/\/peach-pump.com\/hr\/wp-json\/wp\/v2\/product\/86308\/revisions"}],"wp:featuredmedia":[{"embeddable":true,"href":"https:\/\/peach-pump.com\/hr\/wp-json\/wp\/v2\/media\/84946"}],"wp:attachment":[{"href":"https:\/\/peach-pump.com\/hr\/wp-json\/wp\/v2\/media?parent=86308"}],"wp:term":[{"taxonomy":"product_brand","embeddable":true,"href":"https:\/\/peach-pump.com\/hr\/wp-json\/wp\/v2\/product_brand?post=86308"},{"taxonomy":"product_cat","embeddable":true,"href":"https:\/\/peach-pump.com\/hr\/wp-json\/wp\/v2\/product_cat?post=86308"},{"taxonomy":"product_tag","embeddable":true,"href":"https:\/\/peach-pump.com\/hr\/wp-json\/wp\/v2\/product_tag?post=86308"}],"curies":[{"name":"wp","href":"https:\/\/api.w.org\/{rel}","templated":true}]}}