{"id":82986,"date":"2024-06-25T12:28:11","date_gmt":"2024-06-25T10:28:11","guid":{"rendered":"https:\/\/peach-pump.com\/products\/plave-tajice-charleston-efekt-oblikovanja\/"},"modified":"2026-01-28T10:47:21","modified_gmt":"2026-01-28T08:47:21","slug":"plave-tajice-charleston-efekt-oblikovanja","status":"publish","type":"product","link":"https:\/\/peach-pump.com\/hr\/products\/plave-tajice-charleston-efekt-oblikovanja\/","title":{"rendered":"Plave charleston tajice s efektom oblikovanja"},"content":{"rendered":"<p>Be\u0161avne plave charleston tajice s efektom oblikovanja i podizanja Peach Pump. Ovaj model oblikuje siluetu izdu\u017euju\u0107i noge i skupljaju\u0107i struk. Vrlo moderne i spektakularne za sezonu. Mo\u017eete ga kombinirati sa sportskim grudnjakom iz na\u0161e nove kolekcije. Materijal tajica je disajni, vrlo elasti\u010dan i odvodi vlagu od tijela, pru\u017ea potpunu slobodu kretanja, \u010dine\u0107i da se osje\u0107ate samouvjereno i seksi. Pogodan za vje\u017ebe ili \u0161etnju parkom.<\/p>\n<ul>\n<li>\u0160iroke nogavice tipa Charleston<\/li>\n<li>Bez \u0161avova sprijeda<\/li>\n<li>Oblikuje i prikriva problemati\u010dna podru\u010dja<\/li>\n<li>Elasti\u010dna tkanina<\/li>\n<li>Peachy efekt<\/li>\n<li>Toplinski zape\u010da\u0107eni logo Peach Pump na stra\u017enjoj strani tajice<\/li>\n<li>Natpis Peach Pump sprijeda na bedru<\/li>\n<li>Materijal koji odvodi vlagu od tijela<\/li>\n<li>Zanimljiv dizajn<\/li>\n<li>Visok struk<\/li>\n<\/ul>\n<p>Sastav: 80% poliester 20% elastan.<\/p>\n<p>Model 1: na fotografiji je visoka 167 cm, te\u0161ka 52 kg i nosi veli\u010dinu S.<\/p>\n<p>Model 2: na fotografiji je visoka 178 cm, te\u0161ka 56 kg i nosi veli\u010dinu M.<\/p>\n<p>Tajice se mogu prati na temperaturi do 30 stupnjeva, molimo nemojte koristiti izbjeljiva\u010d niti kemijsko \u010di\u0161\u0107enje<\/p>\n<p>Koristite tablice za odabir to\u010dne veli\u010dine.<\/p>\n<p>&nbsp;<\/p>\n","protected":false},"excerpt":{"rendered":"<p>Be\u0161avne plave charleston tajice s efektom oblikovanja i podizanja Peach Pump. Ovaj model oblikuje siluetu izdu\u017euju\u0107i noge i skupljaju\u0107i struk. Vrlo moderne i spektakularne za sezonu. Mo\u017eete ga kombinirati sa sportskim grudnjakom iz na\u0161e nove kolekcije. Materijal tajica je disajni, vrlo elasti\u010dan i odvodi vlagu od tijela, pru\u017ea potpunu slobodu kretanja, \u010dine\u0107i da se osje\u0107ate [&hellip;]<\/p>\n","protected":false},"featured_media":81969,"comment_status":"open","ping_status":"closed","template":"","meta":[],"product_brand":[],"product_cat":[136,293],"product_tag":[],"class_list":{"0":"post-82986","1":"product","2":"type-product","3":"status-publish","4":"has-post-thumbnail","6":"product_cat-zenske-sportske-tajice","7":"product_cat-zenske-tajice-duge","8":"pa_cviat-plava","9":"pa_razmer-m-hr","10":"pa_razmer-s-hr-2","11":"inventories-world","12":"inventories-uk","14":"first","15":"instock","16":"taxable","17":"shipping-taxable","18":"purchasable","19":"product-type-variable"},"_links":{"self":[{"href":"https:\/\/peach-pump.com\/en\/wp-json\/wp\/v2\/product\/82986","targetHints":{"allow":["GET"]}}],"collection":[{"href":"https:\/\/peach-pump.com\/en\/wp-json\/wp\/v2\/product"}],"about":[{"href":"https:\/\/peach-pump.com\/en\/wp-json\/wp\/v2\/types\/product"}],"replies":[{"embeddable":true,"href":"https:\/\/peach-pump.com\/en\/wp-json\/wp\/v2\/comments?post=82986"}],"version-history":[{"count":0,"href":"https:\/\/peach-pump.com\/en\/wp-json\/wp\/v2\/product\/82986\/revisions"}],"wp:featuredmedia":[{"embeddable":true,"href":"https:\/\/peach-pump.com\/en\/wp-json\/wp\/v2\/media\/81969"}],"wp:attachment":[{"href":"https:\/\/peach-pump.com\/en\/wp-json\/wp\/v2\/media?parent=82986"}],"wp:term":[{"taxonomy":"product_brand","embeddable":true,"href":"https:\/\/peach-pump.com\/en\/wp-json\/wp\/v2\/product_brand?post=82986"},{"taxonomy":"product_cat","embeddable":true,"href":"https:\/\/peach-pump.com\/en\/wp-json\/wp\/v2\/product_cat?post=82986"},{"taxonomy":"product_tag","embeddable":true,"href":"https:\/\/peach-pump.com\/en\/wp-json\/wp\/v2\/product_tag?post=82986"}],"curies":[{"name":"wp","href":"https:\/\/api.w.org\/{rel}","templated":true}]}}