{"id":78678,"date":"2024-05-01T23:35:03","date_gmt":"2024-05-01T21:35:03","guid":{"rendered":"https:\/\/peach-pump.com\/products\/crni-sportski-grudnjak-podstava\/"},"modified":"2026-04-11T15:18:50","modified_gmt":"2026-04-11T13:18:50","slug":"crni-sportski-grudnjak-podstava","status":"publish","type":"product","link":"https:\/\/peach-pump.com\/hr\/products\/crni-sportski-grudnjak-podstava\/","title":{"rendered":"Be\u0161avni crni sportski grudnjak s podstavom"},"content":{"rendered":"<p>Crni sportski grudnjak s podstavom koja se mo\u017ee skinuti i podesivim naramenicama. Model je bez \u0161avova, izra\u0111en od mekanog, vrlo elasti\u010dnog, disajnog materijala koji odvodi vlagu od tijela. Grudnjak se mo\u017ee nositi ispod odje\u0107e jer je neprimjetnog dizajna, a osje\u0107at \u0107ete udobnost i slobodu kretanja. Nudi se u razli\u010ditim bojama, mo\u017eete ga kombinirati s tajicama iste boje ili nekom drugom. Pogledajte u rubrici &#8211; &#8220;Sportski kompleti&#8221;.<\/p>\n<ul>\n<li> Podstava koja se mo\u017ee ukloniti<\/li>\n<li> Push-up efekt<\/li>\n<li> Podesive naramenice<\/li>\n<li> Velika elasti\u010dnost<\/li>\n<li> Toplinski zape\u010da\u0107eni logo Peach Pump na bo\u010dnoj strani grudnjaka<\/li>\n<li> Tehnologija za odvo\u0111enje vlage iz tijela<\/li>\n<\/ul>\n<p>Sastav: 80% poliester 20% elastan<\/p>\n<p>Grudnjak se mo\u017ee prati na temperaturi do 30 stupnjeva, molimo nemojte koristiti izbjeljiva\u010d niti kemijsko \u010di\u0161\u0107enje.<\/p>\n<p>Manekenka na fotografiji visoka je 178 cm, te\u0161ka 54 kg i nosi veli\u010dinu S.<\/p>\n<p>Koristite tablice za odabir to\u010dne veli\u010dine.<\/p>\n<p><a href=\"https:\/\/peach-pump.com\/wp-content\/uploads\/2024\/04\/7ACDDC23-3BB3-4220-B273-C079DABBAC53-800x800.png\"><img loading=\"lazy\" class=\"alignnone wp-image-72618 \" src=\"https:\/\/peach-pump.com\/wp-content\/uploads\/2024\/04\/7ACDDC23-3BB3-4220-B273-C079DABBAC53-800x800.png\" alt=\"Tablica veli\u010dina sportskog grudnjaka Peach Pump\" width=\"531\" height=\"531\" srcset=\"https:\/\/peach-pump.com\/wp-content\/uploads\/2024\/04\/7ACDDC23-3BB3-4220-B273-C079DABBAC53-800x800.png 800w, https:\/\/peach-pump.com\/wp-content\/uploads\/2024\/04\/7ACDDC23-3BB3-4220-B273-C079DABBAC53-480x480.png 480w, https:\/\/peach-pump.com\/wp-content\/uploads\/2024\/04\/7ACDDC23-3BB3-4220-B273-C079DABBAC53-1000x1000.png 1000w, https:\/\/peach-pump.com\/wp-content\/uploads\/2024\/04\/7ACDDC23-3BB3-4220-B273-C079DABBAC53-300x300.png 300w, https:\/\/peach-pump.com\/wp-content\/uploads\/2024\/04\/7ACDDC23-3BB3-4220-B273-C079DABBAC53-150x150.png 150w, https:\/\/peach-pump.com\/wp-content\/uploads\/2024\/04\/7ACDDC23-3BB3-4220-B273-C079DABBAC53-768x768.png 768w, https:\/\/peach-pump.com\/wp-content\/uploads\/2024\/04\/7ACDDC23-3BB3-4220-B273-C079DABBAC53-990x990.png 990w, https:\/\/peach-pump.com\/wp-content\/uploads\/2024\/04\/7ACDDC23-3BB3-4220-B273-C079DABBAC53-441x441.png 441w, https:\/\/peach-pump.com\/wp-content\/uploads\/2024\/04\/7ACDDC23-3BB3-4220-B273-C079DABBAC53-100x100.png 100w, https:\/\/peach-pump.com\/wp-content\/uploads\/2024\/04\/7ACDDC23-3BB3-4220-B273-C079DABBAC53-64x64.png 64w, https:\/\/peach-pump.com\/wp-content\/uploads\/2024\/04\/7ACDDC23-3BB3-4220-B273-C079DABBAC53.png 1080w\" sizes=\"auto, (max-width: 531px) 100vw, 531px\" \/><\/a><\/p>\n","protected":false},"excerpt":{"rendered":"<p>Crni sportski grudnjak s podstavom koja se mo\u017ee skinuti i podesivim naramenicama. Model je bez \u0161avova, izra\u0111en od mekanog, vrlo elasti\u010dnog, disajnog materijala koji odvodi vlagu od tijela. Grudnjak se mo\u017ee nositi ispod odje\u0107e jer je neprimjetnog dizajna, a osje\u0107at \u0107ete udobnost i slobodu kretanja. Nudi se u razli\u010ditim bojama, mo\u017eete ga kombinirati s tajicama [&hellip;]<\/p>\n","protected":false},"featured_media":75614,"comment_status":"open","ping_status":"closed","template":"","meta":[],"product_brand":[],"product_cat":[341],"product_tag":[],"class_list":{"0":"post-78678","1":"product","2":"type-product","3":"status-publish","4":"has-post-thumbnail","6":"product_cat-sportski-grudnjaci","7":"pa_cviat-crno","8":"pa_razmer-m-hr","9":"pa_razmer-s-hr-2","10":"inventories-world","11":"inventories-pl","12":"inventories-uk","14":"first","15":"instock","16":"taxable","17":"shipping-taxable","18":"purchasable","19":"product-type-variable"},"_links":{"self":[{"href":"https:\/\/peach-pump.com\/hr\/wp-json\/wp\/v2\/product\/78678","targetHints":{"allow":["GET"]}}],"collection":[{"href":"https:\/\/peach-pump.com\/hr\/wp-json\/wp\/v2\/product"}],"about":[{"href":"https:\/\/peach-pump.com\/hr\/wp-json\/wp\/v2\/types\/product"}],"replies":[{"embeddable":true,"href":"https:\/\/peach-pump.com\/hr\/wp-json\/wp\/v2\/comments?post=78678"}],"version-history":[{"count":1,"href":"https:\/\/peach-pump.com\/hr\/wp-json\/wp\/v2\/product\/78678\/revisions"}],"predecessor-version":[{"id":111361,"href":"https:\/\/peach-pump.com\/hr\/wp-json\/wp\/v2\/product\/78678\/revisions\/111361"}],"wp:featuredmedia":[{"embeddable":true,"href":"https:\/\/peach-pump.com\/hr\/wp-json\/wp\/v2\/media\/75614"}],"wp:attachment":[{"href":"https:\/\/peach-pump.com\/hr\/wp-json\/wp\/v2\/media?parent=78678"}],"wp:term":[{"taxonomy":"product_brand","embeddable":true,"href":"https:\/\/peach-pump.com\/hr\/wp-json\/wp\/v2\/product_brand?post=78678"},{"taxonomy":"product_cat","embeddable":true,"href":"https:\/\/peach-pump.com\/hr\/wp-json\/wp\/v2\/product_cat?post=78678"},{"taxonomy":"product_tag","embeddable":true,"href":"https:\/\/peach-pump.com\/hr\/wp-json\/wp\/v2\/product_tag?post=78678"}],"curies":[{"name":"wp","href":"https:\/\/api.w.org\/{rel}","templated":true}]}}