{"id":73540,"date":"2024-04-06T14:24:03","date_gmt":"2024-04-06T12:24:03","guid":{"rendered":"https:\/\/peach-pump.com\/?post_type=product&#038;p=73540"},"modified":"2026-03-19T23:03:51","modified_gmt":"2026-03-19T21:03:51","slug":"zenska-majica-s-natpisima-bijela-s-ruzicastom","status":"publish","type":"product","link":"https:\/\/peach-pump.com\/hr\/products\/zenska-majica-s-natpisima-bijela-s-ruzicastom\/","title":{"rendered":"\u017denska majica s natpisima, bijela s ru\u017ei\u010dastim"},"content":{"rendered":"<p>\u017denska pamu\u010dna majica s natpisom, kratkih rukava s o\u0161trim V izrezom, bijela s ru\u017ei\u010dastim logom, man\u017eetama i 3D vezom. Ograni\u010deno izdanje Peach Pump modela sportske majice u kojoj \u0107ete se osje\u0107ati udobno, slobodno i seksi. Ovaj dizajn se savr\u0161eno kombinira uz kratke hla\u010de ili tajice brenda, za savr\u0161eni zavr\u0161etak Va\u0161eg outfita, pogodnog i za sport, i za \u0161etnju u slobodno vrijeme.<\/p>\n<ul>\n<li>Pamu\u010dna majica<\/li>\n<li>V-izrez s man\u017eetom<\/li>\n<li>3D vez Peach Pump<\/li>\n<li>Slobodan kroj<\/li>\n<li>Kratki rukav<\/li>\n<\/ul>\n<p>Sastav: 95% pamuk, 5% elastin<\/p>\n<p>Bluza se mo\u017ee prati na temperaturi do 30 stupnjeva, nemojte koristiti izbjeljiva\u010d niti kemijsko \u010di\u0161\u0107enje.<\/p>\n<p>Manekenka na slici visoka je 170, te\u0161ka 49 kg i pozira u veli\u010dini S.<\/p>\n<p>Koristite tablice za odabir to\u010dne veli\u010dine.<\/p>\n","protected":false},"excerpt":{"rendered":"<p>\u017denska pamu\u010dna majica s natpisom, kratkih rukava s o\u0161trim V izrezom, bijela s ru\u017ei\u010dastim logom, man\u017eetama i 3D vezom. Ograni\u010deno izdanje Peach Pump modela sportske majice u kojoj \u0107ete se osje\u0107ati udobno, slobodno i seksi. Ovaj dizajn se savr\u0161eno kombinira uz kratke hla\u010de ili tajice brenda, za savr\u0161eni zavr\u0161etak Va\u0161eg outfita, pogodnog i za sport, [&hellip;]<\/p>\n","protected":false},"featured_media":76183,"comment_status":"open","ping_status":"closed","template":"","meta":[],"product_brand":[],"product_cat":[340],"product_tag":[],"class_list":{"0":"post-73540","1":"product","2":"type-product","3":"status-publish","4":"has-post-thumbnail","6":"product_cat-zenske-bluze-sportske","7":"pa_cviat-ruzicasta","8":"pa_razmer-m-hr","9":"pa_razmer-s-hr-2","10":"inventories-world","11":"inventories-pl","12":"inventories-uk","14":"first","15":"instock","16":"sale","17":"taxable","18":"shipping-taxable","19":"purchasable","20":"product-type-variable"},"_links":{"self":[{"href":"https:\/\/peach-pump.com\/hr\/wp-json\/wp\/v2\/product\/73540","targetHints":{"allow":["GET"]}}],"collection":[{"href":"https:\/\/peach-pump.com\/hr\/wp-json\/wp\/v2\/product"}],"about":[{"href":"https:\/\/peach-pump.com\/hr\/wp-json\/wp\/v2\/types\/product"}],"replies":[{"embeddable":true,"href":"https:\/\/peach-pump.com\/hr\/wp-json\/wp\/v2\/comments?post=73540"}],"version-history":[{"count":1,"href":"https:\/\/peach-pump.com\/hr\/wp-json\/wp\/v2\/product\/73540\/revisions"}],"predecessor-version":[{"id":111399,"href":"https:\/\/peach-pump.com\/hr\/wp-json\/wp\/v2\/product\/73540\/revisions\/111399"}],"wp:featuredmedia":[{"embeddable":true,"href":"https:\/\/peach-pump.com\/hr\/wp-json\/wp\/v2\/media\/76183"}],"wp:attachment":[{"href":"https:\/\/peach-pump.com\/hr\/wp-json\/wp\/v2\/media?parent=73540"}],"wp:term":[{"taxonomy":"product_brand","embeddable":true,"href":"https:\/\/peach-pump.com\/hr\/wp-json\/wp\/v2\/product_brand?post=73540"},{"taxonomy":"product_cat","embeddable":true,"href":"https:\/\/peach-pump.com\/hr\/wp-json\/wp\/v2\/product_cat?post=73540"},{"taxonomy":"product_tag","embeddable":true,"href":"https:\/\/peach-pump.com\/hr\/wp-json\/wp\/v2\/product_tag?post=73540"}],"curies":[{"name":"wp","href":"https:\/\/api.w.org\/{rel}","templated":true}]}}