{"id":66751,"date":"2024-01-12T18:42:25","date_gmt":"2024-01-12T16:42:25","guid":{"rendered":"https:\/\/peach-pump.com\/products\/zelena-zimska-jakna\/"},"modified":"2026-03-15T12:38:00","modified_gmt":"2026-03-15T10:38:00","slug":"zelena-zimska-jakna","status":"publish","type":"product","link":"https:\/\/peach-pump.com\/hr\/products\/zelena-zimska-jakna\/","title":{"rendered":"Zelena zimska jakna, &#8220;Sage&#8221; marke Peach Pump"},"content":{"rendered":"<p class=\"p1\">Svijetlozelena zimska jakna sa punjenjem od 100% pamuka, tako moderne boje &#8220;Sage&#8221; boja ili &#8220;\u010daja od \u017ealfije&#8221;. Model je sportski, kra\u0107eg modernog kroja, ima podesivi porub s elasti\u010dnim vezicama, dva kosa bo\u010dna d\u017eepa s patentnim zatvara\u010dem. Spektakularni 3D izvezeni logo &#8220;Peach Pump&#8221; na prednjoj strani i izvezeni logo &#8220;Peach Pump&#8221; na ramenu. <span class=\"s1\">Jakna ima pro\u0161iven dizajn i visok ovratnik, mekanu svijetlozelenu postavu i rukave s elasti\u010dnim man\u017eetama<\/span> . Uz ovaj model bit \u0107e Vam toplo, a istovremeno \u0107ete se osje\u0107ati lijepi, samouvjereni i seksi. Raznolikost modernih boja za sezonu, jedan model koji je kreiran s ljubavlju za Vas.<\/p>\n<ul class=\"ul1\">\n<li>Zelena zimska jakna, &#8220;Sage&#8221;<\/li>\n<li class=\"li1\"><span class=\"s1\">Visoki ovratnik<\/span><\/li>\n<li class=\"li1\"><span class=\"s1\">Bo\u010dni d\u017eepovi s patentnim zatvara\u010dem<\/span><\/li>\n<li class=\"li1\"><span class=\"s1\">3D izvezeni logo &#8220;Peach Pump&#8221; na prednjoj strani i ramenu<\/span><\/li>\n<li class=\"li1\"><span class=\"s1\">Mekana podstava<\/span><\/li>\n<li>Punjenje jakne 100% pamuk<\/li>\n<li class=\"li1\"><span class=\"s1\">Moderan pro\u0161iveni dizajn<\/span><\/li>\n<li>Elasti\u010dne man\u017eete na rukavima<\/li>\n<li><span class=\"s1\">Podesivi porub s elasti\u010dnim vezicama <\/span><\/li>\n<\/ul>\n<p class=\"p1\"><span class=\"s1\">Sastav vanjskog dijela: 100% poliester, punjenje 100% pamuk<\/span><\/p>\n<p class=\"p1\"><span class=\"s1\">Manekenka na fotografiji visoka je 170 cm i te\u0161ka 51 kg. i pozira s veli\u010dinom S. <\/span><\/p>\n<p>Molimo slijedite upute na etiketi za pravilno odr\u017eavanje artikla.<\/p>\n","protected":false},"excerpt":{"rendered":"<p>Svijetlozelena zimska jakna sa punjenjem od 100% pamuka, tako moderne boje &#8220;Sage&#8221; boja ili &#8220;\u010daja od \u017ealfije&#8221;. Model je sportski, kra\u0107eg modernog kroja, ima podesivi porub s elasti\u010dnim vezicama, dva kosa bo\u010dna d\u017eepa s patentnim zatvara\u010dem. Spektakularni 3D izvezeni logo &#8220;Peach Pump&#8221; na prednjoj strani i izvezeni logo &#8220;Peach Pump&#8221; na ramenu. Jakna ima pro\u0161iven [&hellip;]<\/p>\n","protected":false},"featured_media":66069,"comment_status":"open","ping_status":"closed","template":"","meta":[],"product_brand":[],"product_cat":[919],"product_tag":[],"class_list":{"0":"post-66751","1":"product","2":"type-product","3":"status-publish","4":"has-post-thumbnail","6":"product_cat-zenske-jakne","7":"pa_cviat-zelena","8":"pa_razmer-l-hr","9":"pa_razmer-m-hr","10":"pa_razmer-s-hr-2","11":"inventories-world","12":"inventories-pl","13":"inventories-uk","15":"first","16":"instock","17":"taxable","18":"shipping-taxable","19":"purchasable","20":"product-type-variable"},"_links":{"self":[{"href":"https:\/\/peach-pump.com\/en\/wp-json\/wp\/v2\/product\/66751","targetHints":{"allow":["GET"]}}],"collection":[{"href":"https:\/\/peach-pump.com\/en\/wp-json\/wp\/v2\/product"}],"about":[{"href":"https:\/\/peach-pump.com\/en\/wp-json\/wp\/v2\/types\/product"}],"replies":[{"embeddable":true,"href":"https:\/\/peach-pump.com\/en\/wp-json\/wp\/v2\/comments?post=66751"}],"version-history":[{"count":0,"href":"https:\/\/peach-pump.com\/en\/wp-json\/wp\/v2\/product\/66751\/revisions"}],"wp:featuredmedia":[{"embeddable":true,"href":"https:\/\/peach-pump.com\/en\/wp-json\/wp\/v2\/media\/66069"}],"wp:attachment":[{"href":"https:\/\/peach-pump.com\/en\/wp-json\/wp\/v2\/media?parent=66751"}],"wp:term":[{"taxonomy":"product_brand","embeddable":true,"href":"https:\/\/peach-pump.com\/en\/wp-json\/wp\/v2\/product_brand?post=66751"},{"taxonomy":"product_cat","embeddable":true,"href":"https:\/\/peach-pump.com\/en\/wp-json\/wp\/v2\/product_cat?post=66751"},{"taxonomy":"product_tag","embeddable":true,"href":"https:\/\/peach-pump.com\/en\/wp-json\/wp\/v2\/product_tag?post=66751"}],"curies":[{"name":"wp","href":"https:\/\/api.w.org\/{rel}","templated":true}]}}