{"id":63712,"date":"2023-12-13T18:09:39","date_gmt":"2023-12-13T16:09:39","guid":{"rendered":"https:\/\/peach-pump.com\/products\/ruzicasta-zimska-kapa\/"},"modified":"2026-04-10T15:10:17","modified_gmt":"2026-04-10T13:10:17","slug":"ruzicasta-zimska-kapa","status":"publish","type":"product","link":"https:\/\/peach-pump.com\/hr\/products\/ruzicasta-zimska-kapa\/","title":{"rendered":"Ru\u017ei\u010dasta zimska kapa, kroj tipa &#8220;Beanie&#8221;"},"content":{"rendered":"<p>Ru\u017ei\u010dasta zimska kapa, kroj tipa &#8220;Beanie&#8221;, iz kolekcije Peach Pump s okrenutim obodom za dodatnu izolaciju od hladno\u0107e i ko\u017enim logom na prednjoj strani. Elasti\u010dni dizajn vrlo mekan i ugodan na dodir materijal. Kapa je dostupna u razli\u010ditim bojama. Ovaj model \u0107e biti savr\u0161en zavr\u0161etak Va\u0161eg odijela u hladnim danima.<\/p>\n<p>&nbsp;<\/p>\n","protected":false},"excerpt":{"rendered":"<p>Ru\u017ei\u010dasta zimska kapa, kroj tipa &#8220;Beanie&#8221;, iz kolekcije Peach Pump s okrenutim obodom za dodatnu izolaciju od hladno\u0107e i ko\u017enim logom na prednjoj strani. Elasti\u010dni dizajn vrlo mekan i ugodan na dodir materijal. Kapa je dostupna u razli\u010ditim bojama. Ovaj model \u0107e biti savr\u0161en zavr\u0161etak Va\u0161eg odijela u hladnim danima. &nbsp;<\/p>\n","protected":false},"featured_media":62605,"comment_status":"open","ping_status":"closed","template":"","meta":[],"product_brand":[],"product_cat":[787],"product_tag":[],"class_list":{"0":"post-63712","1":"product","2":"type-product","3":"status-publish","4":"has-post-thumbnail","6":"product_cat-pribor","7":"pa_cviat-ruzicasta","8":"pa_razmer-jedna-velicina","9":"inventories-world","10":"inventories-pl","11":"inventories-uk","13":"first","14":"instock","15":"taxable","16":"shipping-taxable","17":"purchasable","18":"product-type-variable"},"_links":{"self":[{"href":"https:\/\/peach-pump.com\/en\/wp-json\/wp\/v2\/product\/63712","targetHints":{"allow":["GET"]}}],"collection":[{"href":"https:\/\/peach-pump.com\/en\/wp-json\/wp\/v2\/product"}],"about":[{"href":"https:\/\/peach-pump.com\/en\/wp-json\/wp\/v2\/types\/product"}],"replies":[{"embeddable":true,"href":"https:\/\/peach-pump.com\/en\/wp-json\/wp\/v2\/comments?post=63712"}],"version-history":[{"count":0,"href":"https:\/\/peach-pump.com\/en\/wp-json\/wp\/v2\/product\/63712\/revisions"}],"wp:featuredmedia":[{"embeddable":true,"href":"https:\/\/peach-pump.com\/en\/wp-json\/wp\/v2\/media\/62605"}],"wp:attachment":[{"href":"https:\/\/peach-pump.com\/en\/wp-json\/wp\/v2\/media?parent=63712"}],"wp:term":[{"taxonomy":"product_brand","embeddable":true,"href":"https:\/\/peach-pump.com\/en\/wp-json\/wp\/v2\/product_brand?post=63712"},{"taxonomy":"product_cat","embeddable":true,"href":"https:\/\/peach-pump.com\/en\/wp-json\/wp\/v2\/product_cat?post=63712"},{"taxonomy":"product_tag","embeddable":true,"href":"https:\/\/peach-pump.com\/en\/wp-json\/wp\/v2\/product_tag?post=63712"}],"curies":[{"name":"wp","href":"https:\/\/api.w.org\/{rel}","templated":true}]}}