{"id":63700,"date":"2023-12-15T18:21:58","date_gmt":"2023-12-15T16:21:58","guid":{"rendered":"https:\/\/peach-pump.com\/products\/crni-kombinezon-uz-tijelo\/"},"modified":"2026-04-05T19:36:49","modified_gmt":"2026-04-05T17:36:49","slug":"crni-kombinezon-uz-tijelo","status":"publish","type":"product","link":"https:\/\/peach-pump.com\/hr\/products\/crni-kombinezon-uz-tijelo\/","title":{"rendered":"Pro\u0161iveni crni kombinezon uz tijelo &#8220;Catsuits&#8221;"},"content":{"rendered":"<p>Crni kombinezon s mekanom pro\u0161ivenom podstavom, disajnom tkaninom, savr\u0161en za vje\u017ebanje ili \u0161etnju po hladnijem vremenu. Model ima patentni zatvara\u010d sprijeda, unutarnji natpis Peach Pump i gumirani logo breskve na ramenu. Kombinezon savr\u0161eno pristaje uz tijelo i oblikuje ga poput pje\u0161\u010danog sata, prikrivaju\u0107i nesavr\u0161enosti. Model nema \u0161avove sprijeda. Pogodan i za vi\u0161e dame.<\/p>\n<p>Modni nalaz koji \u0107e biti novi omiljeni dodatak Va\u0161oj garderobi. Budite lijepe, \u017eenstvene i nezaboravne uz Peach Pump.<\/p>\n<ul>\n<li>Pro\u0161ivena meka podstava<\/li>\n<li>Disajni materijal<\/li>\n<li>Skrivena oznaka \u201cPeach Pump\u201d<\/li>\n<li>Logo &#8220;Peach Pump&#8221; na ramenu<\/li>\n<li>Model koji oblikuje figuru<\/li>\n<li>Elasti\u010dna tkanina savr\u0161eno pristaje uz tijelo<\/li>\n<li>Bez \u0161avova sprijeda<\/li>\n<li>Pogodan i za vi\u0161e dame<\/li>\n<\/ul>\n<p>Sastav: 80% poliester 20% elastan.<\/p>\n<p>Kombinezon se mo\u017ee prati na temperaturi do 30 stupnjeva, molimo ne koristiti izbjeljiva\u010d \u200b\u200blili kemijsko pranje.<\/p>\n<p>Prvi model na fotografijama je visok 167 cm, te\u017eak 50 kg i pozira u veli\u010dini S.<\/p>\n<p>Drugi model na fotografijama je visok 178 cm, te\u017eak 56 kg i pozira u veli\u010dini M.<\/p>\n","protected":false},"excerpt":{"rendered":"<p>Crni kombinezon s mekanom pro\u0161ivenom podstavom, disajnom tkaninom, savr\u0161en za vje\u017ebanje ili \u0161etnju po hladnijem vremenu. Model ima patentni zatvara\u010d sprijeda, unutarnji natpis Peach Pump i gumirani logo breskve na ramenu. Kombinezon savr\u0161eno pristaje uz tijelo i oblikuje ga poput pje\u0161\u010danog sata, prikrivaju\u0107i nesavr\u0161enosti. Model nema \u0161avove sprijeda. Pogodan i za vi\u0161e dame. Modni nalaz [&hellip;]<\/p>\n","protected":false},"featured_media":76616,"comment_status":"open","ping_status":"closed","template":"","meta":[],"product_brand":[],"product_cat":[1126,342,344],"product_tag":[],"class_list":{"0":"post-63700","1":"product","2":"type-product","3":"status-publish","4":"has-post-thumbnail","6":"product_cat-sportski-kombinezoni","7":"product_cat-zenska-sportska-kombinacije","8":"product_cat-sportski-kompleti-tajica","9":"pa_cviat-crno","10":"pa_razmer-l-hr","11":"pa_razmer-m-hr","12":"pa_razmer-s-hr-2","13":"inventories-world","14":"inventories-pl","15":"inventories-uk","17":"first","18":"instock","19":"taxable","20":"shipping-taxable","21":"purchasable","22":"product-type-variable"},"_links":{"self":[{"href":"https:\/\/peach-pump.com\/en\/wp-json\/wp\/v2\/product\/63700","targetHints":{"allow":["GET"]}}],"collection":[{"href":"https:\/\/peach-pump.com\/en\/wp-json\/wp\/v2\/product"}],"about":[{"href":"https:\/\/peach-pump.com\/en\/wp-json\/wp\/v2\/types\/product"}],"replies":[{"embeddable":true,"href":"https:\/\/peach-pump.com\/en\/wp-json\/wp\/v2\/comments?post=63700"}],"version-history":[{"count":1,"href":"https:\/\/peach-pump.com\/en\/wp-json\/wp\/v2\/product\/63700\/revisions"}],"predecessor-version":[{"id":105955,"href":"https:\/\/peach-pump.com\/en\/wp-json\/wp\/v2\/product\/63700\/revisions\/105955"}],"wp:featuredmedia":[{"embeddable":true,"href":"https:\/\/peach-pump.com\/en\/wp-json\/wp\/v2\/media\/76616"}],"wp:attachment":[{"href":"https:\/\/peach-pump.com\/en\/wp-json\/wp\/v2\/media?parent=63700"}],"wp:term":[{"taxonomy":"product_brand","embeddable":true,"href":"https:\/\/peach-pump.com\/en\/wp-json\/wp\/v2\/product_brand?post=63700"},{"taxonomy":"product_cat","embeddable":true,"href":"https:\/\/peach-pump.com\/en\/wp-json\/wp\/v2\/product_cat?post=63700"},{"taxonomy":"product_tag","embeddable":true,"href":"https:\/\/peach-pump.com\/en\/wp-json\/wp\/v2\/product_tag?post=63700"}],"curies":[{"name":"wp","href":"https:\/\/api.w.org\/{rel}","templated":true}]}}