{"id":63691,"date":"2023-12-15T21:43:49","date_gmt":"2023-12-15T19:43:49","guid":{"rendered":"https:\/\/peach-pump.com\/products\/bez-kombinezon-uz-tijelo\/"},"modified":"2026-04-01T20:04:56","modified_gmt":"2026-04-01T18:04:56","slug":"bez-kombinezon-uz-tijelo","status":"publish","type":"product","link":"https:\/\/peach-pump.com\/hr\/products\/bez-kombinezon-uz-tijelo\/","title":{"rendered":"Pro\u0161iveni be\u017e kombinezon uz tijelo &#8220;Catsuits&#8221;"},"content":{"rendered":"<p>Be\u017e kombinezon uz tijelo s mekanom pro\u0161ivenom podstavom, disajnom tkaninom, savr\u0161en za vjezbanje ili \u0161etnju i po hladnijem vremenu. Model ima patentni zatvara\u010d sprijeda, unutarnji natpis Peach Pump i gumirani logo breskve na ramenu. Kombinezon savr\u0161eno pristaje uz tijelo i oblikuje ga poput pje\u0161\u010danog sata, prikrivaju\u0107i nesavr\u0161enosti. Model nema \u0161avove sprijeda. Pogodan i za vi\u0161e dame.<\/p>\n<p>Modni nalaz koji \u0107e biti novi omiljeni dodatak Va\u0161oj garderobi. Budite lijepe, \u017eenstvene i nezaboravne uz Peach Pump.<\/p>\n<ul>\n<li>Pro\u0161ivena meka podstava<\/li>\n<li>Disajni materijal<\/li>\n<li>Skrivena oznaka \u201cPeach Pump\u201d<\/li>\n<li>Logo &#8220;Peach Pump&#8221; na ramenu<\/li>\n<li>Model koji oblikuje figuru<\/li>\n<li>Elasti\u010dna tkanina savr\u0161eno pristaje uz tijelo<\/li>\n<li>Bez \u0161avova sprijeda<\/li>\n<li>Pogodan i za vi\u0161e dame<\/li>\n<\/ul>\n<p>Sastav: 80% poliester 20% elastan<\/p>\n<p>Kombinezon se mo\u017ee prati na temperaturi do 30 stupnjeva, nemojte ga izbjeljivati \u200b\u200bniti \u010distiti na kemijsko pranje<\/p>\n<p>Prvi model na fotografijama visok je 167 cm, te\u017eak 50 kg i pozira u veli\u010dini S<\/p>\n<p>Drugi model na fotografijama visok je 178 cm, te\u017eak 56 kg i pozira u veli\u010dini M<\/p>\n","protected":false},"excerpt":{"rendered":"<p>Be\u017e kombinezon uz tijelo s mekanom pro\u0161ivenom podstavom, disajnom tkaninom, savr\u0161en za vjezbanje ili \u0161etnju i po hladnijem vremenu. Model ima patentni zatvara\u010d sprijeda, unutarnji natpis Peach Pump i gumirani logo breskve na ramenu. Kombinezon savr\u0161eno pristaje uz tijelo i oblikuje ga poput pje\u0161\u010danog sata, prikrivaju\u0107i nesavr\u0161enosti. Model nema \u0161avove sprijeda. Pogodan i za vi\u0161e [&hellip;]<\/p>\n","protected":false},"featured_media":99733,"comment_status":"open","ping_status":"closed","template":"","meta":[],"product_brand":[],"product_cat":[342,1126,344],"product_tag":[],"class_list":{"0":"post-63691","1":"product","2":"type-product","3":"status-publish","4":"has-post-thumbnail","6":"product_cat-zenska-sportska-kombinacije","7":"product_cat-sportski-kombinezoni","8":"product_cat-sportski-kompleti-tajica","9":"pa_cviat-bez","10":"pa_razmer-l-hr","11":"pa_razmer-m-hr","12":"pa_razmer-s-hr-2","13":"inventories-world","14":"inventories-uk","16":"first","17":"instock","18":"taxable","19":"shipping-taxable","20":"purchasable","21":"product-type-variable"},"_links":{"self":[{"href":"https:\/\/peach-pump.com\/en\/wp-json\/wp\/v2\/product\/63691","targetHints":{"allow":["GET"]}}],"collection":[{"href":"https:\/\/peach-pump.com\/en\/wp-json\/wp\/v2\/product"}],"about":[{"href":"https:\/\/peach-pump.com\/en\/wp-json\/wp\/v2\/types\/product"}],"replies":[{"embeddable":true,"href":"https:\/\/peach-pump.com\/en\/wp-json\/wp\/v2\/comments?post=63691"}],"version-history":[{"count":1,"href":"https:\/\/peach-pump.com\/en\/wp-json\/wp\/v2\/product\/63691\/revisions"}],"predecessor-version":[{"id":105936,"href":"https:\/\/peach-pump.com\/en\/wp-json\/wp\/v2\/product\/63691\/revisions\/105936"}],"wp:featuredmedia":[{"embeddable":true,"href":"https:\/\/peach-pump.com\/en\/wp-json\/wp\/v2\/media\/99733"}],"wp:attachment":[{"href":"https:\/\/peach-pump.com\/en\/wp-json\/wp\/v2\/media?parent=63691"}],"wp:term":[{"taxonomy":"product_brand","embeddable":true,"href":"https:\/\/peach-pump.com\/en\/wp-json\/wp\/v2\/product_brand?post=63691"},{"taxonomy":"product_cat","embeddable":true,"href":"https:\/\/peach-pump.com\/en\/wp-json\/wp\/v2\/product_cat?post=63691"},{"taxonomy":"product_tag","embeddable":true,"href":"https:\/\/peach-pump.com\/en\/wp-json\/wp\/v2\/product_tag?post=63691"}],"curies":[{"name":"wp","href":"https:\/\/api.w.org\/{rel}","templated":true}]}}