{"id":62815,"date":"2023-12-09T19:44:19","date_gmt":"2023-12-09T17:44:19","guid":{"rendered":"https:\/\/peach-pump.com\/products\/prosiveni-dzemper-s-kapuljacom-hoodie-smede-boje\/"},"modified":"2026-03-15T12:42:34","modified_gmt":"2026-03-15T10:42:34","slug":"prosiveni-dzemper-s-kapuljacom-hoodie-smede-boje","status":"publish","type":"product","link":"https:\/\/peach-pump.com\/hr\/products\/prosiveni-dzemper-s-kapuljacom-hoodie-smede-boje\/","title":{"rendered":"Pro\u0161iveni d\u017eemper s kapulja\u010dom &#8220;Hoodie&#8221; sme\u0111e boje"},"content":{"rendered":"<p>Sportski pro\u0161iveni sweatshirt s kapulja\u010dom, &#8220;Hoodie&#8221;, s prednjim d\u017eepom u sme\u0111oj boji. Izra\u0111ena od 80% pamuka s mekanom pro\u0161ivenom unutarnjom postavom. Ovaj model hoodie s kapulja\u010dom ima prednji 3D otisak &#8220;Peach Pump&#8221; oja\u010dan s unutarnje strane za ve\u0107u izdr\u017eljivost, nemojte uklanjati oja\u010danu tkaninu niti gla\u010dati otisak. Sportski d\u017eemper ima spu\u0161tene rukave i vez na jednom rukavu. Moderan \u0161iroki kroj za ve\u0107u udobnost i slobodu kretanja. Ima veliku kapulja\u010du s gumiranim logom &#8220;Peach Pump&#8221; na stra\u017enjoj strani.<\/p>\n<p>Recite &#8220;zdravo&#8221;sljede\u0107oj razini, udobnost i osje\u0107aj meko\u0107e s ovim modelom hoodie.<\/p>\n<ul>\n<li>Slobodan kroj<\/li>\n<li>Spu\u0161teno rame<\/li>\n<li>Peach Pump 3D otisak<\/li>\n<li>Kapuljica s gumiranim logom &#8220;Peach Pump&#8221;<\/li>\n<li>Izvezeni natpis na rukavu<\/li>\n<li>Prednji d\u017eep vrste kengur<\/li>\n<li>Meka unutarnja podstava<\/li>\n<li>Rips krajevi na rukavima i donjem dijelu d\u017eempera s kapulja\u010dom<\/li>\n<\/ul>\n<p>Sastav: 80% pamuk 20% poliester.<\/p>\n<p>Hoodie se mo\u017ee prati u perilici u hladnoj vodi, laganoj centrifugi i bez izbjeljiva\u010da, nemojte gla\u010dati print.<\/p>\n<p>Manekenka na fotografiji visoka je 174 cm i ima 52 kg. pozira u veli\u010dini L.<\/p>\n<p>Za ve\u0107u to\u010dnost u odabiru veli\u010dine koristite tablicu.<\/p>\n<p><a href=\"https:\/\/peach-pump.com\/wp-content\/uploads\/2023\/12\/IMG_2059-300x300.png\"><img loading=\"lazy\" class=\"alignnone size-medium wp-image-62124\" src=\"https:\/\/peach-pump.com\/wp-content\/uploads\/2023\/12\/IMG_2059-300x300.png\" alt=\"\" width=\"300\" height=\"300\" srcset=\"https:\/\/peach-pump.com\/wp-content\/uploads\/2023\/12\/IMG_2059-300x300.png 300w, https:\/\/peach-pump.com\/wp-content\/uploads\/2023\/12\/IMG_2059-480x480.png 480w, https:\/\/peach-pump.com\/wp-content\/uploads\/2023\/12\/IMG_2059-1000x1000.png 1000w, https:\/\/peach-pump.com\/wp-content\/uploads\/2023\/12\/IMG_2059-800x800.png 800w, https:\/\/peach-pump.com\/wp-content\/uploads\/2023\/12\/IMG_2059-150x150.png 150w, https:\/\/peach-pump.com\/wp-content\/uploads\/2023\/12\/IMG_2059-768x768.png 768w, https:\/\/peach-pump.com\/wp-content\/uploads\/2023\/12\/IMG_2059-990x990.png 990w, https:\/\/peach-pump.com\/wp-content\/uploads\/2023\/12\/IMG_2059-441x441.png 441w, https:\/\/peach-pump.com\/wp-content\/uploads\/2023\/12\/IMG_2059-100x100.png 100w, https:\/\/peach-pump.com\/wp-content\/uploads\/2023\/12\/IMG_2059-64x64.png 64w, https:\/\/peach-pump.com\/wp-content\/uploads\/2023\/12\/IMG_2059.png 1080w\" sizes=\"auto, (max-width: 300px) 100vw, 300px\" \/><\/a><\/p>\n","protected":false},"excerpt":{"rendered":"<p>Sportski pro\u0161iveni sweatshirt s kapulja\u010dom, &#8220;Hoodie&#8221;, s prednjim d\u017eepom u sme\u0111oj boji. Izra\u0111ena od 80% pamuka s mekanom pro\u0161ivenom unutarnjom postavom. Ovaj model hoodie s kapulja\u010dom ima prednji 3D otisak &#8220;Peach Pump&#8221; oja\u010dan s unutarnje strane za ve\u0107u izdr\u017eljivost, nemojte uklanjati oja\u010danu tkaninu niti gla\u010dati otisak. Sportski d\u017eemper ima spu\u0161tene rukave i vez na jednom [&hellip;]<\/p>\n","protected":false},"featured_media":61689,"comment_status":"open","ping_status":"closed","template":"","meta":[],"product_brand":[],"product_cat":[1119,340],"product_tag":[],"class_list":{"0":"post-62815","1":"product","2":"type-product","3":"status-publish","4":"has-post-thumbnail","6":"product_cat-zenske-majice-s-kapuljacom-hoodies","7":"product_cat-zenske-bluze-sportske","8":"pa_cviat-smede","9":"pa_razmer-l-hr","10":"pa_razmer-m-hr","11":"inventories-world","12":"inventories-pl","13":"inventories-uk","15":"first","16":"instock","17":"taxable","18":"shipping-taxable","19":"purchasable","20":"product-type-variable"},"_links":{"self":[{"href":"https:\/\/peach-pump.com\/hr\/wp-json\/wp\/v2\/product\/62815","targetHints":{"allow":["GET"]}}],"collection":[{"href":"https:\/\/peach-pump.com\/hr\/wp-json\/wp\/v2\/product"}],"about":[{"href":"https:\/\/peach-pump.com\/hr\/wp-json\/wp\/v2\/types\/product"}],"replies":[{"embeddable":true,"href":"https:\/\/peach-pump.com\/hr\/wp-json\/wp\/v2\/comments?post=62815"}],"version-history":[{"count":0,"href":"https:\/\/peach-pump.com\/hr\/wp-json\/wp\/v2\/product\/62815\/revisions"}],"wp:featuredmedia":[{"embeddable":true,"href":"https:\/\/peach-pump.com\/hr\/wp-json\/wp\/v2\/media\/61689"}],"wp:attachment":[{"href":"https:\/\/peach-pump.com\/hr\/wp-json\/wp\/v2\/media?parent=62815"}],"wp:term":[{"taxonomy":"product_brand","embeddable":true,"href":"https:\/\/peach-pump.com\/hr\/wp-json\/wp\/v2\/product_brand?post=62815"},{"taxonomy":"product_cat","embeddable":true,"href":"https:\/\/peach-pump.com\/hr\/wp-json\/wp\/v2\/product_cat?post=62815"},{"taxonomy":"product_tag","embeddable":true,"href":"https:\/\/peach-pump.com\/hr\/wp-json\/wp\/v2\/product_tag?post=62815"}],"curies":[{"name":"wp","href":"https:\/\/api.w.org\/{rel}","templated":true}]}}