{"id":56216,"date":"2023-10-13T14:06:00","date_gmt":"2023-10-13T12:06:00","guid":{"rendered":"https:\/\/peach-pump.com\/products\/besavne-cvrste-tajice-u-svijetlosivoj-boji\/"},"modified":"2026-03-03T09:33:18","modified_gmt":"2026-03-03T07:33:18","slug":"besavne-cvrste-tajice-svijetlosive","status":"publish","type":"product","link":"https:\/\/peach-pump.com\/hr\/products\/besavne-cvrste-tajice-svijetlosive\/","title":{"rendered":"Be\u0161avne \u010dvrste tajice u svijetlosivoj boji"},"content":{"rendered":"<p>Be\u0161avne \u010dvrste tajice od disajne tkanine u svijetlosivoj boji. Tajice su izra\u0111ene od rips tkanine, visokog struka, \u010dvr\u0161\u0107e su, idealne za hladnije jesenske i zimske dane. Model ima \u0161irok pojas, efekt oblikovanja i podizanja, \u0161to je tako tipi\u010dno za na\u0161 brend. Zaljubit \u0107ete se u ove tajice, njihovu meko\u0107u, toplinu i na\u010din na koji oblikuje Va\u0161u figuru. Model se mo\u017ee kombinirati uz bluzu ili sportski grudnjak, pogledajte na\u0161e prijedloge.<\/p>\n<ul>\n<li> Visok struk<\/li>\n<li> Be\u0161avna rips tkanina<\/li>\n<li> Podi\u017ee, oblikuje, prikriva problemati\u010dna podru\u010dja<\/li>\n<li> \u010cvr\u0161\u0107i materijal<\/li>\n<li> Rips pojas koji omotava ki\u010dmu<\/li>\n<li> Peachy efekt<\/li>\n<li> Bez \u0161avova sprijeda<\/li>\n<li> Toplinski zape\u010da\u0107eni logo Peach Pump na stra\u017enjoj strani tajice<\/li>\n<li> Tkanina koja odvodi vlagu s tijela<\/li>\n<\/ul>\n<p>Sastav: 80% poliester 20% elastan.<\/p>\n<p>Tajice se mogu prati na temperaturama do 30 stupnjeva, nemojte koristiti izbjeljiva\u010d ili kemijsko \u010di\u0161\u0107enje.<\/p>\n<p>Manekenka na fotografiji je visoka 178 cm, te\u0161ka 54 kg i nosi veli\u010dinu M.<\/p>\n<p>Koristite tablice za odabir to\u010dne veli\u010dine.<\/p>\n","protected":false},"excerpt":{"rendered":"<p>Be\u0161avne \u010dvrste tajice od disajne tkanine u svijetlosivoj boji. Tajice su izra\u0111ene od rips tkanine, visokog struka, \u010dvr\u0161\u0107e su, idealne za hladnije jesenske i zimske dane. Model ima \u0161irok pojas, efekt oblikovanja i podizanja, \u0161to je tako tipi\u010dno za na\u0161 brend. Zaljubit \u0107ete se u ove tajice, njihovu meko\u0107u, toplinu i na\u010din na koji oblikuje [&hellip;]<\/p>\n","protected":false},"featured_media":53127,"comment_status":"open","ping_status":"closed","template":"","meta":[],"product_brand":[],"product_cat":[136,293],"product_tag":[],"class_list":{"0":"post-56216","1":"product","2":"type-product","3":"status-publish","4":"has-post-thumbnail","6":"product_cat-zenske-sportske-tajice","7":"product_cat-zenske-tajice-duge","8":"pa_razmer-l-hr","9":"pa_razmer-m-hr","10":"pa_razmer-s-hr-2","11":"inventories-world","12":"inventories-uk","14":"first","15":"instock","16":"taxable","17":"shipping-taxable","18":"purchasable","19":"product-type-variable"},"_links":{"self":[{"href":"https:\/\/peach-pump.com\/hr\/wp-json\/wp\/v2\/product\/56216","targetHints":{"allow":["GET"]}}],"collection":[{"href":"https:\/\/peach-pump.com\/hr\/wp-json\/wp\/v2\/product"}],"about":[{"href":"https:\/\/peach-pump.com\/hr\/wp-json\/wp\/v2\/types\/product"}],"replies":[{"embeddable":true,"href":"https:\/\/peach-pump.com\/hr\/wp-json\/wp\/v2\/comments?post=56216"}],"version-history":[{"count":0,"href":"https:\/\/peach-pump.com\/hr\/wp-json\/wp\/v2\/product\/56216\/revisions"}],"wp:featuredmedia":[{"embeddable":true,"href":"https:\/\/peach-pump.com\/hr\/wp-json\/wp\/v2\/media\/53127"}],"wp:attachment":[{"href":"https:\/\/peach-pump.com\/hr\/wp-json\/wp\/v2\/media?parent=56216"}],"wp:term":[{"taxonomy":"product_brand","embeddable":true,"href":"https:\/\/peach-pump.com\/hr\/wp-json\/wp\/v2\/product_brand?post=56216"},{"taxonomy":"product_cat","embeddable":true,"href":"https:\/\/peach-pump.com\/hr\/wp-json\/wp\/v2\/product_cat?post=56216"},{"taxonomy":"product_tag","embeddable":true,"href":"https:\/\/peach-pump.com\/hr\/wp-json\/wp\/v2\/product_tag?post=56216"}],"curies":[{"name":"wp","href":"https:\/\/api.w.org\/{rel}","templated":true}]}}