{"id":56200,"date":"2023-10-18T08:46:32","date_gmt":"2023-10-18T06:46:32","guid":{"rendered":"https:\/\/peach-pump.com\/products\/zenska-sportska-jakna-s-patentnim-zatvaracem-i-dzepovima-u-plavoj-boji\/"},"modified":"2025-12-31T14:02:58","modified_gmt":"2025-12-31T12:02:58","slug":"zenska-sportska-jakna-s-patentnim-zatvaracem-i-dzepovima-u-plavoj-boji","status":"publish","type":"product","link":"https:\/\/peach-pump.com\/hr\/products\/zenska-sportska-jakna-s-patentnim-zatvaracem-i-dzepovima-u-plavoj-boji\/","title":{"rendered":"\u017denska sportska jakna s patentnim zatvara\u010dem i d\u017eepovima u plavoj boji"},"content":{"rendered":"<p>\u017denska sportska jakna s d\u017eepovima u plavoj boji, ima patentni zatvara\u010d i otvore na rukavima za pal\u010deve, na taj na\u010din rukavi se ne\u0107e namotavati tijekom vje\u017ebanja, tr\u010danja ili vo\u017enje biciklom. Dizajn jakne je vrlo lijep, oblikuje siluetu i stoji uz tijelu. Mo\u017ee se kombinirati s razli\u010ditim bojama tajica ili sportskim grudnjacima iz Peach Pump kolekcije.<\/p>\n<ul>\n<li>Elasti\u010dna tkanina koja se brzo su\u0161i<\/li>\n<li>Toplinski zape\u010da\u0107eni logo Peach Pump na ramenu<\/li>\n<li>Zakop\u010danje patentnim zatvara\u010dem<\/li>\n<li>D\u017eepovi na prednjoj strani jakne<\/li>\n<li>Otvore za pal\u010deve<\/li>\n<li>Model koji oblikuje figuru<\/li>\n<\/ul>\n<p>Sastav: 80% poliester 20% elastan.<\/p>\n<p>Tajice se mogu prati na temperaturi do 30 stupnjeva, nemojte koristiti izbjeljiva\u010d \u200b\u200bniti kemijsko \u010di\u0161\u0107enje.<\/p>\n<p>Model na fotografiji visok je 168 cm, te\u017ei 52 kg i pozira u veli\u010dini S.<\/p>\n<p>Prsa: S: 85-90cm\/M: 90-95cm\/L: 95\u2013100cm<\/p>\n<p>&nbsp;<\/p>\n","protected":false},"excerpt":{"rendered":"<p>\u017denska sportska jakna s d\u017eepovima u plavoj boji, ima patentni zatvara\u010d i otvore na rukavima za pal\u010deve, na taj na\u010din rukavi se ne\u0107e namotavati tijekom vje\u017ebanja, tr\u010danja ili vo\u017enje biciklom. Dizajn jakne je vrlo lijep, oblikuje siluetu i stoji uz tijelu. Mo\u017ee se kombinirati s razli\u010ditim bojama tajica ili sportskim grudnjacima iz Peach Pump kolekcije. [&hellip;]<\/p>\n","protected":false},"featured_media":55282,"comment_status":"open","ping_status":"closed","template":"","meta":[],"product_brand":[],"product_cat":[919,340],"product_tag":[],"class_list":{"0":"post-56200","1":"product","2":"type-product","3":"status-publish","4":"has-post-thumbnail","6":"product_cat-zenske-jakne","7":"product_cat-zenske-bluze-sportske","8":"pa_cviat-plava","9":"pa_razmer-l-hr","10":"pa_razmer-m-hr","11":"pa_razmer-s-hr-2","12":"inventories-world","13":"inventories-uk","15":"first","16":"outofstock","17":"taxable","18":"shipping-taxable","19":"purchasable","20":"product-type-variable"},"_links":{"self":[{"href":"https:\/\/peach-pump.com\/en\/wp-json\/wp\/v2\/product\/56200","targetHints":{"allow":["GET"]}}],"collection":[{"href":"https:\/\/peach-pump.com\/en\/wp-json\/wp\/v2\/product"}],"about":[{"href":"https:\/\/peach-pump.com\/en\/wp-json\/wp\/v2\/types\/product"}],"replies":[{"embeddable":true,"href":"https:\/\/peach-pump.com\/en\/wp-json\/wp\/v2\/comments?post=56200"}],"version-history":[{"count":0,"href":"https:\/\/peach-pump.com\/en\/wp-json\/wp\/v2\/product\/56200\/revisions"}],"wp:featuredmedia":[{"embeddable":true,"href":"https:\/\/peach-pump.com\/en\/wp-json\/wp\/v2\/media\/55282"}],"wp:attachment":[{"href":"https:\/\/peach-pump.com\/en\/wp-json\/wp\/v2\/media?parent=56200"}],"wp:term":[{"taxonomy":"product_brand","embeddable":true,"href":"https:\/\/peach-pump.com\/en\/wp-json\/wp\/v2\/product_brand?post=56200"},{"taxonomy":"product_cat","embeddable":true,"href":"https:\/\/peach-pump.com\/en\/wp-json\/wp\/v2\/product_cat?post=56200"},{"taxonomy":"product_tag","embeddable":true,"href":"https:\/\/peach-pump.com\/en\/wp-json\/wp\/v2\/product_tag?post=56200"}],"curies":[{"name":"wp","href":"https:\/\/api.w.org\/{rel}","templated":true}]}}