{"id":48763,"date":"2023-07-05T22:17:50","date_gmt":"2023-07-05T20:17:50","guid":{"rendered":"https:\/\/peach-pump.com\/products\/ruzicaste-sportske-zenske-tajice-visokog-struka\/"},"modified":"2024-07-28T11:43:32","modified_gmt":"2024-07-28T09:43:32","slug":"ruzicaste-sportske-zenske-tajice-visokog-struka","status":"publish","type":"product","link":"https:\/\/peach-pump.com\/hr\/products\/ruzicaste-sportske-zenske-tajice-visokog-struka\/","title":{"rendered":"Ru\u017ei\u010daste sportske \u017eenske tajice visokog struka"},"content":{"rendered":"<p>Be\u0161avne sportske \u017eenske tajice u ru\u017ei\u010dastoj boji fuksije. Tajice su vrlo elasti\u010dne, imaju \u0161iroki remen i oblikuju struk te lagano ste\u017eu i stabiliziraju ki\u010dmu tijekom vje\u017ebanja. Ovaj model je vrlo efektan zbog rips elementima po duljini, to je jedan od posljednjih modnih trendova u sportskoj odje\u0107i \u2013 oblikuje, skriva problemati\u010dna podru\u010dja i stvara osje\u0107aj udobnosti i samopouzdanja. Model se mo\u017ee kombinirati sa sportskim grudnjakom u istom dezenu, a razli\u010dite kombinacije boja mo\u017eete pogledati u rubrici &#8211; &#8220;Sportski kompleti&#8221;.<\/p>\n<ul>\n<li>Visok struk<\/li>\n<li>Tkanina bez \u0161avova<\/li>\n<li>Rips po duljini klina<\/li>\n<li>Podi\u017eu, oblikuju, prikrivaju problemati\u010dna podru\u010dja<\/li>\n<li>Rips pojas koji omotava ki\u010dmu.<\/li>\n<li>Peachy efekt<\/li>\n<li>Bez \u0161avova sprijeda<\/li>\n<li>Toplinski zape\u010da\u0107eni logo Peach Pump na stra\u017enjoj strani tajice<\/li>\n<li>Tehnologija za odvo\u0111enje znoja<\/li>\n<\/ul>\n<p>Sastav: 80% poliester 20% elastan.<\/p>\n<p>Tajice se mogu prati na temperaturi do 30 stupnjeva, nemojte koristiti izbjeljiva\u010d \u200b\u200bniti kemijsko \u010di\u0161\u0107enje.<\/p>\n<p>Manekenka na fotografiji visoka je 178 cm, te\u0161ka 54 kg i nosi veli\u010dinu S.<\/p>\n<p>Koristite tablice za odabir to\u010dne veli\u010dine.<\/p>\n","protected":false},"excerpt":{"rendered":"<p>Be\u0161avne sportske \u017eenske tajice u ru\u017ei\u010dastoj boji fuksije. Tajice su vrlo elasti\u010dne, imaju \u0161iroki remen i oblikuju struk te lagano ste\u017eu i stabiliziraju ki\u010dmu tijekom vje\u017ebanja. Ovaj model je vrlo efektan zbog rips elementima po duljini, to je jedan od posljednjih modnih trendova u sportskoj odje\u0107i \u2013 oblikuje, skriva problemati\u010dna podru\u010dja i stvara osje\u0107aj udobnosti [&hellip;]<\/p>\n","protected":false},"featured_media":55538,"comment_status":"open","ping_status":"closed","template":"","meta":[],"product_brand":[],"product_cat":[136,293],"product_tag":[],"class_list":{"0":"post-48763","1":"product","2":"type-product","3":"status-publish","4":"has-post-thumbnail","6":"product_cat-zenske-sportske-tajice","7":"product_cat-zenske-tajice-duge","8":"pa_cviat-ruzicasta","9":"pa_razmer-l-hr","10":"pa_razmer-m-hr","11":"pa_razmer-s-hr-2","13":"first","14":"outofstock","15":"taxable","16":"shipping-taxable","17":"purchasable","18":"product-type-variable"},"_links":{"self":[{"href":"https:\/\/peach-pump.com\/hr\/wp-json\/wp\/v2\/product\/48763","targetHints":{"allow":["GET"]}}],"collection":[{"href":"https:\/\/peach-pump.com\/hr\/wp-json\/wp\/v2\/product"}],"about":[{"href":"https:\/\/peach-pump.com\/hr\/wp-json\/wp\/v2\/types\/product"}],"replies":[{"embeddable":true,"href":"https:\/\/peach-pump.com\/hr\/wp-json\/wp\/v2\/comments?post=48763"}],"version-history":[{"count":0,"href":"https:\/\/peach-pump.com\/hr\/wp-json\/wp\/v2\/product\/48763\/revisions"}],"wp:featuredmedia":[{"embeddable":true,"href":"https:\/\/peach-pump.com\/hr\/wp-json\/wp\/v2\/media\/55538"}],"wp:attachment":[{"href":"https:\/\/peach-pump.com\/hr\/wp-json\/wp\/v2\/media?parent=48763"}],"wp:term":[{"taxonomy":"product_brand","embeddable":true,"href":"https:\/\/peach-pump.com\/hr\/wp-json\/wp\/v2\/product_brand?post=48763"},{"taxonomy":"product_cat","embeddable":true,"href":"https:\/\/peach-pump.com\/hr\/wp-json\/wp\/v2\/product_cat?post=48763"},{"taxonomy":"product_tag","embeddable":true,"href":"https:\/\/peach-pump.com\/hr\/wp-json\/wp\/v2\/product_tag?post=48763"}],"curies":[{"name":"wp","href":"https:\/\/api.w.org\/{rel}","templated":true}]}}