{"id":48703,"date":"2023-08-04T10:14:59","date_gmt":"2023-08-04T08:14:59","guid":{"rendered":"https:\/\/peach-pump.com\/products\/nebesko-plavi-sesir-s-vizirom-peach-pump\/"},"modified":"2026-02-19T16:08:03","modified_gmt":"2026-02-19T14:08:03","slug":"nebesko-plavi-sesir-s-vizirom-peach-pump","status":"publish","type":"product","link":"https:\/\/peach-pump.com\/hr\/products\/nebesko-plavi-sesir-s-vizirom-peach-pump\/","title":{"rendered":"Nebesko plavi \u0161e\u0161ir s vizirom Peach Pump"},"content":{"rendered":"<p>Uparite svoje omiljene tajice i sportske grudnjake s nebesko plavim \u0161e\u0161irom s vizirom Peach Pump. U vru\u0107im ljetnim mjesecima bit \u0107e savr\u0161en dodatak va\u0161em izgledu, a ujedno \u0107e za\u0161tititi lice od jakog sunca. \u0160e\u0161ir ima spektakularan vezeni trodimenzionalni dizajn s bijelim logom s plavim rubom i motivacijskim natpisom: \u201cAddicted to the PUMP\u201d. \u0160e\u0161ir se pode\u0161ava metalnom kop\u010dom, a vizir je zakrivljen. Budite moderni i druga\u010diji s ovim savr\u0161enim zavr\u0161etkom svoje sportske odje\u0107e.<\/p>\n","protected":false},"excerpt":{"rendered":"<p>Uparite svoje omiljene tajice i sportske grudnjake s nebesko plavim \u0161e\u0161irom s vizirom Peach Pump. U vru\u0107im ljetnim mjesecima bit \u0107e savr\u0161en dodatak va\u0161em izgledu, a ujedno \u0107e za\u0161tititi lice od jakog sunca. \u0160e\u0161ir ima spektakularan vezeni trodimenzionalni dizajn s bijelim logom s plavim rubom i motivacijskim natpisom: \u201cAddicted to the PUMP\u201d. \u0160e\u0161ir se pode\u0161ava [&hellip;]<\/p>\n","protected":false},"featured_media":47720,"comment_status":"open","ping_status":"closed","template":"","meta":[],"product_brand":[],"product_cat":[787],"product_tag":[],"class_list":{"0":"post-48703","1":"product","2":"type-product","3":"status-publish","4":"has-post-thumbnail","6":"product_cat-pribor","7":"pa_cviat-svijetlo-plava","8":"pa_razmer-jedna-velicina","9":"inventories-world","10":"inventories-uk","12":"first","13":"instock","14":"taxable","15":"shipping-taxable","16":"purchasable","17":"product-type-variable"},"_links":{"self":[{"href":"https:\/\/peach-pump.com\/en\/wp-json\/wp\/v2\/product\/48703","targetHints":{"allow":["GET"]}}],"collection":[{"href":"https:\/\/peach-pump.com\/en\/wp-json\/wp\/v2\/product"}],"about":[{"href":"https:\/\/peach-pump.com\/en\/wp-json\/wp\/v2\/types\/product"}],"replies":[{"embeddable":true,"href":"https:\/\/peach-pump.com\/en\/wp-json\/wp\/v2\/comments?post=48703"}],"version-history":[{"count":1,"href":"https:\/\/peach-pump.com\/en\/wp-json\/wp\/v2\/product\/48703\/revisions"}],"predecessor-version":[{"id":111337,"href":"https:\/\/peach-pump.com\/en\/wp-json\/wp\/v2\/product\/48703\/revisions\/111337"}],"wp:featuredmedia":[{"embeddable":true,"href":"https:\/\/peach-pump.com\/en\/wp-json\/wp\/v2\/media\/47720"}],"wp:attachment":[{"href":"https:\/\/peach-pump.com\/en\/wp-json\/wp\/v2\/media?parent=48703"}],"wp:term":[{"taxonomy":"product_brand","embeddable":true,"href":"https:\/\/peach-pump.com\/en\/wp-json\/wp\/v2\/product_brand?post=48703"},{"taxonomy":"product_cat","embeddable":true,"href":"https:\/\/peach-pump.com\/en\/wp-json\/wp\/v2\/product_cat?post=48703"},{"taxonomy":"product_tag","embeddable":true,"href":"https:\/\/peach-pump.com\/en\/wp-json\/wp\/v2\/product_tag?post=48703"}],"curies":[{"name":"wp","href":"https:\/\/api.w.org\/{rel}","templated":true}]}}