{"id":40735,"date":"2023-05-20T22:10:31","date_gmt":"2023-05-20T20:10:31","guid":{"rendered":"https:\/\/peach-pump.com\/products\/spektakularni-sporstski-grudnjak-s-jednom-naramenicom-u-crnoj-boji\/"},"modified":"2025-07-12T13:02:39","modified_gmt":"2025-07-12T11:02:39","slug":"sportski-grudnjak-s-jednom-naramenicom-crne-boje","status":"publish","type":"product","link":"https:\/\/peach-pump.com\/hr\/products\/sportski-grudnjak-s-jednom-naramenicom-crne-boje\/","title":{"rendered":"Sportski grudnjak s jednom naramenicom u crnoj boji"},"content":{"rendered":"<p>Sportski grudnjak s jednom naramenicom u crnoj boji. Ovaj model ima jednu naramenicu od fine rips tkanine s podstavom, koja se mo\u017ee uklanjati. Tkanina sportskog grudnjaka je disajna i odvodi vlagu od tijela. Mo\u017ee se kombinirati s tajicama u istoj boji i materijalu, mo\u017eete vidjeti u rubrici &#8220;Sportski kompleti s tajicama&#8221;.  <\/p>\n<ul>\n<li>Rips tkanina<\/li>\n<li>Toplinski zape\u010da\u0107en logo &#8216;Peach Pump&#8217; na bo\u010dnoj strani sportskog grudnjaka<\/li>\n<li>Velika elasti\u010dnost<\/li>\n<li>Be\u0161avna rips tkanina<\/li>\n<li>Podstava koja se mo\u017ee ukloniti<\/li>\n<li>Jedna naramenica<\/li>\n<li>Dupla elastika na le\u0111ima<\/li>\n<\/ul>\n<p> Sastav: 80% poliester 20% elastan. Manekenka na fotografiji je visoka 178 cm, te\u0161ka 54 kg i nosi veli\u010dinu M. Sportski grudnjak se mo\u017ee prati na temperaturi do 30 stupnjeva, nemojte koristiti izbjeljiva\u010d ili kemijsko \u010di\u0161\u0107enje.<\/p>\n","protected":false},"excerpt":{"rendered":"<p>Sportski grudnjak s jednom naramenicom u crnoj boji. Ovaj model ima jednu naramenicu od fine rips tkanine s podstavom, koja se mo\u017ee uklanjati. Tkanina sportskog grudnjaka je disajna i odvodi vlagu od tijela. Mo\u017ee se kombinirati s tajicama u istoj boji i materijalu, mo\u017eete vidjeti u rubrici &#8220;Sportski kompleti s tajicama&#8221;. Rips tkanina Toplinski zape\u010da\u0107en [&hellip;]<\/p>\n","protected":false},"featured_media":39641,"comment_status":"open","ping_status":"closed","template":"","meta":[],"product_brand":[],"product_cat":[341],"product_tag":[],"class_list":{"0":"post-40735","1":"product","2":"type-product","3":"status-publish","4":"has-post-thumbnail","6":"product_cat-sportski-grudnjaci","7":"pa_cviat-crno","8":"pa_razmer-l-hr","9":"pa_razmer-m-hr","10":"pa_razmer-s-hr-2","11":"inventories-world","12":"inventories-uk","14":"first","15":"instock","16":"taxable","17":"shipping-taxable","18":"purchasable","19":"product-type-variable"},"_links":{"self":[{"href":"https:\/\/peach-pump.com\/en\/wp-json\/wp\/v2\/product\/40735","targetHints":{"allow":["GET"]}}],"collection":[{"href":"https:\/\/peach-pump.com\/en\/wp-json\/wp\/v2\/product"}],"about":[{"href":"https:\/\/peach-pump.com\/en\/wp-json\/wp\/v2\/types\/product"}],"replies":[{"embeddable":true,"href":"https:\/\/peach-pump.com\/en\/wp-json\/wp\/v2\/comments?post=40735"}],"version-history":[{"count":0,"href":"https:\/\/peach-pump.com\/en\/wp-json\/wp\/v2\/product\/40735\/revisions"}],"wp:featuredmedia":[{"embeddable":true,"href":"https:\/\/peach-pump.com\/en\/wp-json\/wp\/v2\/media\/39641"}],"wp:attachment":[{"href":"https:\/\/peach-pump.com\/en\/wp-json\/wp\/v2\/media?parent=40735"}],"wp:term":[{"taxonomy":"product_brand","embeddable":true,"href":"https:\/\/peach-pump.com\/en\/wp-json\/wp\/v2\/product_brand?post=40735"},{"taxonomy":"product_cat","embeddable":true,"href":"https:\/\/peach-pump.com\/en\/wp-json\/wp\/v2\/product_cat?post=40735"},{"taxonomy":"product_tag","embeddable":true,"href":"https:\/\/peach-pump.com\/en\/wp-json\/wp\/v2\/product_tag?post=40735"}],"curies":[{"name":"wp","href":"https:\/\/api.w.org\/{rel}","templated":true}]}}