{"id":34947,"date":"2022-06-29T15:21:25","date_gmt":"2022-06-29T15:21:25","guid":{"rendered":"https:\/\/peach-pump.com\/products\/besavne-sportske-tajice-u-preljevno-plavim-bojama\/"},"modified":"2025-11-09T15:53:12","modified_gmt":"2025-11-09T13:53:12","slug":"besavne-sportske-tajice-preljevajuce-plave","status":"publish","type":"product","link":"https:\/\/peach-pump.com\/hr\/products\/besavne-sportske-tajice-preljevajuce-plave\/","title":{"rendered":"Be\u0161avne sportske tajice u preljevno plavim bojama"},"content":{"rendered":"<p>\u017denske be\u0161avne sportske tajice u prelijevaju\u0107im plavim bojama. Klin je stvoren od be\u0161avne tkanine, laserski razrije\u0111enih elemenata koji ne dopu\u0161taju znojenje tijekom vje\u017ebanja ili tr\u010danja. Tajice imaju prekrasan Peach Pump efekt, a boje imaju LAGANO preljevanje, model ima visok struk i uski pojas koji ste\u017ee i oblikuje. Prilikom odabira veli\u010dine imajte na umu da su tajice od u\u017eeg materijala, na\u0161 model nosi M veli\u010dinu.<\/p>\n<ul>\n<li>Visok struk<\/li>\n<li>Tkanina bez \u0161avova<\/li>\n<li>Podi\u017ee i oblikuje<\/li>\n<li>Rips pojas koji omotava ki\u010dmu.<\/li>\n<li>Peachy efekt<\/li>\n<li>Bez \u0161avova sprijeda<\/li>\n<li>Toplinski zape\u010da\u0107eni logo Peach Pump na stra\u017enjoj strani tajice<\/li>\n<li>Tehnologija za odvo\u0111enje znoja<\/li>\n<\/ul>\n<p>Sastav: 80% poliester 20% elastan<\/p>\n<p>Tajice se mogu prati na temperaturi do 30 stupnjeva, nemojte koristiti izbjeljiva\u010d \u200b\u200bniti kemijsko \u010di\u0161\u0107enje.<\/p>\n<p>Manekenka na slici je visoka 178 cm, te\u0161ka 54 kg i nosi veli\u010dinu M (TAJICE SU U\u017dE TKANINE).<\/p>\n<p>Koristite tablice za odabir to\u010dne veli\u010dine.<\/p>\n","protected":false},"excerpt":{"rendered":"<p>\u017denske be\u0161avne sportske tajice u prelijevaju\u0107im plavim bojama. Klin je stvoren od be\u0161avne tkanine, laserski razrije\u0111enih elemenata koji ne dopu\u0161taju znojenje tijekom vje\u017ebanja ili tr\u010danja. Tajice imaju prekrasan Peach Pump efekt, a boje imaju LAGANO preljevanje, model ima visok struk i uski pojas koji ste\u017ee i oblikuje. Prilikom odabira veli\u010dine imajte na umu da su [&hellip;]<\/p>\n","protected":false},"featured_media":17824,"comment_status":"open","ping_status":"closed","template":"","meta":[],"product_brand":[],"product_cat":[136,293],"product_tag":[],"class_list":{"0":"post-34947","1":"product","2":"type-product","3":"status-publish","4":"has-post-thumbnail","6":"product_cat-zenske-sportske-tajice","7":"product_cat-zenske-tajice-duge","8":"pa_cviat-plava","9":"pa_razmer-l-hr","10":"pa_razmer-m-hr","11":"pa_razmer-s-hr-2","12":"inventories-world","13":"inventories-uk","15":"first","16":"instock","17":"sale","18":"taxable","19":"shipping-taxable","20":"purchasable","21":"product-type-variable"},"_links":{"self":[{"href":"https:\/\/peach-pump.com\/hr\/wp-json\/wp\/v2\/product\/34947","targetHints":{"allow":["GET"]}}],"collection":[{"href":"https:\/\/peach-pump.com\/hr\/wp-json\/wp\/v2\/product"}],"about":[{"href":"https:\/\/peach-pump.com\/hr\/wp-json\/wp\/v2\/types\/product"}],"replies":[{"embeddable":true,"href":"https:\/\/peach-pump.com\/hr\/wp-json\/wp\/v2\/comments?post=34947"}],"version-history":[{"count":0,"href":"https:\/\/peach-pump.com\/hr\/wp-json\/wp\/v2\/product\/34947\/revisions"}],"wp:featuredmedia":[{"embeddable":true,"href":"https:\/\/peach-pump.com\/hr\/wp-json\/wp\/v2\/media\/17824"}],"wp:attachment":[{"href":"https:\/\/peach-pump.com\/hr\/wp-json\/wp\/v2\/media?parent=34947"}],"wp:term":[{"taxonomy":"product_brand","embeddable":true,"href":"https:\/\/peach-pump.com\/hr\/wp-json\/wp\/v2\/product_brand?post=34947"},{"taxonomy":"product_cat","embeddable":true,"href":"https:\/\/peach-pump.com\/hr\/wp-json\/wp\/v2\/product_cat?post=34947"},{"taxonomy":"product_tag","embeddable":true,"href":"https:\/\/peach-pump.com\/hr\/wp-json\/wp\/v2\/product_tag?post=34947"}],"curies":[{"name":"wp","href":"https:\/\/api.w.org\/{rel}","templated":true}]}}