{"id":34940,"date":"2022-06-29T15:05:42","date_gmt":"2022-06-29T13:05:42","guid":{"rendered":"https:\/\/peach-pump.com\/products\/preljevajuce-narancasto-zute-tajice-za-sport-s-efektom-oblikovanja\/"},"modified":"2025-07-14T15:47:54","modified_gmt":"2025-07-14T13:47:54","slug":"prelijevajuce-narancaste-zute-tajice-za-sport","status":"publish","type":"product","link":"https:\/\/peach-pump.com\/hr\/products\/prelijevajuce-narancaste-zute-tajice-za-sport\/","title":{"rendered":"Preljevaju\u0107e naran\u010dasto-\u017eute tajice za sport s efektom oblikovanja"},"content":{"rendered":"<p>\u017denske tajice za sport u preljevnim naran\u010dasto\/\u017eutim bojama zalaska sunca. Tajice su izra\u0111ene od be\u0161avne tkanine, laserski istanjenih elemenata koji ne dopu\u0161taju znojenje tijekom vje\u017ebanja ili tr\u010danja. Tajice imaju prekrasan Peach Pump efekt, a boje imaju lagano preljevanje, model je visokog struka i uskog pojasa koji se ste\u017ee i oblikuje. Prilikom odabira veli\u010dine imajte na umu da su tajice od u\u017eeg materijala, na\u0161 model nosi M veli\u010dinu.<\/p>\n<ul>\n<li>Visok struk<\/li>\n<li>Tkanina bez \u0161avova<\/li>\n<li>Podi\u017ee i oblikuje<\/li>\n<li>Rips pojas koji omotava ki\u010dmu.<\/li>\n<li>Peachy efekt<\/li>\n<li>Bez \u0161avova sprijeda<\/li>\n<li>Toplinski zape\u010da\u0107eni logo Peach Pump na stra\u017enjoj strani tajice<\/li>\n<li>Tehnologija za odvo\u0111enje znoja<\/li>\n<\/ul>\n<p>Sastav: 80% poliester 20% elastan<\/p>\n<p>Proizvod se mo\u017ee prati na temperaturi do 30 stupnjeva, molimo nemojte koristiti izbjeljiva\u010d niti kemijsko \u010di\u0161\u0107enje.<\/p>\n<p>Manekenka na slici je visoka 178 cm, te\u0161ka 54 kg i nosi veli\u010dinu M (TAJICE SU U\u017dE TKANINE).<\/p>\n<p>Koristite tablice za odabir to\u010dne veli\u010dine.<\/p>\n<p>&nbsp;<\/p>\n","protected":false},"excerpt":{"rendered":"<p>\u017denske tajice za sport u preljevnim naran\u010dasto\/\u017eutim bojama zalaska sunca. Tajice su izra\u0111ene od be\u0161avne tkanine, laserski istanjenih elemenata koji ne dopu\u0161taju znojenje tijekom vje\u017ebanja ili tr\u010danja. Tajice imaju prekrasan Peach Pump efekt, a boje imaju lagano preljevanje, model je visokog struka i uskog pojasa koji se ste\u017ee i oblikuje. Prilikom odabira veli\u010dine imajte na [&hellip;]<\/p>\n","protected":false},"featured_media":17814,"comment_status":"open","ping_status":"closed","template":"","meta":[],"product_brand":[],"product_cat":[136,293],"product_tag":[],"class_list":{"0":"post-34940","1":"product","2":"type-product","3":"status-publish","4":"has-post-thumbnail","6":"product_cat-zenske-sportske-tajice","7":"product_cat-zenske-tajice-duge","8":"pa_cviat-naranca","9":"pa_razmer-l-hr","10":"pa_razmer-m-hr","11":"pa_razmer-s-hr-2","12":"inventories-world","13":"inventories-uk","15":"first","16":"instock","17":"sale","18":"taxable","19":"shipping-taxable","20":"purchasable","21":"product-type-variable"},"_links":{"self":[{"href":"https:\/\/peach-pump.com\/en\/wp-json\/wp\/v2\/product\/34940","targetHints":{"allow":["GET"]}}],"collection":[{"href":"https:\/\/peach-pump.com\/en\/wp-json\/wp\/v2\/product"}],"about":[{"href":"https:\/\/peach-pump.com\/en\/wp-json\/wp\/v2\/types\/product"}],"replies":[{"embeddable":true,"href":"https:\/\/peach-pump.com\/en\/wp-json\/wp\/v2\/comments?post=34940"}],"version-history":[{"count":1,"href":"https:\/\/peach-pump.com\/en\/wp-json\/wp\/v2\/product\/34940\/revisions"}],"predecessor-version":[{"id":103815,"href":"https:\/\/peach-pump.com\/en\/wp-json\/wp\/v2\/product\/34940\/revisions\/103815"}],"wp:featuredmedia":[{"embeddable":true,"href":"https:\/\/peach-pump.com\/en\/wp-json\/wp\/v2\/media\/17814"}],"wp:attachment":[{"href":"https:\/\/peach-pump.com\/en\/wp-json\/wp\/v2\/media?parent=34940"}],"wp:term":[{"taxonomy":"product_brand","embeddable":true,"href":"https:\/\/peach-pump.com\/en\/wp-json\/wp\/v2\/product_brand?post=34940"},{"taxonomy":"product_cat","embeddable":true,"href":"https:\/\/peach-pump.com\/en\/wp-json\/wp\/v2\/product_cat?post=34940"},{"taxonomy":"product_tag","embeddable":true,"href":"https:\/\/peach-pump.com\/en\/wp-json\/wp\/v2\/product_tag?post=34940"}],"curies":[{"name":"wp","href":"https:\/\/api.w.org\/{rel}","templated":true}]}}