{"id":34925,"date":"2022-06-30T19:11:04","date_gmt":"2022-06-30T17:11:04","guid":{"rendered":"https:\/\/peach-pump.com\/products\/zenske-besavne-tajice-visokog-struka-sarene-boje\/"},"modified":"2025-01-31T08:17:52","modified_gmt":"2025-01-31T06:17:52","slug":"besavne-zenske-tajice-visokog-struka-sarene","status":"publish","type":"product","link":"https:\/\/peach-pump.com\/hr\/products\/besavne-zenske-tajice-visokog-struka-sarene\/","title":{"rendered":"\u017denske be\u0161avne tajice visokog struka \u0161arene boje"},"content":{"rendered":"<p>Spektakularne be\u0161avne \u017eenske tajice u \u0161arolikim pastelnim bojama. Model je izra\u0111en od vrlo elasti\u010dne, disajne tkanine koja odvodi znoj od tijela ne ostavljaju\u0107i mrlje. Tajice visokog struka, \u0161iroki pojas i na\u0161 tako omiljeni Peach efekt. Ovo je na\u0161 model u koji \u0107ete se zaljubiti, dostupan u nekoliko prekrasnih boja.<\/p>\n<ul>\n<li>Visok struk<\/li>\n<li>Tkanina bez \u0161avova<\/li>\n<li>Podi\u017ee, oblikuje, prikriva problemati\u010dna podru\u010dja<\/li>\n<li>Peachy efekt<\/li>\n<li>Bez \u0161avova sprijeda<\/li>\n<li>Toplinski zape\u010da\u0107eni logo Peach Pump na stra\u017enjoj strani tajice<\/li>\n<li>Materijal za odvo\u0111enje znoja<\/li>\n<\/ul>\n<p>Sastav: 80% poliester 20% elastan<\/p>\n<p>Proizvod se mo\u017ee prati na temperaturi do 30 stupnjeva, molimo nemojte koristiti izbjeljiva\u010d niti kemijsko \u010di\u0161\u0107enje.<\/p>\n<p>Manekenka na fotografiji visoka je 178 cm, te\u0161ka 54 kg i nosi veli\u010dinu M.<\/p>\n<p>Koristite tablice za odabir to\u010dne veli\u010dine.<\/p>\n","protected":false},"excerpt":{"rendered":"<p>Spektakularne be\u0161avne \u017eenske tajice u \u0161arolikim pastelnim bojama. Model je izra\u0111en od vrlo elasti\u010dne, disajne tkanine koja odvodi znoj od tijela ne ostavljaju\u0107i mrlje. Tajice visokog struka, \u0161iroki pojas i na\u0161 tako omiljeni Peach efekt. Ovo je na\u0161 model u koji \u0107ete se zaljubiti, dostupan u nekoliko prekrasnih boja. Visok struk Tkanina bez \u0161avova Podi\u017ee, [&hellip;]<\/p>\n","protected":false},"featured_media":20476,"comment_status":"open","ping_status":"closed","template":"","meta":[],"product_brand":[],"product_cat":[136,293],"product_tag":[],"class_list":{"0":"post-34925","1":"product","2":"type-product","3":"status-publish","4":"has-post-thumbnail","6":"product_cat-zenske-sportske-tajice","7":"product_cat-zenske-tajice-duge","8":"pa_cviat-plava-ruzicasta-ljubicasta","9":"pa_razmer-l-hr","10":"pa_razmer-m-hr","11":"pa_razmer-s-hr-2","13":"first","14":"outofstock","15":"taxable","16":"shipping-taxable","17":"purchasable","18":"product-type-variable","19":"has-default-attributes"},"_links":{"self":[{"href":"https:\/\/peach-pump.com\/en\/wp-json\/wp\/v2\/product\/34925","targetHints":{"allow":["GET"]}}],"collection":[{"href":"https:\/\/peach-pump.com\/en\/wp-json\/wp\/v2\/product"}],"about":[{"href":"https:\/\/peach-pump.com\/en\/wp-json\/wp\/v2\/types\/product"}],"replies":[{"embeddable":true,"href":"https:\/\/peach-pump.com\/en\/wp-json\/wp\/v2\/comments?post=34925"}],"version-history":[{"count":0,"href":"https:\/\/peach-pump.com\/en\/wp-json\/wp\/v2\/product\/34925\/revisions"}],"wp:featuredmedia":[{"embeddable":true,"href":"https:\/\/peach-pump.com\/en\/wp-json\/wp\/v2\/media\/20476"}],"wp:attachment":[{"href":"https:\/\/peach-pump.com\/en\/wp-json\/wp\/v2\/media?parent=34925"}],"wp:term":[{"taxonomy":"product_brand","embeddable":true,"href":"https:\/\/peach-pump.com\/en\/wp-json\/wp\/v2\/product_brand?post=34925"},{"taxonomy":"product_cat","embeddable":true,"href":"https:\/\/peach-pump.com\/en\/wp-json\/wp\/v2\/product_cat?post=34925"},{"taxonomy":"product_tag","embeddable":true,"href":"https:\/\/peach-pump.com\/en\/wp-json\/wp\/v2\/product_tag?post=34925"}],"curies":[{"name":"wp","href":"https:\/\/api.w.org\/{rel}","templated":true}]}}