{"id":34755,"date":"2022-09-25T10:55:00","date_gmt":"2022-09-25T10:55:00","guid":{"rendered":"https:\/\/peach-pump.com\/products\/besavni-sportski-grudnjak-u-mint-boji-s-ugradenom-podstavom\/"},"modified":"2026-02-21T23:29:04","modified_gmt":"2026-02-21T21:29:04","slug":"sportski-grudnjak-mint-podstava","status":"publish","type":"product","link":"https:\/\/peach-pump.com\/hr\/products\/sportski-grudnjak-mint-podstava\/","title":{"rendered":"Be\u0161avni sportski grudnjak u mint boji s ugra\u0111enom podstavom"},"content":{"rendered":"<p>Be\u0161avni sportski grudnjak s ugra\u0111enom podstasvom koja se ne mo\u017ee ukloniti. Model je izra\u0111en od laganog, visoko elasti\u010dnog, prozra\u010dnog materijala koji ne izaziva znojenje. Ovaj sportski grudnjak mo\u017eete nositi i ispod odje\u0107e, dizajn mu je nenametljiv, a osje\u0107at \u0107ete potpunu udobnost i slobodu kretanja. Veli\u010dina je univerzalna, ima kop\u010danje u 4 razine i \u0161iroku elasti\u010dnu traku. Model je dostupan u razli\u010ditim bojama, mo\u017eete ga kombinirati s tajicama iste boje. Pogledajte u rubriku &#8211; &#8220;Sportski kompleti&#8221;. <\/p>\n<ul>\n<li> Ugra\u0111ena podstava<\/li>\n<li> Push-up efekt<\/li>\n<li> Duboko izrezan stra\u017enji dio.<\/li>\n<li> Velika elasti\u010dnost<\/li>\n<li> \u010cetverorazinsko kop\u010danje<\/li>\n<li> Toplinski zape\u010da\u0107eni logo Peach Pump na bo\u010dnoj strani grudnjaka<\/li>\n<li> Tehnologija za odvo\u0111enje znoja<\/li>\n<\/ul>\n<p> Sastav: 80% poliester 20% elastan. Grudnjak se mo\u017ee prati na temperaturi do 30 stupnjeva, molimo nemojte koristiti izbjeljiva\u010d niti kemijsko \u010di\u0161\u0107enje. Manekenka na fotografiji je visoka 178 cm, te\u0161ka 54 kg i nosi veli\u010dinu M.<br \/>Koristite tablice za odabir to\u010dne veli\u010dine. &nbsp;<\/p>\n","protected":false},"excerpt":{"rendered":"<p>Be\u0161avni sportski grudnjak s ugra\u0111enom podstasvom koja se ne mo\u017ee ukloniti. Model je izra\u0111en od laganog, visoko elasti\u010dnog, prozra\u010dnog materijala koji ne izaziva znojenje. Ovaj sportski grudnjak mo\u017eete nositi i ispod odje\u0107e, dizajn mu je nenametljiv, a osje\u0107at \u0107ete potpunu udobnost i slobodu kretanja. Veli\u010dina je univerzalna, ima kop\u010danje u 4 razine i \u0161iroku elasti\u010dnu [&hellip;]<\/p>\n","protected":false},"featured_media":20639,"comment_status":"open","ping_status":"closed","template":"","meta":[],"product_brand":[],"product_cat":[341],"product_tag":[],"class_list":{"0":"post-34755","1":"product","2":"type-product","3":"status-publish","4":"has-post-thumbnail","6":"product_cat-sportski-grudnjaci","7":"pa_cviat-zelena","8":"pa_razmer-l-hr","9":"pa_razmer-m-hr","10":"pa_razmer-s-hr-2","11":"inventories-world","12":"inventories-uk","14":"first","15":"instock","16":"sale","17":"taxable","18":"shipping-taxable","19":"purchasable","20":"product-type-variable"},"_links":{"self":[{"href":"https:\/\/peach-pump.com\/hr\/wp-json\/wp\/v2\/product\/34755","targetHints":{"allow":["GET"]}}],"collection":[{"href":"https:\/\/peach-pump.com\/hr\/wp-json\/wp\/v2\/product"}],"about":[{"href":"https:\/\/peach-pump.com\/hr\/wp-json\/wp\/v2\/types\/product"}],"replies":[{"embeddable":true,"href":"https:\/\/peach-pump.com\/hr\/wp-json\/wp\/v2\/comments?post=34755"}],"version-history":[{"count":0,"href":"https:\/\/peach-pump.com\/hr\/wp-json\/wp\/v2\/product\/34755\/revisions"}],"wp:featuredmedia":[{"embeddable":true,"href":"https:\/\/peach-pump.com\/hr\/wp-json\/wp\/v2\/media\/20639"}],"wp:attachment":[{"href":"https:\/\/peach-pump.com\/hr\/wp-json\/wp\/v2\/media?parent=34755"}],"wp:term":[{"taxonomy":"product_brand","embeddable":true,"href":"https:\/\/peach-pump.com\/hr\/wp-json\/wp\/v2\/product_brand?post=34755"},{"taxonomy":"product_cat","embeddable":true,"href":"https:\/\/peach-pump.com\/hr\/wp-json\/wp\/v2\/product_cat?post=34755"},{"taxonomy":"product_tag","embeddable":true,"href":"https:\/\/peach-pump.com\/hr\/wp-json\/wp\/v2\/product_tag?post=34755"}],"curies":[{"name":"wp","href":"https:\/\/api.w.org\/{rel}","templated":true}]}}