{"id":34751,"date":"2022-09-25T11:03:28","date_gmt":"2022-09-25T11:03:28","guid":{"rendered":"https:\/\/peach-pump.com\/products\/besavni-sportski-grudnjak-tamnoplave-boje-s-ugradenom-podstavom\/"},"modified":"2026-04-04T23:01:39","modified_gmt":"2026-04-04T21:01:39","slug":"besavni-sportski-grudnjak-tamno-plavi","status":"publish","type":"product","link":"https:\/\/peach-pump.com\/hr\/products\/besavni-sportski-grudnjak-tamno-plavi\/","title":{"rendered":"Be\u0161avni sportski grudnjak tamnoplave boje s ugra\u0111enom podstavom"},"content":{"rendered":"<p>Be\u0161avni sportski grudnjak tamnoplave boje s ugra\u0111enom podstavom koja se ne mo\u017ee ukloniti. Model je izra\u0111en od mekane, visoko elasti\u010dne, disajne tkanine koja odvodi znoj od tijela. Sportski grudnjak se mo\u017ee nositi ispod odje\u0107e jer je njegov dizajn neprimjetan, a osje\u0107at \u0107ete potpunu udobnost i slobodu kretanja. Veli\u010dina je univerzalna, ima kop\u010danje u 4 razine i \u0161iroku elasti\u010dnu gumicu. Model je dostupan u razli\u010ditim bojama, mo\u017eete ga kombinirati s tajicama iste ili druge boje. Pogledajte u rubriku &#8211; &#8220;Sportski kompleti&#8221;. <\/p>\n<ul>\n<li> Ugra\u0111ena podstava<\/li>\n<li> Push-up efekt<\/li>\n<li> Duboko izrezan stra\u017enji dio.<\/li>\n<li> Velika elasti\u010dnost<\/li>\n<li> \u010cetverorazinsko kop\u010danje<\/li>\n<li> Toplinski zape\u010da\u0107eni logo Peach Pump na bo\u010dnoj strani grudnjaka<\/li>\n<li> Tehnologija za odvo\u0111enje znoja<\/li>\n<\/ul>\n<p>  Sastav: 80% poliester 20% elastan Grudnjak se pere na temperaturi do 30 stupnjeva, nemojte koristiti izbjeljiva\u010d ili kemijsko \u010di\u0161\u0107enje. Model na fotografiji je visok 178 cm, te\u017eak 54 kg i nosi veli\u010dinu M. Molimo koristite tablicu veli\u010dina za odabir to\u010dne veli\u010dine. <\/p>\n","protected":false},"excerpt":{"rendered":"<p>Be\u0161avni sportski grudnjak tamnoplave boje s ugra\u0111enom podstavom koja se ne mo\u017ee ukloniti. Model je izra\u0111en od mekane, visoko elasti\u010dne, disajne tkanine koja odvodi znoj od tijela. Sportski grudnjak se mo\u017ee nositi ispod odje\u0107e jer je njegov dizajn neprimjetan, a osje\u0107at \u0107ete potpunu udobnost i slobodu kretanja. Veli\u010dina je univerzalna, ima kop\u010danje u 4 razine [&hellip;]<\/p>\n","protected":false},"featured_media":20654,"comment_status":"open","ping_status":"closed","template":"","meta":[],"product_brand":[],"product_cat":[341],"product_tag":[],"class_list":{"0":"post-34751","1":"product","2":"type-product","3":"status-publish","4":"has-post-thumbnail","6":"product_cat-sportski-grudnjaci","7":"pa_razmer-l-hr","8":"pa_razmer-m-hr","9":"pa_razmer-s-hr-2","10":"inventories-world","11":"inventories-pl","12":"inventories-uk","14":"first","15":"instock","16":"taxable","17":"shipping-taxable","18":"purchasable","19":"product-type-variable"},"_links":{"self":[{"href":"https:\/\/peach-pump.com\/hr\/wp-json\/wp\/v2\/product\/34751","targetHints":{"allow":["GET"]}}],"collection":[{"href":"https:\/\/peach-pump.com\/hr\/wp-json\/wp\/v2\/product"}],"about":[{"href":"https:\/\/peach-pump.com\/hr\/wp-json\/wp\/v2\/types\/product"}],"replies":[{"embeddable":true,"href":"https:\/\/peach-pump.com\/hr\/wp-json\/wp\/v2\/comments?post=34751"}],"version-history":[{"count":0,"href":"https:\/\/peach-pump.com\/hr\/wp-json\/wp\/v2\/product\/34751\/revisions"}],"wp:featuredmedia":[{"embeddable":true,"href":"https:\/\/peach-pump.com\/hr\/wp-json\/wp\/v2\/media\/20654"}],"wp:attachment":[{"href":"https:\/\/peach-pump.com\/hr\/wp-json\/wp\/v2\/media?parent=34751"}],"wp:term":[{"taxonomy":"product_brand","embeddable":true,"href":"https:\/\/peach-pump.com\/hr\/wp-json\/wp\/v2\/product_brand?post=34751"},{"taxonomy":"product_cat","embeddable":true,"href":"https:\/\/peach-pump.com\/hr\/wp-json\/wp\/v2\/product_cat?post=34751"},{"taxonomy":"product_tag","embeddable":true,"href":"https:\/\/peach-pump.com\/hr\/wp-json\/wp\/v2\/product_tag?post=34751"}],"curies":[{"name":"wp","href":"https:\/\/api.w.org\/{rel}","templated":true}]}}