{"id":34722,"date":"2022-09-27T10:58:35","date_gmt":"2022-09-27T10:58:35","guid":{"rendered":"https:\/\/peach-pump.com\/products\/sportska-bluza-dugih-rukava-kava-boje\/"},"modified":"2026-03-25T23:25:16","modified_gmt":"2026-03-25T21:25:16","slug":"sportska-bluza-s-dugim-rukavima-kava","status":"publish","type":"product","link":"https:\/\/peach-pump.com\/hr\/products\/sportska-bluza-s-dugim-rukavima-kava\/","title":{"rendered":"Sportska bluza dugih rukava kava boje"},"content":{"rendered":"<p>\u017denska sportska bluza dugih rukava od \u010dvrstog materijala sme\u0111e boje &#8220;Kava&#8221;. Ovaj tako zanimljiv model ima rips materijal, lijepo pristaje uz tijelo i ima izrezani dekolte. Mo\u017ee se kombinirati s tajicama u istoj boji ili s tajicama neke druge \u010di\u0161tije boje. Bluza je primjerena za hladnije jesensko\/zimsko vrijeme, zaljubit \u0107ete se u meko\u0107u i na\u010din na koji miluje va\u0161e tijelo.  <\/p>\n<ul>\n<li>Rips tkanina<\/li>\n<li>Toplinski zape\u010da\u0107eno &#8216;Peach Pump&#8217; na ramenu<\/li>\n<li>Velika elasti\u010dnost<\/li>\n<li>Zanimljiv dizajn<\/li>\n<\/ul>\n<p>  Sastav: 80% poliester 20% elastan Tajice se peru na temperaturi do 30 stupnjeva, nemojte koristiti izbjeljiva\u010d niti kemijsko \u010di\u0161\u0107enje. Model na fotografiji je visok 178 cm, te\u017eak 54 kg i nosi veli\u010dinu M. Za odabir odgovaraju\u0107e veli\u010dine koristite tablicu veli\u010dina.<\/p>\n","protected":false},"excerpt":{"rendered":"<p>\u017denska sportska bluza dugih rukava od \u010dvrstog materijala sme\u0111e boje &#8220;Kava&#8221;. Ovaj tako zanimljiv model ima rips materijal, lijepo pristaje uz tijelo i ima izrezani dekolte. Mo\u017ee se kombinirati s tajicama u istoj boji ili s tajicama neke druge \u010di\u0161tije boje. Bluza je primjerena za hladnije jesensko\/zimsko vrijeme, zaljubit \u0107ete se u meko\u0107u i na\u010din [&hellip;]<\/p>\n","protected":false},"featured_media":21056,"comment_status":"open","ping_status":"closed","template":"","meta":[],"product_brand":[],"product_cat":[340],"product_tag":[],"class_list":{"0":"post-34722","1":"product","2":"type-product","3":"status-publish","4":"has-post-thumbnail","6":"product_cat-zenske-bluze-sportske","7":"pa_cviat-smede","8":"pa_razmer-l-hr","9":"pa_razmer-m-hr","10":"pa_razmer-s-hr-2","11":"inventories-world","12":"inventories-uk","14":"first","15":"instock","16":"sale","17":"taxable","18":"shipping-taxable","19":"purchasable","20":"product-type-variable"},"_links":{"self":[{"href":"https:\/\/peach-pump.com\/hr\/wp-json\/wp\/v2\/product\/34722","targetHints":{"allow":["GET"]}}],"collection":[{"href":"https:\/\/peach-pump.com\/hr\/wp-json\/wp\/v2\/product"}],"about":[{"href":"https:\/\/peach-pump.com\/hr\/wp-json\/wp\/v2\/types\/product"}],"replies":[{"embeddable":true,"href":"https:\/\/peach-pump.com\/hr\/wp-json\/wp\/v2\/comments?post=34722"}],"version-history":[{"count":0,"href":"https:\/\/peach-pump.com\/hr\/wp-json\/wp\/v2\/product\/34722\/revisions"}],"wp:featuredmedia":[{"embeddable":true,"href":"https:\/\/peach-pump.com\/hr\/wp-json\/wp\/v2\/media\/21056"}],"wp:attachment":[{"href":"https:\/\/peach-pump.com\/hr\/wp-json\/wp\/v2\/media?parent=34722"}],"wp:term":[{"taxonomy":"product_brand","embeddable":true,"href":"https:\/\/peach-pump.com\/hr\/wp-json\/wp\/v2\/product_brand?post=34722"},{"taxonomy":"product_cat","embeddable":true,"href":"https:\/\/peach-pump.com\/hr\/wp-json\/wp\/v2\/product_cat?post=34722"},{"taxonomy":"product_tag","embeddable":true,"href":"https:\/\/peach-pump.com\/hr\/wp-json\/wp\/v2\/product_tag?post=34722"}],"curies":[{"name":"wp","href":"https:\/\/api.w.org\/{rel}","templated":true}]}}