{"id":34637,"date":"2022-12-17T11:24:43","date_gmt":"2022-12-17T09:24:43","guid":{"rendered":"https:\/\/peach-pump.com\/products\/sportski-grudnjak-s-podstavom-u-svijetlozutoj-boji\/"},"modified":"2025-04-29T13:08:40","modified_gmt":"2025-04-29T11:08:40","slug":"sportski-grudnjak-s-podstavom-svijetlo-zuti","status":"publish","type":"product","link":"https:\/\/peach-pump.com\/hr\/products\/sportski-grudnjak-s-podstavom-svijetlo-zuti\/","title":{"rendered":"Sportski grudnjak s podstavom u svijetlo\u017eutoj boji"},"content":{"rendered":"<p>Sportski grudnjak s podstavom u svijetlo \u017eutojboji &#8211; banana. Model ima jastu\u010di\u0107e koji se skidaju i ima jednu naramenicu koja prolazi kroz vrat. Sprijeda dekolte je okruglog izreza. Materijal od kojeg je izra\u0111en grudnjak je vrlo elasti\u010dan, disajni i ne izaziva znojenje. Mo\u017ee se kombinirati s razli\u010ditim modelima tajica ili u kombinaciji s istim modelom tajica &#8211; pogledajte u rubrici &#8220;Sportske ekipe&#8221;.  <\/p>\n<ul>\n<li> Podstave koje se mogu ukloniti<\/li>\n<li> Push-up efekt<\/li>\n<li> Duboko izrezan stra\u017enji dio.<\/li>\n<li> Velika elasti\u010dnost<\/li>\n<li> Toplinski zape\u010da\u0107eni logo Peach Pump na bo\u010dnoj strani grudnjaka<\/li>\n<li> Tehnologija za odvo\u0111enje znoja<\/li>\n<\/ul>\n<p> Sastav: 80% poliester 20% elastan. Grudnjak se mo\u017ee prati na temperaturi do 30 stupnjeva, molimo nemojte koristiti izbjeljiva\u010d niti kemijsko \u010di\u0161\u0107enje. Model na fotografiji je visok 178 cm, te\u017eak 54 kg i nosi veli\u010dinu S. Molimo koristite tablicu veli\u010dina za odabir to\u010dne veli\u010dine.  &nbsp;<\/p>\n","protected":false},"excerpt":{"rendered":"<p>Sportski grudnjak s podstavom u svijetlo \u017eutojboji &#8211; banana. Model ima jastu\u010di\u0107e koji se skidaju i ima jednu naramenicu koja prolazi kroz vrat. Sprijeda dekolte je okruglog izreza. Materijal od kojeg je izra\u0111en grudnjak je vrlo elasti\u010dan, disajni i ne izaziva znojenje. Mo\u017ee se kombinirati s razli\u010ditim modelima tajica ili u kombinaciji s istim modelom [&hellip;]<\/p>\n","protected":false},"featured_media":25376,"comment_status":"open","ping_status":"closed","template":"","meta":[],"product_brand":[],"product_cat":[341],"product_tag":[],"class_list":{"0":"post-34637","1":"product","2":"type-product","3":"status-publish","4":"has-post-thumbnail","6":"product_cat-sportski-grudnjaci","7":"pa_cviat-zute","8":"pa_razmer-l-hr","9":"pa_razmer-m-hr","10":"pa_razmer-s-hr-2","11":"inventories-world","12":"inventories-uk","14":"first","15":"instock","16":"taxable","17":"shipping-taxable","18":"purchasable","19":"product-type-variable"},"_links":{"self":[{"href":"https:\/\/peach-pump.com\/hr\/wp-json\/wp\/v2\/product\/34637","targetHints":{"allow":["GET"]}}],"collection":[{"href":"https:\/\/peach-pump.com\/hr\/wp-json\/wp\/v2\/product"}],"about":[{"href":"https:\/\/peach-pump.com\/hr\/wp-json\/wp\/v2\/types\/product"}],"replies":[{"embeddable":true,"href":"https:\/\/peach-pump.com\/hr\/wp-json\/wp\/v2\/comments?post=34637"}],"version-history":[{"count":0,"href":"https:\/\/peach-pump.com\/hr\/wp-json\/wp\/v2\/product\/34637\/revisions"}],"wp:featuredmedia":[{"embeddable":true,"href":"https:\/\/peach-pump.com\/hr\/wp-json\/wp\/v2\/media\/25376"}],"wp:attachment":[{"href":"https:\/\/peach-pump.com\/hr\/wp-json\/wp\/v2\/media?parent=34637"}],"wp:term":[{"taxonomy":"product_brand","embeddable":true,"href":"https:\/\/peach-pump.com\/hr\/wp-json\/wp\/v2\/product_brand?post=34637"},{"taxonomy":"product_cat","embeddable":true,"href":"https:\/\/peach-pump.com\/hr\/wp-json\/wp\/v2\/product_cat?post=34637"},{"taxonomy":"product_tag","embeddable":true,"href":"https:\/\/peach-pump.com\/hr\/wp-json\/wp\/v2\/product_tag?post=34637"}],"curies":[{"name":"wp","href":"https:\/\/api.w.org\/{rel}","templated":true}]}}